{"id":586452,"date":"2025-03-04T22:08:34","date_gmt":"2025-03-04T21:08:34","guid":{"rendered":"https:\/\/shop.kustom.ch\/?post_type=product&#038;p=586452"},"modified":"2026-03-31T08:48:19","modified_gmt":"2026-03-31T07:48:19","slug":"110-l-reisetasche","status":"publish","type":"product","link":"https:\/\/shop.kustom.ch\/en\/product\/110-l-reisetasche\/","title":{"rendered":"110 L travelling bag"},"content":{"rendered":"<p>Large, spacious 110-litre bag with wheels and a solid base. The bag is made of TPU-coated polyester fabric, which makes it durable and water-repellent. Integrated telescopic handle for easy handling.<\/p>\n<p>DETAILS: Space for decoration on the shoulder strap, 3\u00d720 cm. Identity card pocket. Bl\u00e5kl\u00e4der print. Shoulder strap. MAIN FEATURES: Unisex. DIMENSIONS: 68x37x37 cm. SYMBOLS: Water repellent 2. WASHING INSTRUCTIONS: Do not spin dry<\/p>","protected":false},"excerpt":{"rendered":"<p>Grosse, ger\u00e4umige 110-Liter-Tasche mit R\u00e4dern und einem festen Boden. Die Tasche ist aus TPU-beschichtetem Polyestergewebe gefertigt, das sie haltbar und wasserabweisend macht. Integrierter Teleskopgriff f\u00fcr eine einfache Handhabung. DETAILS: Platz f\u00fcr Veredelung am Schulterriemen, 3&#215;20 cm. Ausweistasche. Bl\u00e5kl\u00e4der-Aufdruck. Schulterriemen. HAUPTEIGENSCHAFTEN: Unisex. MASSANGABE: 68x37x37 cm. SYMBOLS: Water repellent 2. WASCHANLEITUNG: Nicht schleudern<\/p>","protected":false},"featured_media":586519,"template":"","meta":[],"product_brand":[],"product_cat":[9643,4209],"product_tag":[],"class_list":{"0":"post-586452","1":"product","2":"type-product","3":"status-publish","4":"has-post-thumbnail","6":"product_cat-equipment","7":"product_cat-zubehoer","8":"pa_brand-blaklaeder","9":"pa_brand-type-workwear","10":"pa_filter-color-schwarz","12":"first","13":"instock","14":"sale","15":"taxable","16":"shipping-taxable","17":"purchasable","18":"product-type-variable","19":"add-to-wishlist-before_image"},"exclude_global_add_ons":[],"addons":[],"acf":[],"_links":{"self":[{"href":"https:\/\/shop.kustom.ch\/en\/wp-json\/wp\/v2\/product\/586452"}],"collection":[{"href":"https:\/\/shop.kustom.ch\/en\/wp-json\/wp\/v2\/product"}],"about":[{"href":"https:\/\/shop.kustom.ch\/en\/wp-json\/wp\/v2\/types\/product"}],"wp:featuredmedia":[{"embeddable":true,"href":"https:\/\/shop.kustom.ch\/en\/wp-json\/wp\/v2\/media\/586519"}],"wp:attachment":[{"href":"https:\/\/shop.kustom.ch\/en\/wp-json\/wp\/v2\/media?parent=586452"}],"wp:term":[{"taxonomy":"product_brand","embeddable":true,"href":"https:\/\/shop.kustom.ch\/en\/wp-json\/wp\/v2\/product_brand?post=586452"},{"taxonomy":"product_cat","embeddable":true,"href":"https:\/\/shop.kustom.ch\/en\/wp-json\/wp\/v2\/product_cat?post=586452"},{"taxonomy":"product_tag","embeddable":true,"href":"https:\/\/shop.kustom.ch\/en\/wp-json\/wp\/v2\/product_tag?post=586452"}],"curies":[{"name":"wp","href":"https:\/\/api.w.org\/{rel}","templated":true}]}}