{"id":586451,"date":"2025-03-04T22:08:34","date_gmt":"2025-03-04T21:08:34","guid":{"rendered":"https:\/\/shop.kustom.ch\/?post_type=product&#038;p=586451"},"modified":"2026-03-31T08:48:17","modified_gmt":"2026-03-31T07:48:17","slug":"multinorm-weste-inhaerent","status":"publish","type":"product","link":"https:\/\/shop.kustom.ch\/en\/product\/multinorm-weste-inhaerent\/","title":{"rendered":"Multinorm waistcoat Inherent"},"content":{"rendered":"<p>Flame-retardant tool waistcoat that protects you in demanding conditions. The oil, dirt and water-repellent waistcoat has practical pockets for tools and accessories. Reinforced, three-part nail pockets on the front and back. Tested and approved for 50 washes. Certified according to EN 1149-5, EN ISO 20471, EN ISO 11612, IEC 61482-2. ATPV: 11 cal\/cm\u00b2. Fulfils EN ISO 15797 requirements for industrial laundering.<\/p>\n<p>DETAILS: D-ring. External certification labels. Loops. FRONT CLOSURE: Concealed, reinforced plastic zip. FUNCTIONALITY: Metal-free. MAIN FEATURES: Service employee. IEC 61482-2. REFLEX: Flame retardant reflective strips with double stitching. FABRIC: Men's. High-vis yellow. Nail pockets. Flame retardant. POCKETS: Loose hanging breast pockets with safety straps, one with flap and metal press studs, one open with pen pockets and tool strap. Reinforced, three-part nail pockets. Front pockets with flaps. WASHING INSTRUCTIONS: 60\u00b0 C. CERTIFICATION: ATPV Rating: 32 cal\/cm\u00b2, CAT 3. 50 washes max. ATPV - 11 cal\/cm\u00b2. Max. 50 washes. EN ISO 20471, Class 2<\/p>\n<p>44% modacrylic, 30% cotton, 20% FR polyamide, 5% aramid, 1% antistatic, ripstop, flame-retardant, antistatic, 260 g\/m\u00b2<\/p>","protected":false},"excerpt":{"rendered":"<p>Flammschutz Werkzeug-Weste, die Sie unter fordernden Bedingungen sch\u00fctzt. Die \u00f6l-, schmutz- und wasserabweisende Weste weist praktische Taschen f\u00fcr Werkzeug und Accessoires auf. Verst\u00e4rkte, dreiteilige Nageltaschen vorne und am Ges\u00e4ss. Getestet und zugelassen f\u00fcr 50 Waschg\u00e4nge. Zertifiziert nach EN 1149-5, EN ISO 20471, EN ISO 11612, IEC 61482-2. ATPV: 11 cal\/cm\u00b2. Erf\u00fcllt die EN ISO 15797 [&hellip;]<\/p>\n","protected":false},"featured_media":586489,"template":"","meta":[],"product_brand":[],"product_cat":[4208],"product_tag":[],"class_list":{"0":"post-586451","1":"product","2":"type-product","3":"status-publish","4":"has-post-thumbnail","6":"product_cat-westen","7":"pa_brand-blaklaeder","8":"pa_brand-type-workwear","9":"pa_filter-color-gelb","11":"first","12":"instock","13":"sale","14":"taxable","15":"shipping-taxable","16":"purchasable","17":"product-type-variable","18":"add-to-wishlist-before_image"},"exclude_global_add_ons":[],"addons":[],"acf":[],"_links":{"self":[{"href":"https:\/\/shop.kustom.ch\/en\/wp-json\/wp\/v2\/product\/586451"}],"collection":[{"href":"https:\/\/shop.kustom.ch\/en\/wp-json\/wp\/v2\/product"}],"about":[{"href":"https:\/\/shop.kustom.ch\/en\/wp-json\/wp\/v2\/types\/product"}],"wp:featuredmedia":[{"embeddable":true,"href":"https:\/\/shop.kustom.ch\/en\/wp-json\/wp\/v2\/media\/586489"}],"wp:attachment":[{"href":"https:\/\/shop.kustom.ch\/en\/wp-json\/wp\/v2\/media?parent=586451"}],"wp:term":[{"taxonomy":"product_brand","embeddable":true,"href":"https:\/\/shop.kustom.ch\/en\/wp-json\/wp\/v2\/product_brand?post=586451"},{"taxonomy":"product_cat","embeddable":true,"href":"https:\/\/shop.kustom.ch\/en\/wp-json\/wp\/v2\/product_cat?post=586451"},{"taxonomy":"product_tag","embeddable":true,"href":"https:\/\/shop.kustom.ch\/en\/wp-json\/wp\/v2\/product_tag?post=586451"}],"curies":[{"name":"wp","href":"https:\/\/api.w.org\/{rel}","templated":true}]}}