{"id":586323,"date":"2025-03-04T22:06:09","date_gmt":"2025-03-04T21:06:09","guid":{"rendered":"https:\/\/shop.kustom.ch\/?post_type=product&#038;p=586323"},"modified":"2026-03-31T08:47:52","modified_gmt":"2026-03-31T07:47:52","slug":"high-vis-weste-3","status":"publish","type":"product","link":"https:\/\/shop.kustom.ch\/en\/product\/high-vis-weste-3\/","title":{"rendered":"High Vis waistcoat"},"content":{"rendered":"<p>Lightweight, hard-wearing high-visibility waistcoat with zip and all-round reflective strips so that you can be seen from all directions. Certified to EN ISO 20471 Class 2, high-visibility clothing.<\/p>\n<p>DETAILS: banded neckline. FRONT CLOSURE: Plastic zip. MAIN FEATURES: Driver. RIS-3279-TOM . REFLEX: 50 mm wide reflective stripes. FABRIC: Men's. High-vis yellow. High visibility. POCKET: Radio loop. WASHING INSTRUCTIONS: Number of washes: 25, do not dry clean. CERTIFICATION: Certification group A<\/p>\n<p>100 % polyester, warp knitted, anti-pilling, 120 g\/m\u00b2<\/p>","protected":false},"excerpt":{"rendered":"<p>Leichte, strapazierf\u00e4hige Warnweste mit Reissverschluss und umlaufenden Reflexstreifen, damit Sie aus allen Richtungen gesehen werden k\u00f6nnen. Zertifiziert nach EN ISO 20471 Klasse 2, hochsichtbare Kleidung. DETAILS: Halsausschnitt geb\u00e4ndert. FRONTVERSCHLUSS: Reissverschluss aus Kunststoff. HAUPTEIGENSCHAFTEN: Fahrer. RIS-3279-TOM . REFLEX: 50 mm breite Reflexstreifen. STOFF: Herren. High-Vis Gelb. Warnschutz. TASCHEN: Radioschleife. WASCHANLEITUNG: Anzahl der W\u00e4schen: 25. Nicht chemisch [&hellip;]<\/p>\n","protected":false},"featured_media":586354,"template":"","meta":[],"product_brand":[],"product_cat":[4208],"product_tag":[],"class_list":{"0":"post-586323","1":"product","2":"type-product","3":"status-publish","4":"has-post-thumbnail","6":"product_cat-westen","7":"pa_brand-blaklaeder","8":"pa_brand-type-workwear","9":"pa_filter-color-gelb","10":"pa_filter-color-orange","12":"first","13":"instock","14":"sale","15":"taxable","16":"shipping-taxable","17":"purchasable","18":"product-type-variable","19":"add-to-wishlist-before_image"},"exclude_global_add_ons":[],"addons":[],"acf":[],"_links":{"self":[{"href":"https:\/\/shop.kustom.ch\/en\/wp-json\/wp\/v2\/product\/586323"}],"collection":[{"href":"https:\/\/shop.kustom.ch\/en\/wp-json\/wp\/v2\/product"}],"about":[{"href":"https:\/\/shop.kustom.ch\/en\/wp-json\/wp\/v2\/types\/product"}],"wp:featuredmedia":[{"embeddable":true,"href":"https:\/\/shop.kustom.ch\/en\/wp-json\/wp\/v2\/media\/586354"}],"wp:attachment":[{"href":"https:\/\/shop.kustom.ch\/en\/wp-json\/wp\/v2\/media?parent=586323"}],"wp:term":[{"taxonomy":"product_brand","embeddable":true,"href":"https:\/\/shop.kustom.ch\/en\/wp-json\/wp\/v2\/product_brand?post=586323"},{"taxonomy":"product_cat","embeddable":true,"href":"https:\/\/shop.kustom.ch\/en\/wp-json\/wp\/v2\/product_cat?post=586323"},{"taxonomy":"product_tag","embeddable":true,"href":"https:\/\/shop.kustom.ch\/en\/wp-json\/wp\/v2\/product_tag?post=586323"}],"curies":[{"name":"wp","href":"https:\/\/api.w.org\/{rel}","templated":true}]}}