{"id":586301,"date":"2025-03-04T22:05:32","date_gmt":"2025-03-04T21:05:32","guid":{"rendered":"https:\/\/shop.kustom.ch\/?post_type=product&#038;p=586301"},"modified":"2026-03-31T08:47:51","modified_gmt":"2026-03-31T07:47:51","slug":"high-vis-weste-2","status":"publish","type":"product","link":"https:\/\/shop.kustom.ch\/en\/product\/high-vis-weste-2\/","title":{"rendered":"High Vis waistcoat"},"content":{"rendered":"<p>A waistcoat made of fluorescent, hard-wearing and flexible fabric. Guaranteed for up to 25 washes at 85\u00b0 with fluorescence retained. Certified to EN471 class 2.<\/p>\n<p>DETAILS: Retractable ID card pocket. Hammer loop on the side. Wide belt loops. Opening on the back for attaching the safety harness. FRONT CLOSURE: Concealed, reinforced metal zip. MAIN FEATURES: Craftsman. RIS-3279-TOM . REFLEX: 50 mm wide reflective stripes. FABRIC: Men's. High-vis yellow. Nail pockets. High visibility. POCKETS: Loose hanging breast pockets with safety straps, one with mobile phone pocket and one with patented buttons and knife holder. Nail pockets - front and back. WASHING INSTRUCTIONS: Household wash X 50, do not dry clean. WASHING: Industrial laundry EN ISO 15797. CERTIFICATION: Class 2 and 3 garments in orange comply with RIS-3279-TOM Issue 2<\/p>\n<p>85% polyester, 15% cotton, satin, 300g\/m\u00b2<\/p>","protected":false},"excerpt":{"rendered":"<p>Eine Weste aus fluoreszierendem, strapazierf\u00e4higen und gleichzeitig flexiblem Gewebe. Bis zu 25 W\u00e4schen bei 85\u00b0 mit erhaltener Fluoreszenz werden garantiert. Zertifiziert nach EN471 Klasse 2. DETAILS: Ausweistasche versenkbar. Hammerschlaufe an der Seite. Breite G\u00fcrtelschlaufen. \u00d6ffnung auf der R\u00fcckseite f\u00fcr die Befestigung des Sicherheitsgeschirrs. FRONTVERSCHLUSS: Verdeckter, verst\u00e4rkter Reissverschluss aus Metall. HAUPTEIGENSCHAFTEN: Handwerker. RIS-3279-TOM . REFLEX: 50 [&hellip;]<\/p>\n","protected":false},"featured_media":586351,"template":"","meta":[],"product_brand":[],"product_cat":[4208],"product_tag":[],"class_list":{"0":"post-586301","1":"product","2":"type-product","3":"status-publish","4":"has-post-thumbnail","6":"product_cat-westen","7":"pa_brand-blaklaeder","8":"pa_brand-type-workwear","9":"pa_filter-color-gelb","10":"pa_filter-color-orange","11":"pa_filter-color-rot","13":"first","14":"instock","15":"sale","16":"taxable","17":"shipping-taxable","18":"purchasable","19":"product-type-variable","20":"add-to-wishlist-before_image"},"exclude_global_add_ons":[],"addons":[],"acf":[],"_links":{"self":[{"href":"https:\/\/shop.kustom.ch\/en\/wp-json\/wp\/v2\/product\/586301"}],"collection":[{"href":"https:\/\/shop.kustom.ch\/en\/wp-json\/wp\/v2\/product"}],"about":[{"href":"https:\/\/shop.kustom.ch\/en\/wp-json\/wp\/v2\/types\/product"}],"wp:featuredmedia":[{"embeddable":true,"href":"https:\/\/shop.kustom.ch\/en\/wp-json\/wp\/v2\/media\/586351"}],"wp:attachment":[{"href":"https:\/\/shop.kustom.ch\/en\/wp-json\/wp\/v2\/media?parent=586301"}],"wp:term":[{"taxonomy":"product_brand","embeddable":true,"href":"https:\/\/shop.kustom.ch\/en\/wp-json\/wp\/v2\/product_brand?post=586301"},{"taxonomy":"product_cat","embeddable":true,"href":"https:\/\/shop.kustom.ch\/en\/wp-json\/wp\/v2\/product_cat?post=586301"},{"taxonomy":"product_tag","embeddable":true,"href":"https:\/\/shop.kustom.ch\/en\/wp-json\/wp\/v2\/product_tag?post=586301"}],"curies":[{"name":"wp","href":"https:\/\/api.w.org\/{rel}","templated":true}]}}