{"id":586281,"date":"2025-03-04T22:04:57","date_gmt":"2025-03-04T21:04:57","guid":{"rendered":"https:\/\/shop.kustom.ch\/?post_type=product&#038;p=586281"},"modified":"2026-03-31T08:47:50","modified_gmt":"2026-03-31T07:47:50","slug":"high-vis-weste","status":"publish","type":"product","link":"https:\/\/shop.kustom.ch\/en\/product\/high-vis-weste\/","title":{"rendered":"High Vis waistcoat"},"content":{"rendered":"<p>A lightweight high vis waistcoat that is really visible. Reflective strips everywhere, including on the sleeves, so you can be seen from all directions. Zip at the front and smart openings at the side so you can reach your main pockets. Certified to EN20471 Class 3, XS\/S Class 2, i.e. the waistcoat has reflective sleeves, for example.<\/p>\n<p>CLOSURE: Extended back. DETAILS: Recessed ID card pocket. V-neck. FRONT CLOSURE: Plastic zip. MAIN FEATURES: Driver. RIS-3279-TOM . REFLEX: 50 mm wide reflective stripes. FABRIC: Men's. High-vis yellow. High visibility. POCKET: Inner pocket for documents. Radio loop. WASHING INSTRUCTIONS: Number of washes: 25, do not bleach. CERTIFICATION: Class 2 and 3 garments in orange comply with RIS-3279-TOM Issue 2<\/p>\n<p>100 % polyester, warp knitted, anti-pilling, 120 g\/m\u00b2<\/p>","protected":false},"excerpt":{"rendered":"<p>Eine leichte High Vis Weste, die wirklich sichtbar ist. Reflexstreifen \u00fcberall, auch an den \u00c4rmeln, damit Sie aus allen Richtungen gesehen werden k\u00f6nnen. Reissverschluss an der Vorderseite und intelligente \u00d6ffnungen an der Seite, damit Sie Ihre Haupttaschen erreichen k\u00f6nnen. Zertifiziert nach EN20471 Klasse 3, XS\/S Klasse 2, d. h. die Weste hat z. B. \u00c4rmel [&hellip;]<\/p>\n","protected":false},"featured_media":586331,"template":"","meta":[],"product_brand":[],"product_cat":[4208],"product_tag":[],"class_list":{"0":"post-586281","1":"product","2":"type-product","3":"status-publish","4":"has-post-thumbnail","6":"product_cat-westen","7":"pa_brand-blaklaeder","8":"pa_brand-type-workwear","9":"pa_filter-color-gelb","10":"pa_filter-color-orange","11":"pa_filter-color-rot","13":"first","14":"instock","15":"sale","16":"taxable","17":"shipping-taxable","18":"purchasable","19":"product-type-variable","20":"add-to-wishlist-before_image"},"exclude_global_add_ons":[],"addons":[],"acf":[],"_links":{"self":[{"href":"https:\/\/shop.kustom.ch\/en\/wp-json\/wp\/v2\/product\/586281"}],"collection":[{"href":"https:\/\/shop.kustom.ch\/en\/wp-json\/wp\/v2\/product"}],"about":[{"href":"https:\/\/shop.kustom.ch\/en\/wp-json\/wp\/v2\/types\/product"}],"wp:featuredmedia":[{"embeddable":true,"href":"https:\/\/shop.kustom.ch\/en\/wp-json\/wp\/v2\/media\/586331"}],"wp:attachment":[{"href":"https:\/\/shop.kustom.ch\/en\/wp-json\/wp\/v2\/media?parent=586281"}],"wp:term":[{"taxonomy":"product_brand","embeddable":true,"href":"https:\/\/shop.kustom.ch\/en\/wp-json\/wp\/v2\/product_brand?post=586281"},{"taxonomy":"product_cat","embeddable":true,"href":"https:\/\/shop.kustom.ch\/en\/wp-json\/wp\/v2\/product_cat?post=586281"},{"taxonomy":"product_tag","embeddable":true,"href":"https:\/\/shop.kustom.ch\/en\/wp-json\/wp\/v2\/product_tag?post=586281"}],"curies":[{"name":"wp","href":"https:\/\/api.w.org\/{rel}","templated":true}]}}