{"id":585777,"date":"2025-03-04T10:39:05","date_gmt":"2025-03-04T09:39:05","guid":{"rendered":"https:\/\/shop.kustom.ch\/?post_type=product&#038;p=585777"},"modified":"2026-03-31T08:45:35","modified_gmt":"2026-03-31T07:45:35","slug":"latzhose-mit-stretch","status":"publish","type":"product","link":"https:\/\/shop.kustom.ch\/en\/product\/latzhose-mit-stretch\/","title":{"rendered":"Dungarees with stretch"},"content":{"rendered":"<p>Robust and functional ripstop dungarees. For optimum fit and comfort, the trousers have stretch inserts on the calves and inner thighs, as well as knee pockets made of CORDURA\u00ae stretch that can be filled from above. Carefully selected details such as individual reflective details, mesh mobile phone pocket, folding rule pocket and practical knife holder make these trousers suitable for craftsmen. Not suitable for heavy manual work.<\/p>\n<p>CLOSURE: Adjustable leg cuffs with buttons. DETAILS: Hammer loop on the side. Adjustable braces with elasticated waistband. Plastic zip at the crotch. Metal-free buckle. Adjustable waist. FUNCTIONALITY: Stretch inserts in the crotch, calf and knee pad pocket. Particularly ergonomically shaped trouser legs. MAIN PROPERTIES: Warehouse worker. Men's. EN 14004. REFLEX: Reflective details. FABRIC: Men. green. Knee pad pockets. Industry \/ Service. POCKETS: Leg pocket with bellows, pen pocket and mobile phone pocket inside made of mesh. Chest pocket with flap in contrasting colour and pen pocket. Back pockets. Inner pocket with zip. Knee pad pockets - top with cover and Velcro fastening. Stretch material on the outside and inside for a better ergonomic fit. Side pockets. Folding rule pocket with knife holder and pen pocket. WASHING INSTRUCTIONS: Do not bleach. REINFORCEMENT: Cordura\u00ae stretch-reinforced knee pad pockets. CERTIFICATION: EN 14404:2004+A1:2010 together with knee pad 4027 and 4057<\/p>\n<p>60% cotton, 40% polyester, ripstop 250g\/m\u00b2<\/p>","protected":false},"excerpt":{"rendered":"<p>Robuste und funktionelle Ripstop Latzhose. F\u00fcr optimalen Sitz und Komfort hat die Hose Stretch-Eins\u00e4tze an den Waden und den Innenseiten der Oberschenkel, so wie von oben zu f\u00fcllende Knietaschen aus CORDURA\u00ae-Stretch. Sorgf\u00e4ltig ausgew\u00e4hlte Details wie einzelne Reflexdetails, Handytasche aus Mesh, Zollstocktasche und praktischer Messerhalter machen die Hose passend f\u00fcr Handwerker. Nicht f\u00fcr schwere Handwerks Arbeiten [&hellip;]<\/p>\n","protected":false},"featured_media":585813,"template":"","meta":[],"product_brand":[],"product_cat":[10448],"product_tag":[],"class_list":{"0":"post-585777","1":"product","2":"type-product","3":"status-publish","4":"has-post-thumbnail","6":"product_cat-latzhose","7":"pa_brand-blaklaeder","8":"pa_brand-type-workwear","9":"pa_filter-color-blau","10":"pa_filter-color-gelb","11":"pa_filter-color-grau","12":"pa_filter-color-gruen","13":"pa_filter-color-rot","14":"pa_filter-color-schwarz","16":"first","17":"instock","18":"sale","19":"taxable","20":"shipping-taxable","21":"purchasable","22":"product-type-variable","23":"add-to-wishlist-before_image"},"exclude_global_add_ons":[],"addons":[],"acf":[],"_links":{"self":[{"href":"https:\/\/shop.kustom.ch\/en\/wp-json\/wp\/v2\/product\/585777"}],"collection":[{"href":"https:\/\/shop.kustom.ch\/en\/wp-json\/wp\/v2\/product"}],"about":[{"href":"https:\/\/shop.kustom.ch\/en\/wp-json\/wp\/v2\/types\/product"}],"wp:featuredmedia":[{"embeddable":true,"href":"https:\/\/shop.kustom.ch\/en\/wp-json\/wp\/v2\/media\/585813"}],"wp:attachment":[{"href":"https:\/\/shop.kustom.ch\/en\/wp-json\/wp\/v2\/media?parent=585777"}],"wp:term":[{"taxonomy":"product_brand","embeddable":true,"href":"https:\/\/shop.kustom.ch\/en\/wp-json\/wp\/v2\/product_brand?post=585777"},{"taxonomy":"product_cat","embeddable":true,"href":"https:\/\/shop.kustom.ch\/en\/wp-json\/wp\/v2\/product_cat?post=585777"},{"taxonomy":"product_tag","embeddable":true,"href":"https:\/\/shop.kustom.ch\/en\/wp-json\/wp\/v2\/product_tag?post=585777"}],"curies":[{"name":"wp","href":"https:\/\/api.w.org\/{rel}","templated":true}]}}