{"id":585661,"date":"2025-03-04T10:37:40","date_gmt":"2025-03-04T09:37:40","guid":{"rendered":"https:\/\/shop.kustom.ch\/?post_type=product&#038;p=585661"},"modified":"2026-03-31T08:45:24","modified_gmt":"2026-03-31T07:45:24","slug":"industrie-latzhose-stretch","status":"publish","type":"product","link":"https:\/\/shop.kustom.ch\/en\/product\/industrie-latzhose-stretch\/","title":{"rendered":"Industrial dungarees stretch"},"content":{"rendered":"<p>Industrially washable and scratch-free dungarees made from cosy cotton canvas with two-way stretch. They have knee pad pockets and reflective details so that you can be seen when needed.<\/p>\n<p>CLOSURE: Extension option at the leg hem. DETAILS: D-ring. Adjustable braces with elasticated waistband. Concealed buttons. Inside leg seam with triple stitching. Metal zip at the crotch. Metal-free buckle. FUNCTIONALITY: Scratch-free. Particularly ergonomically shaped trouser legs. MAIN FEATURES: Cleaning power. Men's. EN 14004. REFLEX: Reflective details on the leg. FABRIC: Men. blue. Non-scratch. Stretch. POCKETS: Leg pockets with bellows and flap, concealed metal buttons. Chest pocket with flap. Back pocket, one with flap. Inside mobile phone pocket. External knee pad pockets. Inside pocket with concealed zip pocket. Folding rule pocket inside. WASHING INSTRUCTIONS: PRO: suitable for tumble drying. WASHING: Industrial laundry EN ISO 15797. CERTIFICATION: EN 14404:2004+A1:2010 together with knee pad 4057<\/p>\n<p>98% cotton, 2% elastolefin, canvas, 285 g\/m\u00b2<\/p>","protected":false},"excerpt":{"rendered":"<p>Eine industriell waschbare und kratzfreie Latzhose aus gem\u00fctlichem Baumwoll-Canvas mit Zwei-Wege-Stretch. Sie hat Kniepolstertaschen und reflektierende Details, damit Sie bei Bedarf gesehen werden. ABSCHLUSS: Verl\u00e4ngerungsm\u00f6glichkeit am Beinsaum. DETAILS: D-Ring. Verstellbare Hosentr\u00e4ger mit Gummizug. Verdeckte Kn\u00f6pfe. Innenbeinnaht mit 3-fach-Naht. Metall-Reissverschluss im Schritt. Metallfreie Schnalle. FUNKTIONALIT\u00c4T: Kratzfrei. Besonders ergonomisch geformte Hosenbeine. HAUPTEIGENSCHAFTEN: Reinigungskraft. Herren. EN 14004. REFLEX: [&hellip;]<\/p>\n","protected":false},"featured_media":585695,"template":"","meta":[],"product_brand":[],"product_cat":[10448],"product_tag":[],"class_list":{"0":"post-585661","1":"product","2":"type-product","3":"status-publish","4":"has-post-thumbnail","6":"product_cat-latzhose","7":"pa_brand-blaklaeder","8":"pa_brand-type-workwear","9":"pa_filter-color-blau","10":"pa_filter-color-grau","11":"pa_filter-color-schwarz","13":"first","14":"instock","15":"sale","16":"taxable","17":"shipping-taxable","18":"purchasable","19":"product-type-variable","20":"add-to-wishlist-before_image"},"exclude_global_add_ons":[],"addons":[],"acf":[],"_links":{"self":[{"href":"https:\/\/shop.kustom.ch\/en\/wp-json\/wp\/v2\/product\/585661"}],"collection":[{"href":"https:\/\/shop.kustom.ch\/en\/wp-json\/wp\/v2\/product"}],"about":[{"href":"https:\/\/shop.kustom.ch\/en\/wp-json\/wp\/v2\/types\/product"}],"wp:featuredmedia":[{"embeddable":true,"href":"https:\/\/shop.kustom.ch\/en\/wp-json\/wp\/v2\/media\/585695"}],"wp:attachment":[{"href":"https:\/\/shop.kustom.ch\/en\/wp-json\/wp\/v2\/media?parent=585661"}],"wp:term":[{"taxonomy":"product_brand","embeddable":true,"href":"https:\/\/shop.kustom.ch\/en\/wp-json\/wp\/v2\/product_brand?post=585661"},{"taxonomy":"product_cat","embeddable":true,"href":"https:\/\/shop.kustom.ch\/en\/wp-json\/wp\/v2\/product_cat?post=585661"},{"taxonomy":"product_tag","embeddable":true,"href":"https:\/\/shop.kustom.ch\/en\/wp-json\/wp\/v2\/product_tag?post=585661"}],"curies":[{"name":"wp","href":"https:\/\/api.w.org\/{rel}","templated":true}]}}