{"id":585533,"date":"2025-03-04T10:36:09","date_gmt":"2025-03-04T09:36:09","guid":{"rendered":"https:\/\/shop.kustom.ch\/?post_type=product&#038;p=585533"},"modified":"2026-03-31T08:45:12","modified_gmt":"2026-03-31T07:45:12","slug":"high-vis-latzhose-3","status":"publish","type":"product","link":"https:\/\/shop.kustom.ch\/en\/product\/high-vis-latzhose-3\/","title":{"rendered":"High Vis dungarees"},"content":{"rendered":"<p>High-vis dungarees with reflective strips on the back. The trousers have CORDURA\u00ae padded knee pockets, CORDURA\u00ae reinforced back pockets and ruler pockets. The detachable nail pockets 2183, which are available separately, can easily be added or removed from the dungarees. The pre-bent legs provide more comfort and the trousers are adjustable at the waist. Certified according to the EN ISO 20471, class 1 standard.<\/p>\n<p>CONCLUSION: C sizes can be extended to C100 sizes. DETAILS: ID card pocket. Hammer loop on the side. Wide braces with strong elastic. Plastic zip at the crotch. Adjustable waist. FUNCTIONALITY: Particularly ergonomically shaped trouser legs. MAIN PROPERTIES: Road and construction workers. Men's. EN ISO 20471. REFLEX: Reflective details on the leg. FABRIC: Men. yellow. Knee pad pockets. High visibility. POCKETS: Leg pocket with bellows, mobile phone pocket and pen pocket. Chest pocket with flap and pen pocket. Back pockets with bellows. Knee pad pockets. Prefabricated holders for detachable nail pockets. Slanted front pockets. Folding rule pocket with additional pocket and knife holder. WASHING INSTRUCTIONS: Number of washes: 50, do not iron. REINFORCEMENT: CORDURA\u00ae reinforcement on nail pocket, ruler pocket and knees. CERTIFICATION: EN 14404:2004+A1:2010 together with knee pads 4027, 4057, 4058 and 4032. certification group W<\/p>\n<p>65% polyester, 35% cotton, twill, 240 g\/m\u00b2<\/p>","protected":false},"excerpt":{"rendered":"<p>High Vis Latzhose mit Reflexstreifen auf der R\u00fcckseite. Die Hose verf\u00fcgt \u00fcber CORDURA\u00ae-Kniepolstertaschen sowie mit CORDURA\u00ae verst\u00e4rkte Ges\u00e4sstaschen und Zollstocktaschen. Die abnehmbaren Nageltaschen 2183, die separat erh\u00e4ltlich sind, k\u00f6nnen ganz einfach hinzugef\u00fcgt oder von der Latzhose entfernt werden. Die vorgebogenen Beine sorgen f\u00fcr mehr Komfort und die Hose ist in der Taille verstellbar. Zertifiziert nach [&hellip;]<\/p>\n","protected":false},"featured_media":585588,"template":"","meta":[],"product_brand":[],"product_cat":[10448],"product_tag":[],"class_list":{"0":"post-585533","1":"product","2":"type-product","3":"status-publish","4":"has-post-thumbnail","6":"product_cat-latzhose","7":"pa_brand-blaklaeder","8":"pa_brand-type-workwear","9":"pa_filter-color-blau","10":"pa_filter-color-gelb","11":"pa_filter-color-orange","12":"pa_filter-color-schwarz","14":"first","15":"instock","16":"sale","17":"taxable","18":"shipping-taxable","19":"purchasable","20":"product-type-variable","21":"add-to-wishlist-before_image"},"exclude_global_add_ons":[],"addons":[],"acf":[],"_links":{"self":[{"href":"https:\/\/shop.kustom.ch\/en\/wp-json\/wp\/v2\/product\/585533"}],"collection":[{"href":"https:\/\/shop.kustom.ch\/en\/wp-json\/wp\/v2\/product"}],"about":[{"href":"https:\/\/shop.kustom.ch\/en\/wp-json\/wp\/v2\/types\/product"}],"wp:featuredmedia":[{"embeddable":true,"href":"https:\/\/shop.kustom.ch\/en\/wp-json\/wp\/v2\/media\/585588"}],"wp:attachment":[{"href":"https:\/\/shop.kustom.ch\/en\/wp-json\/wp\/v2\/media?parent=585533"}],"wp:term":[{"taxonomy":"product_brand","embeddable":true,"href":"https:\/\/shop.kustom.ch\/en\/wp-json\/wp\/v2\/product_brand?post=585533"},{"taxonomy":"product_cat","embeddable":true,"href":"https:\/\/shop.kustom.ch\/en\/wp-json\/wp\/v2\/product_cat?post=585533"},{"taxonomy":"product_tag","embeddable":true,"href":"https:\/\/shop.kustom.ch\/en\/wp-json\/wp\/v2\/product_tag?post=585533"}],"curies":[{"name":"wp","href":"https:\/\/api.w.org\/{rel}","templated":true}]}}