{"id":585021,"date":"2025-03-04T10:30:18","date_gmt":"2025-03-04T09:30:18","guid":{"rendered":"https:\/\/shop.kustom.ch\/?post_type=product&#038;p=585021"},"modified":"2026-03-31T08:44:47","modified_gmt":"2026-03-31T07:44:47","slug":"industrie-latzhose","status":"publish","type":"product","link":"https:\/\/shop.kustom.ch\/en\/product\/industrie-latzhose\/","title":{"rendered":"Industrial dungarees"},"content":{"rendered":"<p>The dungarees are suitable for industrial washing. These scratch-resistant trousers are made entirely from comfortable 2-way stretch material. Concealed features, including an internal ruler pocket and press studs, make these extremely reliable when working in environments with sensitive surfaces. Reflective strips provide additional visibility when required.<\/p>\n<p>CLOSURE: Extension option at the leg hem. DETAILS: D-ring. Adjustable braces with elasticated waistband. Metal press studs. Inside leg seam with triple stitching. Plastic zip at the crotch. Metal-free buckle. FUNCTIONALITY: 2-way stretch. Particularly ergonomically shaped trouser legs. MAIN PROPERTIES: Mechanic. Men. REFLEX: Reflective details on the leg. FABRIC: Men. grey. Non-scratch. Stretch. POCKETS: Leg pockets with bellows and flap, concealed metal buttons. Chest pocket with flap. Back pocket, one with flap. Inside mobile phone pocket. Inside pocket with concealed zip pocket. Folding rule pocket inside. WASHING INSTRUCTIONS: 70\u00b0 C. WASHING: Industrial laundry EN ISO 15797<\/p>\n<p>63% polyester, 33% cotton, 4% Elastofin, twill, stretch, 260 g\/m\u00b2<\/p>","protected":false},"excerpt":{"rendered":"<p>Die Latzhose ist geeignet f\u00fcr die Industriew\u00e4sche. Diese kratzerresistente Hose ist komplett aus bequemem 2-Wege-Stretch Material gefertigt. Verdeckte Eigenschaften, darunter eine innenliegende Zollstocktasche und Druckkn\u00f6pfe, machen diese \u00e4usserst zuverl\u00e4ssig bei Arbeiten in Umgebungen mit empfindlichen Oberfl\u00e4chen. Reflexstreifen sorgen bei Bedarf f\u00fcr zus\u00e4tzliche Sichtbarkeit. ABSCHLUSS: Verl\u00e4ngerungsm\u00f6glichkeit am Beinsaum. DETAILS: D-Ring. Verstellbare Hosentr\u00e4ger mit Gummizug. Metall-Druckkn\u00f6pfe. Innenbeinnaht [&hellip;]<\/p>\n","protected":false},"featured_media":585069,"template":"","meta":[],"product_brand":[],"product_cat":[10448],"product_tag":[],"class_list":{"0":"post-585021","1":"product","2":"type-product","3":"status-publish","4":"has-post-thumbnail","6":"product_cat-latzhose","7":"pa_brand-blaklaeder","8":"pa_brand-type-workwear","9":"pa_filter-color-grau","10":"pa_filter-color-schwarz","12":"first","13":"instock","14":"sale","15":"taxable","16":"shipping-taxable","17":"purchasable","18":"product-type-variable","19":"add-to-wishlist-before_image"},"exclude_global_add_ons":[],"addons":[],"acf":[],"_links":{"self":[{"href":"https:\/\/shop.kustom.ch\/en\/wp-json\/wp\/v2\/product\/585021"}],"collection":[{"href":"https:\/\/shop.kustom.ch\/en\/wp-json\/wp\/v2\/product"}],"about":[{"href":"https:\/\/shop.kustom.ch\/en\/wp-json\/wp\/v2\/types\/product"}],"wp:featuredmedia":[{"embeddable":true,"href":"https:\/\/shop.kustom.ch\/en\/wp-json\/wp\/v2\/media\/585069"}],"wp:attachment":[{"href":"https:\/\/shop.kustom.ch\/en\/wp-json\/wp\/v2\/media?parent=585021"}],"wp:term":[{"taxonomy":"product_brand","embeddable":true,"href":"https:\/\/shop.kustom.ch\/en\/wp-json\/wp\/v2\/product_brand?post=585021"},{"taxonomy":"product_cat","embeddable":true,"href":"https:\/\/shop.kustom.ch\/en\/wp-json\/wp\/v2\/product_cat?post=585021"},{"taxonomy":"product_tag","embeddable":true,"href":"https:\/\/shop.kustom.ch\/en\/wp-json\/wp\/v2\/product_tag?post=585021"}],"curies":[{"name":"wp","href":"https:\/\/api.w.org\/{rel}","templated":true}]}}