{"id":584846,"date":"2025-03-04T10:27:27","date_gmt":"2025-03-04T09:27:27","guid":{"rendered":"https:\/\/shop.kustom.ch\/?post_type=product&#038;p=584846"},"modified":"2026-03-31T08:44:17","modified_gmt":"2026-03-31T07:44:17","slug":"high-vis-latzhose","status":"publish","type":"product","link":"https:\/\/shop.kustom.ch\/en\/product\/high-vis-latzhose\/","title":{"rendered":"High Vis dungarees"},"content":{"rendered":"<p>High Vis dungarees with CORDURA\u00ae reinforced knees and back pockets for added durability. Knee pad pockets with placement on two levels. The trousers have wide, strong elasticated braces and smart pocket solutions and features such as a hammer holder, ruler pocket with knife and pen pocket and a D-ring. Back pockets with bellows and nail pockets that fit into the front pockets with bellows.<\/p>\n<p>DETAILS: ID card pocket. Hammer loop on the side. Wide braces with strong elastic. FRONT CLOSURE: Concealed, reinforced two-way metal zip. MAIN FEATURES: Craftsman. Men's. EN 14004. REFLEX: 70 mm wide reflective stripes. FABRIC: Men. blue. Knee pad pockets. High visibility protection. POCKETS: Leg pocket with bellows, flap and pen pocket, additional pocket, mobile phone pocket and ID card pocket. Hanging breast pockets with safety straps. One with patented button and knife holder. Back pockets with bellows. Knee pad pockets. Nail pockets can be inserted into the front pockets with bellows. Front pockets with bellows. Folding rule pocket with knife holder and pen pocket. WASHING INSTRUCTIONS: Household wash X 50, do not dry clean. REINFORCEMENT: CORDURA\u00ae reinforcement on the knees and on the holster pockets. WASHING: Industrial laundry EN ISO 15797. CERTIFICATION: EN 14404:2004+A1:2010 together with knee pads 4027, 4057, 4058 and 4032. EN ISO 20471, class 2<\/p>\n<p>65% polyester, 35% cotton, twill, 300g\/m\u00b2<\/p>","protected":false},"excerpt":{"rendered":"<p>Eine High Vis Latzhose mit CORDURA\u00ae verst\u00e4rkten Knien und Ges\u00e4sstaschen f\u00fcr zus\u00e4tzliche Haltbarkeit. Kniepolstertaschen mit Platzierung auf zwei Ebenen. Die Hose hat breite, starke elastische Hosentr\u00e4ger sowie intelligente Taschenl\u00f6sungen und Funktionen wie einen Hammerhalter, eine Zollstocktasche mit Messer- und Stifttasche und einen D-Ring. Ges\u00e4sstaschen mit Balg und Nageltaschen, die in die Vordertaschen mit Balg passen. [&hellip;]<\/p>\n","protected":false},"featured_media":584862,"template":"","meta":[],"product_brand":[],"product_cat":[10448],"product_tag":[],"class_list":{"0":"post-584846","1":"product","2":"type-product","3":"status-publish","4":"has-post-thumbnail","6":"product_cat-latzhose","7":"pa_brand-blaklaeder","8":"pa_brand-type-workwear","9":"pa_filter-color-blau","10":"pa_filter-color-gelb","11":"pa_filter-color-orange","12":"pa_filter-color-schwarz","14":"first","15":"instock","16":"sale","17":"taxable","18":"shipping-taxable","19":"purchasable","20":"product-type-variable","21":"add-to-wishlist-before_image"},"exclude_global_add_ons":[],"addons":[],"acf":[],"_links":{"self":[{"href":"https:\/\/shop.kustom.ch\/en\/wp-json\/wp\/v2\/product\/584846"}],"collection":[{"href":"https:\/\/shop.kustom.ch\/en\/wp-json\/wp\/v2\/product"}],"about":[{"href":"https:\/\/shop.kustom.ch\/en\/wp-json\/wp\/v2\/types\/product"}],"wp:featuredmedia":[{"embeddable":true,"href":"https:\/\/shop.kustom.ch\/en\/wp-json\/wp\/v2\/media\/584862"}],"wp:attachment":[{"href":"https:\/\/shop.kustom.ch\/en\/wp-json\/wp\/v2\/media?parent=584846"}],"wp:term":[{"taxonomy":"product_brand","embeddable":true,"href":"https:\/\/shop.kustom.ch\/en\/wp-json\/wp\/v2\/product_brand?post=584846"},{"taxonomy":"product_cat","embeddable":true,"href":"https:\/\/shop.kustom.ch\/en\/wp-json\/wp\/v2\/product_cat?post=584846"},{"taxonomy":"product_tag","embeddable":true,"href":"https:\/\/shop.kustom.ch\/en\/wp-json\/wp\/v2\/product_tag?post=584846"}],"curies":[{"name":"wp","href":"https:\/\/api.w.org\/{rel}","templated":true}]}}