{"id":584733,"date":"2025-03-04T10:25:56","date_gmt":"2025-03-04T09:25:56","guid":{"rendered":"https:\/\/shop.kustom.ch\/?post_type=product&#038;p=584733"},"modified":"2026-03-31T08:44:01","modified_gmt":"2026-03-31T07:44:01","slug":"kombihose","status":"publish","type":"product","link":"https:\/\/shop.kustom.ch\/en\/product\/kombihose\/","title":{"rendered":"Combination trousers"},"content":{"rendered":"<p>Expect the best and you will still be surprised by the comfort and functionality of this sleeveless overall. The elasticated back ensures freedom of movement and the many pocket solutions in the trousers provide space for brushes and other useful items. Four reinforced loose nail pockets and a brush pocket. Two fixed pockets with bellows at the front under the loose nail pockets. Adjustable at the shoulder seams.<\/p>\n<p>DETAILS: Hammer loop on the side. Inside leg seam with triple stitching. Adjustable shoulder section. FRONT CLOSURE: Concealed two-way metal zip. FUNCTIONALITY: Stretch at the back. MAIN FEATURES: Painter. Men's. EN 14004. FABRIC: Men's. grey. Nail pockets. Painter. POCKETS: Reinforced knife holders. Loose hanging breast pockets with press studs and safety straps, one with flap and one with pen pocket, patent buttons and knife holder. Knee pad pockets. Nail pockets - with screwdriver compartments and tool loops that can be inserted into the front pockets with bellows. Front pockets with bellows. WASHING INSTRUCTIONS: Tumble dryer - low. REINFORCEMENT: CORDURA\u00ae-reinforced at the knees. CERTIFICATION: EN 14404:2004+A1:2010 together with knee pads 4027, 4057, 4058 and 4032<\/p>\n<p>100% Cotton, twill, 320 g\/m\u00b2<\/p>","protected":false},"excerpt":{"rendered":"<p>Erwarten Sie das Beste und Sie werden immer noch von dem Komfort und der Funktionalit\u00e4t dieses \u00e4rmellosen Overall \u00fcberrascht sein. Der elastische R\u00fccken sorgt f\u00fcr Bewegungsfreiheit und die vielen Taschenl\u00f6sungen in der Hose bieten Platz f\u00fcr Pinsel und andere n\u00fctzliche Dinge. Vier verst\u00e4rkte lose Nageltaschen und eine Pinseltasche. Zwei feste Taschen mit Balg vorne unter [&hellip;]<\/p>\n","protected":false},"featured_media":584750,"template":"","meta":[],"product_brand":[],"product_cat":[10454],"product_tag":[],"class_list":{"0":"post-584733","1":"product","2":"type-product","3":"status-publish","4":"has-post-thumbnail","6":"product_cat-overalls","7":"pa_brand-blaklaeder","8":"pa_brand-type-workwear","9":"pa_filter-color-grau","10":"pa_filter-color-weiss","12":"first","13":"instock","14":"sale","15":"taxable","16":"shipping-taxable","17":"purchasable","18":"product-type-variable","19":"add-to-wishlist-before_image"},"exclude_global_add_ons":[],"addons":[],"acf":[],"_links":{"self":[{"href":"https:\/\/shop.kustom.ch\/en\/wp-json\/wp\/v2\/product\/584733"}],"collection":[{"href":"https:\/\/shop.kustom.ch\/en\/wp-json\/wp\/v2\/product"}],"about":[{"href":"https:\/\/shop.kustom.ch\/en\/wp-json\/wp\/v2\/types\/product"}],"wp:featuredmedia":[{"embeddable":true,"href":"https:\/\/shop.kustom.ch\/en\/wp-json\/wp\/v2\/media\/584750"}],"wp:attachment":[{"href":"https:\/\/shop.kustom.ch\/en\/wp-json\/wp\/v2\/media?parent=584733"}],"wp:term":[{"taxonomy":"product_brand","embeddable":true,"href":"https:\/\/shop.kustom.ch\/en\/wp-json\/wp\/v2\/product_brand?post=584733"},{"taxonomy":"product_cat","embeddable":true,"href":"https:\/\/shop.kustom.ch\/en\/wp-json\/wp\/v2\/product_cat?post=584733"},{"taxonomy":"product_tag","embeddable":true,"href":"https:\/\/shop.kustom.ch\/en\/wp-json\/wp\/v2\/product_tag?post=584733"}],"curies":[{"name":"wp","href":"https:\/\/api.w.org\/{rel}","templated":true}]}}