{"id":584676,"date":"2025-03-04T10:25:14","date_gmt":"2025-03-04T09:25:14","guid":{"rendered":"https:\/\/shop.kustom.ch\/?post_type=product&#038;p=584676"},"modified":"2025-03-04T10:26:26","modified_gmt":"2025-03-04T09:26:26","slug":"gecko-sicherheitsschuh-4","status":"publish","type":"product","link":"https:\/\/shop.kustom.ch\/en\/product\/gecko-sicherheitsschuh-4\/","title":{"rendered":"Gecko safety shoe"},"content":{"rendered":"<p>A metal-free quality shoe made from a very robust textile upper with reflective threads and KPU reinforcements on the toe and heel cap. The outsole is made of nitrile rubber for maximum durability and the textile penetration protection fulfils the tough requirements of EN 22568-4 for 3 mm nails. The protective toe cap is made of composite. The anatomically moulded insole is made of soft PU material for optimum comfort and has a textile upper with good moisture absorption. These shoes are particularly suitable for outdoor work in the fields of construction, transport, maintenance, repair and machine operation. Ladies' lasts in sizes 35-39.<\/p>\n<p>THROUGH-PRESSION PROTECTION MATERIAL: Textile PS. FUNCTIONALITY: Breathable insole. LINING: Polyester. INSOLE MATERIAL: Textile, soft PU. UPPER: Fabric material. FIT: Wide. FABRIC: black. water-repellent. TOE CAP MATERIAL: Composite. CERTIFICATION: EN ISO 20345:2011 S3 SRC HRO ESD<\/p>","protected":false},"excerpt":{"rendered":"<p>Ein metallfreier Qualit\u00e4tsschuh aus einem sehr robusten Textilobermaterial mit reflektierenden F\u00e4den und KPU-Verst\u00e4rkungen an der Zehen- und Fersenkappe. Die Laufsohle besteht aus Nitrilkautschuk f\u00fcr maximale Haltbarkeit und der textile Durchtrittsschutz erf\u00fcllt die harten Anforderungen der EN 22568-4 f\u00fcr 3 mm N\u00e4gel. Die Zehenschutzkappe ist aus Komposit gefertigt. Die, f\u00fcr optimalen Komfort, anatomisch geformte Innensohle besteht [&hellip;]<\/p>\n","protected":false},"featured_media":584707,"template":"","meta":[],"product_brand":[],"product_cat":[9643,4197],"product_tag":[],"class_list":{"0":"post-584676","1":"product","2":"type-product","3":"status-publish","4":"has-post-thumbnail","6":"product_cat-equipment","7":"product_cat-schuhe-sandalen","8":"pa_brand-blaklaeder","9":"pa_brand-type-workwear","10":"pa_filter-color-schwarz","12":"first","13":"instock","14":"sale","15":"taxable","16":"shipping-taxable","17":"purchasable","18":"product-type-variable","19":"add-to-wishlist-before_image"},"exclude_global_add_ons":[],"addons":[],"acf":[],"_links":{"self":[{"href":"https:\/\/shop.kustom.ch\/en\/wp-json\/wp\/v2\/product\/584676"}],"collection":[{"href":"https:\/\/shop.kustom.ch\/en\/wp-json\/wp\/v2\/product"}],"about":[{"href":"https:\/\/shop.kustom.ch\/en\/wp-json\/wp\/v2\/types\/product"}],"wp:featuredmedia":[{"embeddable":true,"href":"https:\/\/shop.kustom.ch\/en\/wp-json\/wp\/v2\/media\/584707"}],"wp:attachment":[{"href":"https:\/\/shop.kustom.ch\/en\/wp-json\/wp\/v2\/media?parent=584676"}],"wp:term":[{"taxonomy":"product_brand","embeddable":true,"href":"https:\/\/shop.kustom.ch\/en\/wp-json\/wp\/v2\/product_brand?post=584676"},{"taxonomy":"product_cat","embeddable":true,"href":"https:\/\/shop.kustom.ch\/en\/wp-json\/wp\/v2\/product_cat?post=584676"},{"taxonomy":"product_tag","embeddable":true,"href":"https:\/\/shop.kustom.ch\/en\/wp-json\/wp\/v2\/product_tag?post=584676"}],"curies":[{"name":"wp","href":"https:\/\/api.w.org\/{rel}","templated":true}]}}