{"id":584657,"date":"2025-03-04T10:25:10","date_gmt":"2025-03-04T09:25:10","guid":{"rendered":"https:\/\/shop.kustom.ch\/?post_type=product&#038;p=584657"},"modified":"2026-03-31T08:42:47","modified_gmt":"2026-03-31T07:42:47","slug":"gecko-sicherheitsstiefel","status":"publish","type":"product","link":"https:\/\/shop.kustom.ch\/en\/product\/gecko-sicherheitsstiefel\/","title":{"rendered":"Gecko safety boots"},"content":{"rendered":"<p>A quality boot made from durable, comfortable microfibre with all-round KPU protection to withstand harsh environments. The Freelock solution makes the boot easy and comfortable to put on and take off. The outsole is made of nitrile rubber for maximum durability and the textile penetration protection fulfils the strict requirements of EN 22568-4 for 3 mm nails. The toe cap is made of composite. The anatomically moulded insole is made of soft PU material for optimum comfort and has a textile upper with good moisture absorption. These boots are particularly suitable for outdoor work in the areas of construction, transport, maintenance, repair and machine operation. Women's lasts in sizes 35-39.<\/p>\n<p>PASS-THROUGH PROTECTION MATERIAL: Textile PS. FUNCTIONALITY: Freelock. LINING: Polyester. INNER SOLE MATERIAL: Textile, soft PU. UPPER: Microfibre. FIT: Wide. FABRIC: Unisex. black. ESD. TOE CUP MATERIAL: Composite. CERTIFICATION: EN ISO 20345:2011 S3 SRC HRO ESD<\/p>","protected":false},"excerpt":{"rendered":"<p>Ein Qualit\u00e4tsstiefel aus strapazierf\u00e4higer, bequemer Mikrofaser mit einem Rundumschutz aus KPU, der in rauen Umgebungen standh\u00e4lt. Die Freelock-L\u00f6sung macht das An- und Ausziehen des Stiefels einfach und bequem. Die Laufsohle besteht aus Nitrilkautschuk f\u00fcr maximale Haltbarkeit, und der textile Durchtrittschutz erf\u00fcllt die strengen Anforderungen der EN 22568-4 f\u00fcr 3 mm N\u00e4gel. Die Zehenschutzkappe ist aus [&hellip;]<\/p>\n","protected":false},"featured_media":584706,"template":"","meta":[],"product_brand":[],"product_cat":[9643,4197],"product_tag":[],"class_list":{"0":"post-584657","1":"product","2":"type-product","3":"status-publish","4":"has-post-thumbnail","6":"product_cat-equipment","7":"product_cat-schuhe-sandalen","8":"pa_brand-blaklaeder","9":"pa_brand-type-workwear","10":"pa_filter-color-gelb","11":"pa_filter-color-rot","12":"pa_filter-color-schwarz","14":"first","15":"instock","16":"sale","17":"taxable","18":"shipping-taxable","19":"purchasable","20":"product-type-variable","21":"add-to-wishlist-before_image"},"exclude_global_add_ons":[],"addons":[],"acf":[],"_links":{"self":[{"href":"https:\/\/shop.kustom.ch\/en\/wp-json\/wp\/v2\/product\/584657"}],"collection":[{"href":"https:\/\/shop.kustom.ch\/en\/wp-json\/wp\/v2\/product"}],"about":[{"href":"https:\/\/shop.kustom.ch\/en\/wp-json\/wp\/v2\/types\/product"}],"wp:featuredmedia":[{"embeddable":true,"href":"https:\/\/shop.kustom.ch\/en\/wp-json\/wp\/v2\/media\/584706"}],"wp:attachment":[{"href":"https:\/\/shop.kustom.ch\/en\/wp-json\/wp\/v2\/media?parent=584657"}],"wp:term":[{"taxonomy":"product_brand","embeddable":true,"href":"https:\/\/shop.kustom.ch\/en\/wp-json\/wp\/v2\/product_brand?post=584657"},{"taxonomy":"product_cat","embeddable":true,"href":"https:\/\/shop.kustom.ch\/en\/wp-json\/wp\/v2\/product_cat?post=584657"},{"taxonomy":"product_tag","embeddable":true,"href":"https:\/\/shop.kustom.ch\/en\/wp-json\/wp\/v2\/product_tag?post=584657"}],"curies":[{"name":"wp","href":"https:\/\/api.w.org\/{rel}","templated":true}]}}