{"id":584617,"date":"2025-03-04T10:23:57","date_gmt":"2025-03-04T09:23:57","guid":{"rendered":"https:\/\/shop.kustom.ch\/?post_type=product&#038;p=584617"},"modified":"2026-03-31T08:42:41","modified_gmt":"2026-03-31T07:42:41","slug":"gecko-sicherheitsschuh-3","status":"publish","type":"product","link":"https:\/\/shop.kustom.ch\/en\/product\/gecko-sicherheitsschuh-3\/","title":{"rendered":"Gecko safety shoe"},"content":{"rendered":"<p>An airy safety shoe with mesh inserts on the sides to keep feet cool in warm and dry weather conditions or indoors. The upper is made from hardwearing textile and has all-round KPU protection to withstand tough environments. The Freelock solution makes the shoes easy and comfortable to put on and take off. The protective toe cap is made of composite. The outsole is made of nitrile rubber for maximum durability and the textile penetration protection fulfils the strict requirements of EN 22568-4 for 3 mm nails. The anatomically moulded insole is made of soft PU material for optimum comfort and has a textile upper with good moisture absorption. These shoes are particularly suitable for work in the areas of construction, transport, maintenance, repair and machine operation. Ladies' lasts in sizes 35-39.<\/p>\n<p>THROUGH-PRESSION PROTECTION MATERIAL: Textile PS. FUNCTIONALITY: Breathable insole. LINING: Polyester. INSOLE MATERIAL: Textile, soft PU. UPPER: Fabric material. FIT: Wide. FABRIC: Unisex. yellow. ESD. TOE CUP MATERIAL: Composite. CERTIFICATION: EN ISO 20345:2011 S1 P SRC HRO ESD<\/p>","protected":false},"excerpt":{"rendered":"<p>Ein luftiger Sicherheitsschuh mit Mesh-Eins\u00e4tzen an den Seiten, um die F\u00fcsse bei warmen und trockenen Wetterbedingungen oder in Innenr\u00e4umen k\u00fchl zu halten. Das Obermaterial besteht aus strapazierf\u00e4higem Textil und ist mit einem Rundumschutz aus KPU versehen, um harten Umgebungen standzuhalten. Die Freelock-L\u00f6sung macht das An- und Ausziehen der Schuhe einfach und bequem. Die Zehenschutzkappe ist [&hellip;]<\/p>\n","protected":false},"featured_media":584650,"template":"","meta":[],"product_brand":[],"product_cat":[9643,4197],"product_tag":[],"class_list":{"0":"post-584617","1":"product","2":"type-product","3":"status-publish","4":"has-post-thumbnail","6":"product_cat-equipment","7":"product_cat-schuhe-sandalen","8":"pa_brand-blaklaeder","9":"pa_brand-type-workwear","10":"pa_filter-color-gelb","11":"pa_filter-color-rot","12":"pa_filter-color-schwarz","14":"first","15":"instock","16":"sale","17":"taxable","18":"shipping-taxable","19":"purchasable","20":"product-type-variable","21":"add-to-wishlist-before_image"},"exclude_global_add_ons":[],"addons":[],"acf":[],"_links":{"self":[{"href":"https:\/\/shop.kustom.ch\/en\/wp-json\/wp\/v2\/product\/584617"}],"collection":[{"href":"https:\/\/shop.kustom.ch\/en\/wp-json\/wp\/v2\/product"}],"about":[{"href":"https:\/\/shop.kustom.ch\/en\/wp-json\/wp\/v2\/types\/product"}],"wp:featuredmedia":[{"embeddable":true,"href":"https:\/\/shop.kustom.ch\/en\/wp-json\/wp\/v2\/media\/584650"}],"wp:attachment":[{"href":"https:\/\/shop.kustom.ch\/en\/wp-json\/wp\/v2\/media?parent=584617"}],"wp:term":[{"taxonomy":"product_brand","embeddable":true,"href":"https:\/\/shop.kustom.ch\/en\/wp-json\/wp\/v2\/product_brand?post=584617"},{"taxonomy":"product_cat","embeddable":true,"href":"https:\/\/shop.kustom.ch\/en\/wp-json\/wp\/v2\/product_cat?post=584617"},{"taxonomy":"product_tag","embeddable":true,"href":"https:\/\/shop.kustom.ch\/en\/wp-json\/wp\/v2\/product_tag?post=584617"}],"curies":[{"name":"wp","href":"https:\/\/api.w.org\/{rel}","templated":true}]}}