{"id":584581,"date":"2025-03-04T10:23:17","date_gmt":"2025-03-04T09:23:17","guid":{"rendered":"https:\/\/shop.kustom.ch\/?post_type=product&#038;p=584581"},"modified":"2026-03-31T08:42:40","modified_gmt":"2026-03-31T07:42:40","slug":"gecko-sicherheitsschuh-2","status":"publish","type":"product","link":"https:\/\/shop.kustom.ch\/en\/product\/gecko-sicherheitsschuh-2\/","title":{"rendered":"GECKO safety shoe"},"content":{"rendered":"<p>A quality microfibre shoe with additional protection around the surface with KPU to withstand harsh environments. The Freelock fastening makes it easier and simpler to put on and take off the shoes. The outsole is made of nitrile rubber for optimum durability and the textile penetration protection also fulfils the tough requirements of the EN 22568-4 standard with 3 mm nails. The protective toe cap is made of composite. The insole, which has been anatomically developed for the best comfort, is made of a soft PU material and has a textile surface with good moisture absorption. The shoe is best suited for craftsmen in the construction, transport, maintenance, repair and service sectors. Women's last in sizes 35-39.<\/p>\n<p>THROUGHPUT PROTECTION MATERIAL: Textile PS. FUNCTIONALITY: Heel reinforcement. LINING: Polyester. INSOLE MATERIAL: Textile, soft PU. UPPER: Microfibre. FIT: Wide. FABRIC: Unisex. yellow. ESD. TOE CUP MATERIAL: Composite. CERTIFICATION: EN ISO 20345:2011 S3 SRC HRO ESD<\/p>","protected":false},"excerpt":{"rendered":"<p>Ein Qualit\u00e4tsschuh aus Mikrofaser, der zus\u00e4tzlich einen Schutz um die Oberfl\u00e4che herum mit KPU hat, um rauen Umgebungen Stand zu halten. Der Freelock-Verschluss erleichtert und vereinfacht das An- und Ausziehen der Schuhe. Die Laufsohle besteht aus Nitrilkautschuk f\u00fcr beste Haltbarkeit und der textile Durchtrittschutz erf\u00fcllt auch die harten Anforderungen der EN 22568-4 Norm mit 3 [&hellip;]<\/p>\n","protected":false},"featured_media":584628,"template":"","meta":[],"product_brand":[],"product_cat":[9643,4197],"product_tag":[],"class_list":{"0":"post-584581","1":"product","2":"type-product","3":"status-publish","4":"has-post-thumbnail","6":"product_cat-equipment","7":"product_cat-schuhe-sandalen","8":"pa_brand-blaklaeder","9":"pa_brand-type-workwear","10":"pa_filter-color-gelb","11":"pa_filter-color-orange","12":"pa_filter-color-rot","13":"pa_filter-color-schwarz","15":"first","16":"instock","17":"sale","18":"taxable","19":"shipping-taxable","20":"purchasable","21":"product-type-variable","22":"add-to-wishlist-before_image"},"exclude_global_add_ons":[],"addons":[],"acf":[],"_links":{"self":[{"href":"https:\/\/shop.kustom.ch\/en\/wp-json\/wp\/v2\/product\/584581"}],"collection":[{"href":"https:\/\/shop.kustom.ch\/en\/wp-json\/wp\/v2\/product"}],"about":[{"href":"https:\/\/shop.kustom.ch\/en\/wp-json\/wp\/v2\/types\/product"}],"wp:featuredmedia":[{"embeddable":true,"href":"https:\/\/shop.kustom.ch\/en\/wp-json\/wp\/v2\/media\/584628"}],"wp:attachment":[{"href":"https:\/\/shop.kustom.ch\/en\/wp-json\/wp\/v2\/media?parent=584581"}],"wp:term":[{"taxonomy":"product_brand","embeddable":true,"href":"https:\/\/shop.kustom.ch\/en\/wp-json\/wp\/v2\/product_brand?post=584581"},{"taxonomy":"product_cat","embeddable":true,"href":"https:\/\/shop.kustom.ch\/en\/wp-json\/wp\/v2\/product_cat?post=584581"},{"taxonomy":"product_tag","embeddable":true,"href":"https:\/\/shop.kustom.ch\/en\/wp-json\/wp\/v2\/product_tag?post=584581"}],"curies":[{"name":"wp","href":"https:\/\/api.w.org\/{rel}","templated":true}]}}