{"id":584564,"date":"2025-03-04T10:23:13","date_gmt":"2025-03-04T09:23:13","guid":{"rendered":"https:\/\/shop.kustom.ch\/?post_type=product&#038;p=584564"},"modified":"2026-03-31T08:42:35","modified_gmt":"2026-03-31T07:42:35","slug":"gecko-sicherheitsschuh","status":"publish","type":"product","link":"https:\/\/shop.kustom.ch\/en\/product\/gecko-sicherheitsschuh\/","title":{"rendered":"GECKO safety shoe"},"content":{"rendered":"<p>A quality shoe made from a very strong textile upper with reflective threads and KPU-reinforced toe and heel areas. The Freelock fastening makes the shoe easier and simpler to put on and take off. The outsole is made of nitrile rubber for optimum durability and the textile penetration protection also fulfils the tough requirements of the EN 22568-4 standard with 3 mm nails. The protective toe cap is made of composite. The insole, which has been anatomically developed for the best comfort, is made of a soft PU material and has a textile surface with good moisture absorption. The shoe is best suited for outdoor work in the construction, transport, maintenance, repair and service sectors. Women's last in sizes 35-39.<\/p>\n<p>PASS-THROUGH PROTECTION MATERIAL: Textile PS. FUNCTIONALITY: ESD tested (approved according to IEC 61340-5-1). LINING: Polyester. INNER SOLE MATERIAL: Textile, soft PU. UPPER: Fabric material. FIT: Wide. FABRIC: Unisex. black. water-repellent. TOE CAP MATERIAL: Composite. CERTIFICATION: EN ISO 20345:2011 S3 SRC HRO ESD<\/p>","protected":false},"excerpt":{"rendered":"<p>Ein Qualit\u00e4tsschuh aus einem sehr starken textilen Obermaterial mit reflektierenden F\u00e4den und KPU-verst\u00e4rkten Zehen- und Fersenbereichen. Der Freelock-Verschluss erleichtert und vereinfacht das An- und Ausziehen des Schuhs. Die Laufsohle besteht aus Nitrilkautschuk f\u00fcr beste Haltbarkeit und der textile Durchtrittschutz erf\u00fcllt auch die harten Anforderungen der EN 22568-4 Norm mit 3 mm N\u00e4geln. Die Zehenschutzkappe besteht [&hellip;]<\/p>\n","protected":false},"featured_media":584627,"template":"","meta":[],"product_brand":[],"product_cat":[9643,4197],"product_tag":[],"class_list":{"0":"post-584564","1":"product","2":"type-product","3":"status-publish","4":"has-post-thumbnail","6":"product_cat-equipment","7":"product_cat-schuhe-sandalen","8":"pa_brand-blaklaeder","9":"pa_brand-type-workwear","10":"pa_filter-color-schwarz","12":"first","13":"instock","14":"sale","15":"taxable","16":"shipping-taxable","17":"purchasable","18":"product-type-variable","19":"add-to-wishlist-before_image"},"exclude_global_add_ons":[],"addons":[],"acf":[],"_links":{"self":[{"href":"https:\/\/shop.kustom.ch\/en\/wp-json\/wp\/v2\/product\/584564"}],"collection":[{"href":"https:\/\/shop.kustom.ch\/en\/wp-json\/wp\/v2\/product"}],"about":[{"href":"https:\/\/shop.kustom.ch\/en\/wp-json\/wp\/v2\/types\/product"}],"wp:featuredmedia":[{"embeddable":true,"href":"https:\/\/shop.kustom.ch\/en\/wp-json\/wp\/v2\/media\/584627"}],"wp:attachment":[{"href":"https:\/\/shop.kustom.ch\/en\/wp-json\/wp\/v2\/media?parent=584564"}],"wp:term":[{"taxonomy":"product_brand","embeddable":true,"href":"https:\/\/shop.kustom.ch\/en\/wp-json\/wp\/v2\/product_brand?post=584564"},{"taxonomy":"product_cat","embeddable":true,"href":"https:\/\/shop.kustom.ch\/en\/wp-json\/wp\/v2\/product_cat?post=584564"},{"taxonomy":"product_tag","embeddable":true,"href":"https:\/\/shop.kustom.ch\/en\/wp-json\/wp\/v2\/product_tag?post=584564"}],"curies":[{"name":"wp","href":"https:\/\/api.w.org\/{rel}","templated":true}]}}