{"id":584542,"date":"2025-03-04T10:22:37","date_gmt":"2025-03-04T09:22:37","guid":{"rendered":"https:\/\/shop.kustom.ch\/?post_type=product&#038;p=584542"},"modified":"2025-03-04T10:24:21","modified_gmt":"2025-03-04T09:24:21","slug":"einlegesohle-fuer-hohlfuss","status":"publish","type":"product","link":"https:\/\/shop.kustom.ch\/en\/product\/einlegesohle-fuer-hohlfuss\/","title":{"rendered":"Insole for hollow foot"},"content":{"rendered":"<p>Insole developed for hollow feet and with medium cushioning. This insole supports the heel area and stabilises the ankle.<\/p>\n<p>FUNCTIONALITY: Heel support. Shock absorption. FIT: High arch. FABRIC: Unisex. blue. PACKAGING: Supplied in pairs<\/p>\n<p>EVA, TPU<\/p>","protected":false},"excerpt":{"rendered":"<p>Einlegesohle entwickelt f\u00fcr den Hohlfuss und mit mittlerer D\u00e4mpfung. Diese Sohle unterst\u00fctzt den Fersenbereich und die Stabilisierung des Fussgelenks. FUNKTIONALIT\u00c4T: Fersenst\u00fctze. Stossd\u00e4mpfung. PASSFORM: Hohe W\u00f6lbung. STOFF: Unisex. blau. VERPACKUNG: Lieferung paarweise EVA, TPU<\/p>","protected":false},"featured_media":584588,"template":"","meta":[],"product_brand":[],"product_cat":[9643,4197],"product_tag":[],"class_list":{"0":"post-584542","1":"product","2":"type-product","3":"status-publish","4":"has-post-thumbnail","6":"product_cat-equipment","7":"product_cat-schuhe-sandalen","8":"pa_brand-blaklaeder","9":"pa_brand-type-workwear","10":"pa_filter-color-blau","12":"first","13":"instock","14":"sale","15":"taxable","16":"shipping-taxable","17":"purchasable","18":"product-type-variable","19":"add-to-wishlist-before_image"},"exclude_global_add_ons":[],"addons":[],"acf":[],"_links":{"self":[{"href":"https:\/\/shop.kustom.ch\/en\/wp-json\/wp\/v2\/product\/584542"}],"collection":[{"href":"https:\/\/shop.kustom.ch\/en\/wp-json\/wp\/v2\/product"}],"about":[{"href":"https:\/\/shop.kustom.ch\/en\/wp-json\/wp\/v2\/types\/product"}],"wp:featuredmedia":[{"embeddable":true,"href":"https:\/\/shop.kustom.ch\/en\/wp-json\/wp\/v2\/media\/584588"}],"wp:attachment":[{"href":"https:\/\/shop.kustom.ch\/en\/wp-json\/wp\/v2\/media?parent=584542"}],"wp:term":[{"taxonomy":"product_brand","embeddable":true,"href":"https:\/\/shop.kustom.ch\/en\/wp-json\/wp\/v2\/product_brand?post=584542"},{"taxonomy":"product_cat","embeddable":true,"href":"https:\/\/shop.kustom.ch\/en\/wp-json\/wp\/v2\/product_cat?post=584542"},{"taxonomy":"product_tag","embeddable":true,"href":"https:\/\/shop.kustom.ch\/en\/wp-json\/wp\/v2\/product_tag?post=584542"}],"curies":[{"name":"wp","href":"https:\/\/api.w.org\/{rel}","templated":true}]}}