{"id":584466,"date":"2025-03-04T10:21:11","date_gmt":"2025-03-04T09:21:11","guid":{"rendered":"https:\/\/shop.kustom.ch\/?post_type=product&#038;p=584466"},"modified":"2026-03-31T08:42:15","modified_gmt":"2026-03-31T07:42:15","slug":"elite-sicherheitsschuh-2","status":"publish","type":"product","link":"https:\/\/shop.kustom.ch\/en\/product\/elite-sicherheitsschuh-2\/","title":{"rendered":"ELITE safety shoe"},"content":{"rendered":"<p>A durable shoe with a membrane that keeps you dry in wet environments. This shoe is made from smooth, high-quality, full-grain leather for the best possible comfort. With textile nail penetration protection, an aluminium toe cap and a TPU-reinforced toe and heel area, the shoe is made for demanding conditions. The insole with anatomical support is made of a smooth PU material covered with a textile surface with good moisture absorption. The membrane keeps you dry throughout the day and the Freelock fastening makes it easy to get in and out of the shoes. The shoe is well suited for craftsmen in the building trade, plumbers, electricians and maintenance personnel. Women's lasts in sizes 35-39.<\/p>\n<p>PASS-THROUGH PROTECTION MATERIAL: Textile PL. FUNCTIONALITY: ESD tested (approved with IEC 61340-5-1). LINING: Polyester. INNER SOLE MATERIAL: Textile, soft PU. UPPER: Full leather. FIT: Wide. FABRIC: Unisex. black. waterproof. SYMBOLS: Water proof 3. TOE CAP MATERIAL: Aluminium. CERTIFICATION: EN ISO 20345:2011 S3 SRC WR ESD<\/p>","protected":false},"excerpt":{"rendered":"<p>Ein haltbarer Schuh mit einer Membran, die Sie in nassen Umgebungen trocken h\u00e4lt. Dieser Schuh ist aus glattem, hochwertigem, vollnarbigem Leder f\u00fcr bestm\u00f6glichen Komfort gefertigt. Mit einem textilen Nageldurchtrittschutz, einer Aluminium-Zehenkappe und einem TPU-verst\u00e4rkten Zehen- und Fersenbereich ist der Schuh f\u00fcr anspruchsvolle Bedingungen gemacht. Die Innensohle mit anatomischer Unterst\u00fctzung besteht aus einem glatten PU-Material, das [&hellip;]<\/p>\n","protected":false},"featured_media":584511,"template":"","meta":[],"product_brand":[],"product_cat":[9643,4197],"product_tag":[],"class_list":{"0":"post-584466","1":"product","2":"type-product","3":"status-publish","4":"has-post-thumbnail","6":"product_cat-equipment","7":"product_cat-schuhe-sandalen","8":"pa_brand-blaklaeder","9":"pa_brand-type-workwear","10":"pa_filter-color-schwarz","12":"first","13":"instock","14":"sale","15":"taxable","16":"shipping-taxable","17":"purchasable","18":"product-type-variable","19":"add-to-wishlist-before_image"},"exclude_global_add_ons":[],"addons":[],"acf":[],"_links":{"self":[{"href":"https:\/\/shop.kustom.ch\/en\/wp-json\/wp\/v2\/product\/584466"}],"collection":[{"href":"https:\/\/shop.kustom.ch\/en\/wp-json\/wp\/v2\/product"}],"about":[{"href":"https:\/\/shop.kustom.ch\/en\/wp-json\/wp\/v2\/types\/product"}],"wp:featuredmedia":[{"embeddable":true,"href":"https:\/\/shop.kustom.ch\/en\/wp-json\/wp\/v2\/media\/584511"}],"wp:attachment":[{"href":"https:\/\/shop.kustom.ch\/en\/wp-json\/wp\/v2\/media?parent=584466"}],"wp:term":[{"taxonomy":"product_brand","embeddable":true,"href":"https:\/\/shop.kustom.ch\/en\/wp-json\/wp\/v2\/product_brand?post=584466"},{"taxonomy":"product_cat","embeddable":true,"href":"https:\/\/shop.kustom.ch\/en\/wp-json\/wp\/v2\/product_cat?post=584466"},{"taxonomy":"product_tag","embeddable":true,"href":"https:\/\/shop.kustom.ch\/en\/wp-json\/wp\/v2\/product_tag?post=584466"}],"curies":[{"name":"wp","href":"https:\/\/api.w.org\/{rel}","templated":true}]}}