{"id":584447,"date":"2025-03-04T10:21:06","date_gmt":"2025-03-04T09:21:06","guid":{"rendered":"https:\/\/shop.kustom.ch\/?post_type=product&#038;p=584447"},"modified":"2026-03-31T08:42:14","modified_gmt":"2026-03-31T07:42:14","slug":"elite-sicherheitsstiefel","status":"publish","type":"product","link":"https:\/\/shop.kustom.ch\/en\/product\/elite-sicherheitsstiefel\/","title":{"rendered":"ELITE safety boots"},"content":{"rendered":"<p>A high performance safety boot with very high durability and Freelock fastening from Bl\u00e5kl\u00e4der's Elite collection. This boot is made of a durable and smooth microfibre and protects the foot perfectly with an aluminium toe cap, soft nail penetration protection and a TPU reinforced toe and heel area. Reflective details on the side and heel make you and your shoes visible when needed. The insole with anatomical support is made of a smooth PU material covered with a textile surface with good moisture absorption. The shoes are well suited for craftsmen in the building trade, plumbers, electricians and maintenance personnel. Women's lasts in sizes 35-39.<\/p>\n<p>PROTECTIVE MATERIAL: Textile PL. FUNCTIONALITY: Padded shaft edge. LINING: Polyester. INNER SOLE MATERIAL: Textile, soft PU. UPPER: Microfibre. FIT: Wide. FABRIC: Unisex. black. water-repellent. TOE CAP MATERIAL: Aluminium. CERTIFICATION: EN ISO 20345:2011 S3 SRC ESD<\/p>","protected":false},"excerpt":{"rendered":"<p>Ein leistungsstarker Sicherheitsstiefel mit sehr hoher Haltbarkeit und Freelock-Verschluss aus der Elite Kollektion von Bl\u00e5kl\u00e4der. Dieser Schuh besteht aus einer haltbaren und glatten Mikrofaser und sch\u00fctzt den Fuss bestens mit einer Aluminium-Zehenkappe, einem weichen Nageldurchtrittsschutz und einem TPU-verst\u00e4rkten Zehen- und Fersenbereich. Reflektierende Details an der Seite sowie an der Ferse machen Sie und Ihre Schuhe [&hellip;]<\/p>\n","protected":false},"featured_media":584474,"template":"","meta":[],"product_brand":[],"product_cat":[9643,4197],"product_tag":[],"class_list":{"0":"post-584447","1":"product","2":"type-product","3":"status-publish","4":"has-post-thumbnail","6":"product_cat-equipment","7":"product_cat-schuhe-sandalen","8":"pa_brand-blaklaeder","9":"pa_brand-type-workwear","10":"pa_filter-color-schwarz","12":"first","13":"instock","14":"sale","15":"taxable","16":"shipping-taxable","17":"purchasable","18":"product-type-variable","19":"add-to-wishlist-before_image"},"exclude_global_add_ons":[],"addons":[],"acf":[],"_links":{"self":[{"href":"https:\/\/shop.kustom.ch\/en\/wp-json\/wp\/v2\/product\/584447"}],"collection":[{"href":"https:\/\/shop.kustom.ch\/en\/wp-json\/wp\/v2\/product"}],"about":[{"href":"https:\/\/shop.kustom.ch\/en\/wp-json\/wp\/v2\/types\/product"}],"wp:featuredmedia":[{"embeddable":true,"href":"https:\/\/shop.kustom.ch\/en\/wp-json\/wp\/v2\/media\/584474"}],"wp:attachment":[{"href":"https:\/\/shop.kustom.ch\/en\/wp-json\/wp\/v2\/media?parent=584447"}],"wp:term":[{"taxonomy":"product_brand","embeddable":true,"href":"https:\/\/shop.kustom.ch\/en\/wp-json\/wp\/v2\/product_brand?post=584447"},{"taxonomy":"product_cat","embeddable":true,"href":"https:\/\/shop.kustom.ch\/en\/wp-json\/wp\/v2\/product_cat?post=584447"},{"taxonomy":"product_tag","embeddable":true,"href":"https:\/\/shop.kustom.ch\/en\/wp-json\/wp\/v2\/product_tag?post=584447"}],"curies":[{"name":"wp","href":"https:\/\/api.w.org\/{rel}","templated":true}]}}