{"id":584446,"date":"2025-03-04T10:21:06","date_gmt":"2025-03-04T09:21:06","guid":{"rendered":"https:\/\/shop.kustom.ch\/?post_type=product&#038;p=584446"},"modified":"2026-03-31T08:42:07","modified_gmt":"2026-03-31T07:42:07","slug":"elite-sicherheitsstiefel-s3","status":"publish","type":"product","link":"https:\/\/shop.kustom.ch\/en\/product\/elite-sicherheitsstiefel-s3\/","title":{"rendered":"ELITE safety boots, S3"},"content":{"rendered":"<p>Leather safety boot from the Bl\u00e5kl\u00e4der Elite collection that delivers what it promises. This top-class ankle-high boot guarantees very high durability and, above all, the necessary protection. The ankle section with soft padding ensures high stability, while the aluminium toe cap, the soft puncture-resistant midsole and the extra TPU-protected toe and heel sections guarantee safety. The insole offers anatomical support and is made of soft PU material covered with textile and has good moisture absorption. Reflective areas are located on the heel and side. Ideally suited for outdoor work in the construction, transport, maintenance, repair and machine operation sectors. Ladies' lasts in sizes 35-39. <\/p>\n<p>PASS-THROUGH PROTECTION MATERIAL: Textile PL. FUNCTIONALITY: Antistatic properties. LINING: Polyester. INNER SOLE MATERIAL: Textile, soft PU. UPPER: Oil-treated leather. FIT: Wide. FABRIC: Unisex. black. ESD. TOE CUP MATERIAL: Aluminium. CERTIFICATION: EN ISO 20345:2011 S3 SRC ESD<\/p>","protected":false},"excerpt":{"rendered":"<p>Sicherheitsstiefel aus Leder aus der Elite Kollektion von Bl\u00e5kl\u00e4der, der h\u00e4lt, was er verspricht. Dieser kn\u00f6chelhohe Stiefel der Spitzenklasse garantiert eine sehr hohe Haltbarkeit und vor allem den notwendigen Schutz. Die Kn\u00f6chelpartie in weicher Polsterung sorgt f\u00fcr hohe Stabilit\u00e4t, w\u00e4hrend die Zehenkappe aus Aluminium, die weiche durchtrittsichere Zwischensohle und die extra TPU-gesch\u00fctzten Zehen- und Fersenteile [&hellip;]<\/p>\n","protected":false},"featured_media":584473,"template":"","meta":[],"product_brand":[],"product_cat":[9643,4197],"product_tag":[],"class_list":{"0":"post-584446","1":"product","2":"type-product","3":"status-publish","4":"has-post-thumbnail","6":"product_cat-equipment","7":"product_cat-schuhe-sandalen","8":"pa_brand-blaklaeder","9":"pa_brand-type-workwear","10":"pa_filter-color-schwarz","12":"first","13":"instock","14":"sale","15":"taxable","16":"shipping-taxable","17":"purchasable","18":"product-type-variable","19":"add-to-wishlist-before_image"},"exclude_global_add_ons":[],"addons":[],"acf":[],"_links":{"self":[{"href":"https:\/\/shop.kustom.ch\/en\/wp-json\/wp\/v2\/product\/584446"}],"collection":[{"href":"https:\/\/shop.kustom.ch\/en\/wp-json\/wp\/v2\/product"}],"about":[{"href":"https:\/\/shop.kustom.ch\/en\/wp-json\/wp\/v2\/types\/product"}],"wp:featuredmedia":[{"embeddable":true,"href":"https:\/\/shop.kustom.ch\/en\/wp-json\/wp\/v2\/media\/584473"}],"wp:attachment":[{"href":"https:\/\/shop.kustom.ch\/en\/wp-json\/wp\/v2\/media?parent=584446"}],"wp:term":[{"taxonomy":"product_brand","embeddable":true,"href":"https:\/\/shop.kustom.ch\/en\/wp-json\/wp\/v2\/product_brand?post=584446"},{"taxonomy":"product_cat","embeddable":true,"href":"https:\/\/shop.kustom.ch\/en\/wp-json\/wp\/v2\/product_cat?post=584446"},{"taxonomy":"product_tag","embeddable":true,"href":"https:\/\/shop.kustom.ch\/en\/wp-json\/wp\/v2\/product_tag?post=584446"}],"curies":[{"name":"wp","href":"https:\/\/api.w.org\/{rel}","templated":true}]}}