{"id":584408,"date":"2025-03-04T10:20:26","date_gmt":"2025-03-04T09:20:26","guid":{"rendered":"https:\/\/shop.kustom.ch\/?post_type=product&#038;p=584408"},"modified":"2026-03-31T08:42:05","modified_gmt":"2026-03-31T07:42:05","slug":"elite-sicherheitsschuh-s3","status":"publish","type":"product","link":"https:\/\/shop.kustom.ch\/en\/product\/elite-sicherheitsschuh-s3\/","title":{"rendered":"ELITE safety shoe, S3"},"content":{"rendered":"<p>High-performance safety shoe with very high durability from the Elite collection by Bl\u00e5kl\u00e4der. This shoe is made of extremely hard-wearing natural leather and provides optimum protection for the foot thanks to an aluminium toe cap, a soft puncture-resistant midsole and additional TPU protection in the toe and heel area. Reflective details on the side and heel make you and your shoes visible when needed. The insole offers anatomical support and is made of soft PU material covered with textile and has good moisture absorption, which, combined with the shoe's good breathability, provides an unbeatable overall impression. Ideally suited for outdoor work in construction, transport, maintenance, repair and machine operation. Women's last in sizes 35-39.<\/p>\n<p>PASS-THROUGH PROTECTION MATERIAL: Textile PL. FUNCTIONALITY: Antistatic properties. LINING: Polyester. INNER SOLE MATERIAL: Textile, soft PU. UPPER: Oil-treated leather. FIT: Wide. FABRIC: Unisex. black. ESD. TOE CUP MATERIAL: Aluminium. CERTIFICATION: EN ISO 20345:2011 S3 SRC ESD<\/p>","protected":false},"excerpt":{"rendered":"<p>Hochleistungs-Sicherheitsschuh mit sehr hoher Haltbarkeit aus der Elite Kollektion von Bl\u00e5kl\u00e4der. Dieser Schuh ist aus extrem strapazierf\u00e4higem Naturleder gefertigt und sch\u00fctzt den Fuss durch eine Aluminium-Zehenkappe, eine weiche durchtrittsichere Zwischensohle und zus\u00e4tzlichen TPU-Schutz im Zehen- und Fersenbereich optimal. Reflektierende Details an der Seite sowie an der Ferse machen Sie und Ihre Schuhe bei Bedarf sichtbar. [&hellip;]<\/p>\n","protected":false},"featured_media":584436,"template":"","meta":[],"product_brand":[],"product_cat":[9643,4197],"product_tag":[],"class_list":{"0":"post-584408","1":"product","2":"type-product","3":"status-publish","4":"has-post-thumbnail","6":"product_cat-equipment","7":"product_cat-schuhe-sandalen","8":"pa_brand-blaklaeder","9":"pa_brand-type-workwear","10":"pa_filter-color-schwarz","12":"first","13":"instock","14":"sale","15":"taxable","16":"shipping-taxable","17":"purchasable","18":"product-type-variable","19":"add-to-wishlist-before_image"},"exclude_global_add_ons":[],"addons":[],"acf":[],"_links":{"self":[{"href":"https:\/\/shop.kustom.ch\/en\/wp-json\/wp\/v2\/product\/584408"}],"collection":[{"href":"https:\/\/shop.kustom.ch\/en\/wp-json\/wp\/v2\/product"}],"about":[{"href":"https:\/\/shop.kustom.ch\/en\/wp-json\/wp\/v2\/types\/product"}],"wp:featuredmedia":[{"embeddable":true,"href":"https:\/\/shop.kustom.ch\/en\/wp-json\/wp\/v2\/media\/584436"}],"wp:attachment":[{"href":"https:\/\/shop.kustom.ch\/en\/wp-json\/wp\/v2\/media?parent=584408"}],"wp:term":[{"taxonomy":"product_brand","embeddable":true,"href":"https:\/\/shop.kustom.ch\/en\/wp-json\/wp\/v2\/product_brand?post=584408"},{"taxonomy":"product_cat","embeddable":true,"href":"https:\/\/shop.kustom.ch\/en\/wp-json\/wp\/v2\/product_cat?post=584408"},{"taxonomy":"product_tag","embeddable":true,"href":"https:\/\/shop.kustom.ch\/en\/wp-json\/wp\/v2\/product_tag?post=584408"}],"curies":[{"name":"wp","href":"https:\/\/api.w.org\/{rel}","templated":true}]}}