{"id":584387,"date":"2025-03-04T10:19:52","date_gmt":"2025-03-04T09:19:52","guid":{"rendered":"https:\/\/shop.kustom.ch\/?post_type=product&#038;p=584387"},"modified":"2026-03-31T08:42:04","modified_gmt":"2026-03-31T07:42:04","slug":"elite-sicherheitssandale","status":"publish","type":"product","link":"https:\/\/shop.kustom.ch\/en\/product\/elite-sicherheitssandale\/","title":{"rendered":"ELITE safety sandal"},"content":{"rendered":"<p>Open sandal with good protective capacity from Bl\u00e5kl\u00e4der's Elite collection. The insole is made of anatomically soft PU leather with good moisture absorption, which in combination with its design makes the sandal particularly suitable for indoor and outdoor work in summer. The sandal can be opened and closed with a Velcro fastener, it has an aluminium toe cap and a soft, puncture-resistant midsole, which makes it particularly flexible. The safety sandal is best suited for work in the construction, transport, maintenance, repair and machine operation sectors. Ladies' lasts in sizes 35-39.<\/p>\n<p>PASS-THROUGH PROTECTION MATERIAL: Textile PL. FUNCTIONALITY: Antistatic properties. LINING: Polyester. INNER SOLE MATERIAL: Textile, soft PU. UPPER: Oil-treated leather. FIT: Wide. FABRIC: Unisex. black. ESD. TOE CUP MATERIAL: Aluminium. CERTIFICATION: EN ISO 20345:2011 S1 P SRC ESD<\/p>","protected":false},"excerpt":{"rendered":"<p>Offene Sandale mit guter Schutzkapazit\u00e4t aus Bl\u00e5kl\u00e4ders Elite Kollektion. Die Innensohle besteht aus anatomisch weichem PU-Leder mit guter Feuchtigkeitsaufnahme, was die Sandale in Kombination mit ihrem Design besonders geeignet f\u00fcr die Arbeit im Innen- und Aussenbereich im Sommer macht. Die Sandale l\u00e4sst sich mit einem Klettverschluss \u00f6ffnen und schliessen, sie hat eine Zehenschutzkappe aus Aluminium [&hellip;]<\/p>\n","protected":false},"featured_media":584434,"template":"","meta":[],"product_brand":[],"product_cat":[9643,4197],"product_tag":[],"class_list":{"0":"post-584387","1":"product","2":"type-product","3":"status-publish","4":"has-post-thumbnail","6":"product_cat-equipment","7":"product_cat-schuhe-sandalen","8":"pa_brand-blaklaeder","9":"pa_brand-type-workwear","10":"pa_filter-color-schwarz","12":"first","13":"instock","14":"sale","15":"taxable","16":"shipping-taxable","17":"purchasable","18":"product-type-variable","19":"add-to-wishlist-before_image"},"exclude_global_add_ons":[],"addons":[],"acf":[],"_links":{"self":[{"href":"https:\/\/shop.kustom.ch\/en\/wp-json\/wp\/v2\/product\/584387"}],"collection":[{"href":"https:\/\/shop.kustom.ch\/en\/wp-json\/wp\/v2\/product"}],"about":[{"href":"https:\/\/shop.kustom.ch\/en\/wp-json\/wp\/v2\/types\/product"}],"wp:featuredmedia":[{"embeddable":true,"href":"https:\/\/shop.kustom.ch\/en\/wp-json\/wp\/v2\/media\/584434"}],"wp:attachment":[{"href":"https:\/\/shop.kustom.ch\/en\/wp-json\/wp\/v2\/media?parent=584387"}],"wp:term":[{"taxonomy":"product_brand","embeddable":true,"href":"https:\/\/shop.kustom.ch\/en\/wp-json\/wp\/v2\/product_brand?post=584387"},{"taxonomy":"product_cat","embeddable":true,"href":"https:\/\/shop.kustom.ch\/en\/wp-json\/wp\/v2\/product_cat?post=584387"},{"taxonomy":"product_tag","embeddable":true,"href":"https:\/\/shop.kustom.ch\/en\/wp-json\/wp\/v2\/product_tag?post=584387"}],"curies":[{"name":"wp","href":"https:\/\/api.w.org\/{rel}","templated":true}]}}