{"id":584274,"date":"2025-03-04T10:17:39","date_gmt":"2025-03-04T09:17:39","guid":{"rendered":"https:\/\/shop.kustom.ch\/?post_type=product&#038;p=584274"},"modified":"2026-03-31T08:41:40","modified_gmt":"2026-03-31T07:41:40","slug":"retro-sicherheitsstiefel","status":"publish","type":"product","link":"https:\/\/shop.kustom.ch\/en\/product\/retro-sicherheitsstiefel\/","title":{"rendered":"RETRO safety boots"},"content":{"rendered":"<p>A really good safety boot with a classic look from Bl\u00e5kl\u00e4der's RETRO collection. A versatile outdoor boot with top class durability and strength combined with much needed comfort. The boot has an aluminium toe cap and a puncture resistant steel midsole, providing the wearer with the protection needed for the toughest jobs. Reflective details on the side make you and your shoes visible when necessary. The insole offers anatomical support and is made of soft PU material covered with textile and has good moisture absorption. The safety boot is ideal for light work in the construction, transport, maintenance, repair and machine operation sectors. Ladies' lasts in sizes 35-39. <\/p>\n<p>PUNCH PROTECTION MATERIAL: Steel. FUNCTIONALITY: Oil-repellent outsole. LINING: Polyester. INNER SOLE MATERIAL: Textile, soft PU. UPPER: PU-coated leather. FIT: Normal. FABRIC: Unisex. black. water-repellent. TOE CAP MATERIAL: Aluminium. CERTIFICATION: EN ISO 20345:2011 S3 SRC ESD<\/p>","protected":false},"excerpt":{"rendered":"<p>Ein wirklich guter Sicherheitsstiefel mit klassischem Look aus der RETRO-Kollektion von Bl\u00e5kl\u00e4der. Ein vielseitiger Outdoor-Stiefel, dessen Haltbarkeit und Festigkeit von h\u00f6chster Klasse sind, kombiniert mit dem dringend ben\u00f6tigten Komfort. Der Stiefel hat eine Zehenkappe aus Aluminium und eine durchtrittsichere Zwischensohle aus Stahl, die dem Tr\u00e4ger den f\u00fcr die h\u00e4rtesten Arbeiten erforderlichen Schutz bietet. Reflexdetails an [&hellip;]<\/p>\n","protected":false},"featured_media":584320,"template":"","meta":[],"product_brand":[],"product_cat":[9643,4197],"product_tag":[],"class_list":{"0":"post-584274","1":"product","2":"type-product","3":"status-publish","4":"has-post-thumbnail","6":"product_cat-equipment","7":"product_cat-schuhe-sandalen","8":"pa_brand-blaklaeder","9":"pa_brand-type-workwear","10":"pa_filter-color-schwarz","12":"first","13":"instock","14":"sale","15":"taxable","16":"shipping-taxable","17":"purchasable","18":"product-type-variable","19":"add-to-wishlist-before_image"},"exclude_global_add_ons":[],"addons":[],"acf":[],"_links":{"self":[{"href":"https:\/\/shop.kustom.ch\/en\/wp-json\/wp\/v2\/product\/584274"}],"collection":[{"href":"https:\/\/shop.kustom.ch\/en\/wp-json\/wp\/v2\/product"}],"about":[{"href":"https:\/\/shop.kustom.ch\/en\/wp-json\/wp\/v2\/types\/product"}],"wp:featuredmedia":[{"embeddable":true,"href":"https:\/\/shop.kustom.ch\/en\/wp-json\/wp\/v2\/media\/584320"}],"wp:attachment":[{"href":"https:\/\/shop.kustom.ch\/en\/wp-json\/wp\/v2\/media?parent=584274"}],"wp:term":[{"taxonomy":"product_brand","embeddable":true,"href":"https:\/\/shop.kustom.ch\/en\/wp-json\/wp\/v2\/product_brand?post=584274"},{"taxonomy":"product_cat","embeddable":true,"href":"https:\/\/shop.kustom.ch\/en\/wp-json\/wp\/v2\/product_cat?post=584274"},{"taxonomy":"product_tag","embeddable":true,"href":"https:\/\/shop.kustom.ch\/en\/wp-json\/wp\/v2\/product_tag?post=584274"}],"curies":[{"name":"wp","href":"https:\/\/api.w.org\/{rel}","templated":true}]}}