{"id":583945,"date":"2025-03-04T10:07:29","date_gmt":"2025-03-04T09:07:29","guid":{"rendered":"https:\/\/shop.kustom.ch\/?post_type=product&#038;p=583945"},"modified":"2026-03-31T08:40:29","modified_gmt":"2026-03-31T07:40:29","slug":"socken-light","status":"publish","type":"product","link":"https:\/\/shop.kustom.ch\/en\/product\/socken-light\/","title":{"rendered":"LIGHT socks"},"content":{"rendered":"<p>Soft and comfortable socks for the whole year. These socks keep you dry and warm and have functional breathability as well as an insulating air pocket between the sole of the foot and the shoe. Elastane inserts in technical knitted areas ensure a perfect fit.<\/p>\n<p>FUNCTIONALITY: Air bubble between foot and shoe provides extra insulation. Elastane fibre in technical knitted areas for a good fit. MAIN FEATURES: Unisex. FABRIC: black. WASHING INSTRUCTIONS: Do not dry clean<\/p>\n<p>60% wool, 38% polyamide, 2% elastane<\/p>","protected":false},"excerpt":{"rendered":"<p>Weicher und komfortabler Socken f\u00fcr das ganze Jahr. Diese Socken halten trocken und warm und haben eine funktionelle Atmungsaktivit\u00e4t sowie eine isolierende Lufttasche zwischen Fusssohle und Schuh. Elastan-Eins\u00e4tze in technisch gestrickten Bereichen sorgen f\u00fcr einen perfekten Sitz. FUNKTIONALIT\u00c4T: Luftblase zwischen Fuss und Schuh bietet extra Isolierung. Elasthan-Faser in technisch gestrickten Bereichen f\u00fcr eine gute Passform. [&hellip;]<\/p>\n","protected":false},"featured_media":584020,"template":"","meta":[],"product_brand":[],"product_cat":[4199],"product_tag":[],"class_list":{"0":"post-583945","1":"product","2":"type-product","3":"status-publish","4":"has-post-thumbnail","6":"product_cat-socken","7":"pa_brand-blaklaeder","8":"pa_brand-type-workwear","9":"pa_filter-color-blau","11":"first","12":"instock","13":"sale","14":"taxable","15":"shipping-taxable","16":"purchasable","17":"product-type-variable","18":"add-to-wishlist-before_image"},"exclude_global_add_ons":[],"addons":[],"acf":[],"_links":{"self":[{"href":"https:\/\/shop.kustom.ch\/en\/wp-json\/wp\/v2\/product\/583945"}],"collection":[{"href":"https:\/\/shop.kustom.ch\/en\/wp-json\/wp\/v2\/product"}],"about":[{"href":"https:\/\/shop.kustom.ch\/en\/wp-json\/wp\/v2\/types\/product"}],"wp:featuredmedia":[{"embeddable":true,"href":"https:\/\/shop.kustom.ch\/en\/wp-json\/wp\/v2\/media\/584020"}],"wp:attachment":[{"href":"https:\/\/shop.kustom.ch\/en\/wp-json\/wp\/v2\/media?parent=583945"}],"wp:term":[{"taxonomy":"product_brand","embeddable":true,"href":"https:\/\/shop.kustom.ch\/en\/wp-json\/wp\/v2\/product_brand?post=583945"},{"taxonomy":"product_cat","embeddable":true,"href":"https:\/\/shop.kustom.ch\/en\/wp-json\/wp\/v2\/product_cat?post=583945"},{"taxonomy":"product_tag","embeddable":true,"href":"https:\/\/shop.kustom.ch\/en\/wp-json\/wp\/v2\/product_tag?post=583945"}],"curies":[{"name":"wp","href":"https:\/\/api.w.org\/{rel}","templated":true}]}}