{"id":583944,"date":"2025-03-04T10:07:29","date_gmt":"2025-03-04T09:07:29","guid":{"rendered":"https:\/\/shop.kustom.ch\/?post_type=product&#038;p=583944"},"modified":"2025-03-04T10:10:51","modified_gmt":"2025-03-04T09:10:51","slug":"socken-2er-pack-dry","status":"publish","type":"product","link":"https:\/\/shop.kustom.ch\/en\/product\/socken-2er-pack-dry\/","title":{"rendered":"Socks 2-pack DRY"},"content":{"rendered":"<p>Perfect comfort for everyday use. This sock absorbs moisture and keeps the foot dry and fresh. Elastane inserts in technical knitted areas ensure a perfect fit.<\/p>\n<p>FUNCTIONALITY: Moisture-wicking. Elastane fibre in technical knitted areas for a good fit. MAIN FEATURES: Unisex. FABRIC: Bright green. WASHING INSTRUCTIONS: Do not spin. PACKAGING: 2-pack<\/p>\n<p>80% polyester (Coolmax), 17% polyamide, 3% elastane<\/p>","protected":false},"excerpt":{"rendered":"<p>Perfekter Tragekomfort im t\u00e4glichen Gebrauch. Dieser Socken absorbiert Feuchtigkeit und h\u00e4lt den Fuss trocken und frisch. Elasthan-Eins\u00e4tze in technisch gestrickten Bereichen sorgen f\u00fcr einen perfekten Sitz. FUNKTIONALIT\u00c4T: Feuchtigkeitsableitend. Elasthan-Faser in technisch gestrickten Bereichen f\u00fcr eine gute Passform. HAUPTEIGENSCHAFTEN: Unisex. STOFF: Bright green. WASCHANLEITUNG: Nicht schleudern. VERPACKUNG: 2er-Pack 80% Polyester (Coolmax), 17% Polyamid, 3% Elastan<\/p>","protected":false},"featured_media":584019,"template":"","meta":[],"product_brand":[],"product_cat":[4199],"product_tag":[],"class_list":{"0":"post-583944","1":"product","2":"type-product","3":"status-publish","4":"has-post-thumbnail","6":"product_cat-socken","7":"pa_brand-blaklaeder","8":"pa_brand-type-workwear","9":"pa_filter-color-gruen","10":"pa_filter-color-schwarz","12":"first","13":"instock","14":"sale","15":"taxable","16":"shipping-taxable","17":"purchasable","18":"product-type-variable","19":"add-to-wishlist-before_image"},"exclude_global_add_ons":[],"addons":[],"acf":[],"_links":{"self":[{"href":"https:\/\/shop.kustom.ch\/en\/wp-json\/wp\/v2\/product\/583944"}],"collection":[{"href":"https:\/\/shop.kustom.ch\/en\/wp-json\/wp\/v2\/product"}],"about":[{"href":"https:\/\/shop.kustom.ch\/en\/wp-json\/wp\/v2\/types\/product"}],"wp:featuredmedia":[{"embeddable":true,"href":"https:\/\/shop.kustom.ch\/en\/wp-json\/wp\/v2\/media\/584019"}],"wp:attachment":[{"href":"https:\/\/shop.kustom.ch\/en\/wp-json\/wp\/v2\/media?parent=583944"}],"wp:term":[{"taxonomy":"product_brand","embeddable":true,"href":"https:\/\/shop.kustom.ch\/en\/wp-json\/wp\/v2\/product_brand?post=583944"},{"taxonomy":"product_cat","embeddable":true,"href":"https:\/\/shop.kustom.ch\/en\/wp-json\/wp\/v2\/product_cat?post=583944"},{"taxonomy":"product_tag","embeddable":true,"href":"https:\/\/shop.kustom.ch\/en\/wp-json\/wp\/v2\/product_tag?post=583944"}],"curies":[{"name":"wp","href":"https:\/\/api.w.org\/{rel}","templated":true}]}}