{"id":583915,"date":"2025-03-04T10:06:13","date_gmt":"2025-03-04T09:06:13","guid":{"rendered":"https:\/\/shop.kustom.ch\/?post_type=product&#038;p=583915"},"modified":"2025-03-04T10:10:18","modified_gmt":"2025-03-04T09:10:18","slug":"funktions-socken","status":"publish","type":"product","link":"https:\/\/shop.kustom.ch\/en\/product\/funktions-socken\/","title":{"rendered":"Functional socks"},"content":{"rendered":"<p>Soft and comfortable socks made from a synthetic fabric with good support for the foot and a comfortable fit. The fabric has moisture wicking properties to keep feet dry on long working days. The socks have a high visibility colour and reflective strips on the top edge to increase visibility.<\/p>\n<p>DETAILS: Reinforcement around the instep and ankle for a comfortable fit. HEEL: Reinforcement around the instep and ankle for a comfortable fit. FUNCTIONALITY: Knitted ventilation details. MAIN FEATURES: Unisex. FABRIC: High-vis yellow. WASHING INSTRUCTIONS: 40\u00b0 C<\/p>\n<p>95% polyamide, 5% other fibres, jacquard, moisture management, 120g\/m\u00b2<\/p>","protected":false},"excerpt":{"rendered":"<p>Weiche und bequeme Socken aus einem synthetischen Stoff mit guter Unterst\u00fctzung f\u00fcr den Fuss und bequemem Sitz. Der Stoff hat Feuchtigkeit transportierende Eigenschaften, um die F\u00fcsse an langen Arbeitstagen trocken zu halten. Die Socken haben eine Warnschutzfarbe und Reflexstreifen am oberen Rand um die Sichtbarkeit zu erh\u00f6hen. DETAILS: Verst\u00e4rkung um Spann und Kn\u00f6chel f\u00fcr komfortablen [&hellip;]<\/p>\n","protected":false},"featured_media":584003,"template":"","meta":[],"product_brand":[],"product_cat":[4199],"product_tag":[],"class_list":{"0":"post-583915","1":"product","2":"type-product","3":"status-publish","4":"has-post-thumbnail","6":"product_cat-socken","7":"pa_brand-blaklaeder","8":"pa_brand-type-workwear","9":"pa_filter-color-gelb","11":"first","12":"instock","13":"sale","14":"taxable","15":"shipping-taxable","16":"purchasable","17":"product-type-variable","18":"add-to-wishlist-before_image"},"exclude_global_add_ons":[],"addons":[],"acf":[],"_links":{"self":[{"href":"https:\/\/shop.kustom.ch\/en\/wp-json\/wp\/v2\/product\/583915"}],"collection":[{"href":"https:\/\/shop.kustom.ch\/en\/wp-json\/wp\/v2\/product"}],"about":[{"href":"https:\/\/shop.kustom.ch\/en\/wp-json\/wp\/v2\/types\/product"}],"wp:featuredmedia":[{"embeddable":true,"href":"https:\/\/shop.kustom.ch\/en\/wp-json\/wp\/v2\/media\/584003"}],"wp:attachment":[{"href":"https:\/\/shop.kustom.ch\/en\/wp-json\/wp\/v2\/media?parent=583915"}],"wp:term":[{"taxonomy":"product_brand","embeddable":true,"href":"https:\/\/shop.kustom.ch\/en\/wp-json\/wp\/v2\/product_brand?post=583915"},{"taxonomy":"product_cat","embeddable":true,"href":"https:\/\/shop.kustom.ch\/en\/wp-json\/wp\/v2\/product_cat?post=583915"},{"taxonomy":"product_tag","embeddable":true,"href":"https:\/\/shop.kustom.ch\/en\/wp-json\/wp\/v2\/product_tag?post=583915"}],"curies":[{"name":"wp","href":"https:\/\/api.w.org\/{rel}","templated":true}]}}