{"id":583913,"date":"2025-03-04T10:06:13","date_gmt":"2025-03-04T09:06:13","guid":{"rendered":"https:\/\/shop.kustom.ch\/?post_type=product&#038;p=583913"},"modified":"2026-03-31T08:40:09","modified_gmt":"2026-03-31T07:40:09","slug":"multinorm-winterkapuze","status":"publish","type":"product","link":"https:\/\/shop.kustom.ch\/en\/product\/multinorm-winterkapuze\/","title":{"rendered":"Multinorm winter hood"},"content":{"rendered":"<p>A flame-retardant and adjustable hood that can be attached to the 4467 winter parka or the 4069 winter jacket with press studs. The hood is helmet-compatible, so you can easily wear a helmet underneath.<\/p>\n<p>FUNCTIONALITY: Oil, dirt and water repellent. Article 4069, 4467. MAIN FEATURES: Unisex. FITS TO: Article 4069, 4467. REFLEX: Reflective details on the hood. SYMBOLS: Lined. WASHING INSTRUCTIONS: Do not iron<\/p>\n<p>75% cotton, 24% polyester, 1% antistatic, twill, flame-retardant, antistatic, 350 g\/m\u00b2<\/p>","protected":false},"excerpt":{"rendered":"<p>Eine flammenhemmende und verstellbare Kapuze, die mit Druckkn\u00f6pfen am Winterparka 4467 oder der Winterjacke 4069 angebracht werden kann. Die Kapuze ist helmtauglich, so dass Sie problemlos einen Helm darunter tragen k\u00f6nnen. FUNKTIONALIT\u00c4T: \u00d6l-, schmutz- und wasserabweisend. Artikel 4069, 4467. HAUPTEIGENSCHAFTEN: Unisex. PASST ZU: Artikel 4069, 4467. REFLEX: Reflektierende Details an der Kapuze. SYMBOLS: Lined. WASCHANLEITUNG: [&hellip;]<\/p>\n","protected":false},"featured_media":583987,"template":"","meta":[],"product_brand":[],"product_cat":[9643,4209],"product_tag":[],"class_list":{"0":"post-583913","1":"product","2":"type-product","3":"status-publish","4":"has-post-thumbnail","6":"product_cat-equipment","7":"product_cat-zubehoer","8":"pa_brand-blaklaeder","9":"pa_brand-type-workwear","10":"pa_filter-color-blau","11":"pa_filter-color-gelb","13":"first","14":"instock","15":"sale","16":"taxable","17":"shipping-taxable","18":"purchasable","19":"product-type-variable","20":"add-to-wishlist-before_image"},"exclude_global_add_ons":[],"addons":[],"acf":[],"_links":{"self":[{"href":"https:\/\/shop.kustom.ch\/en\/wp-json\/wp\/v2\/product\/583913"}],"collection":[{"href":"https:\/\/shop.kustom.ch\/en\/wp-json\/wp\/v2\/product"}],"about":[{"href":"https:\/\/shop.kustom.ch\/en\/wp-json\/wp\/v2\/types\/product"}],"wp:featuredmedia":[{"embeddable":true,"href":"https:\/\/shop.kustom.ch\/en\/wp-json\/wp\/v2\/media\/583987"}],"wp:attachment":[{"href":"https:\/\/shop.kustom.ch\/en\/wp-json\/wp\/v2\/media?parent=583913"}],"wp:term":[{"taxonomy":"product_brand","embeddable":true,"href":"https:\/\/shop.kustom.ch\/en\/wp-json\/wp\/v2\/product_brand?post=583913"},{"taxonomy":"product_cat","embeddable":true,"href":"https:\/\/shop.kustom.ch\/en\/wp-json\/wp\/v2\/product_cat?post=583913"},{"taxonomy":"product_tag","embeddable":true,"href":"https:\/\/shop.kustom.ch\/en\/wp-json\/wp\/v2\/product_tag?post=583913"}],"curies":[{"name":"wp","href":"https:\/\/api.w.org\/{rel}","templated":true}]}}