{"id":583908,"date":"2025-03-04T10:05:45","date_gmt":"2025-03-04T09:05:45","guid":{"rendered":"https:\/\/shop.kustom.ch\/?post_type=product&#038;p=583908"},"modified":"2025-03-04T10:09:09","modified_gmt":"2025-03-04T09:09:09","slug":"multinorm-kapuze","status":"publish","type":"product","link":"https:\/\/shop.kustom.ch\/en\/product\/multinorm-kapuze\/","title":{"rendered":"Multinorm hood"},"content":{"rendered":"<p>FUNCTIONALITY: Windproof &amp; waterproof material with breathability, taped seams. Articles 4468, 4068, 6368. MAIN FEATURES: Unisex. FITS TO: Articles 4468, 4068, 6368. REFLEX: Reflective details on the hood. WASHING INSTRUCTIONS: Do not iron<\/p>\n<p>55% modacrylic, 43% cotton, 2% antistatic, twill, flame-retardant, antistatic, laminated, wind and waterproof, breathable, 300g\/m\u00b2<\/p>","protected":false},"excerpt":{"rendered":"<p>FUNKTIONALIT\u00c4T: Wind- &amp;amp; wasserdichtes Material mit Atmungsaktivit\u00e4t, verschweisste N\u00e4hte. Artikel 4468, 4068, 6368. HAUPTEIGENSCHAFTEN: Unisex. PASST ZU: Artikel 4468, 4068, 6368. REFLEX: Reflektierende Details an der Kapuze. WASCHANLEITUNG: Nicht b\u00fcgeln 55% Modacryl, 43% Baumwolle, 2% antistatisch, K\u00f6per, flammhemmend, antistatisch, laminiert, wind- und wasserdicht, atmungsaktiv, 300g\/m\u00b2<\/p>","protected":false},"featured_media":583986,"template":"","meta":[],"product_brand":[],"product_cat":[9643,4209],"product_tag":[],"class_list":{"0":"post-583908","1":"product","2":"type-product","3":"status-publish","4":"has-post-thumbnail","6":"product_cat-equipment","7":"product_cat-zubehoer","8":"pa_brand-blaklaeder","9":"pa_brand-type-workwear","10":"pa_filter-color-blau","11":"pa_filter-color-gelb","13":"first","14":"instock","15":"sale","16":"taxable","17":"shipping-taxable","18":"purchasable","19":"product-type-variable","20":"add-to-wishlist-before_image"},"exclude_global_add_ons":[],"addons":[],"acf":[],"_links":{"self":[{"href":"https:\/\/shop.kustom.ch\/en\/wp-json\/wp\/v2\/product\/583908"}],"collection":[{"href":"https:\/\/shop.kustom.ch\/en\/wp-json\/wp\/v2\/product"}],"about":[{"href":"https:\/\/shop.kustom.ch\/en\/wp-json\/wp\/v2\/types\/product"}],"wp:featuredmedia":[{"embeddable":true,"href":"https:\/\/shop.kustom.ch\/en\/wp-json\/wp\/v2\/media\/583986"}],"wp:attachment":[{"href":"https:\/\/shop.kustom.ch\/en\/wp-json\/wp\/v2\/media?parent=583908"}],"wp:term":[{"taxonomy":"product_brand","embeddable":true,"href":"https:\/\/shop.kustom.ch\/en\/wp-json\/wp\/v2\/product_brand?post=583908"},{"taxonomy":"product_cat","embeddable":true,"href":"https:\/\/shop.kustom.ch\/en\/wp-json\/wp\/v2\/product_cat?post=583908"},{"taxonomy":"product_tag","embeddable":true,"href":"https:\/\/shop.kustom.ch\/en\/wp-json\/wp\/v2\/product_tag?post=583908"}],"curies":[{"name":"wp","href":"https:\/\/api.w.org\/{rel}","templated":true}]}}