{"id":583847,"date":"2025-03-04T10:02:58","date_gmt":"2025-03-04T09:02:58","guid":{"rendered":"https:\/\/shop.kustom.ch\/?post_type=product&#038;p=583847"},"modified":"2026-03-31T08:40:02","modified_gmt":"2026-03-31T07:40:02","slug":"lose-nageltaschen","status":"publish","type":"product","link":"https:\/\/shop.kustom.ch\/en\/product\/lose-nageltaschen\/","title":{"rendered":"Loose nail pockets"},"content":{"rendered":"<p>Detachable tool pockets for smaller tools and accessories. Can be combined with 1845 quality service trousers.<\/p>\n<p>FUNCTIONALITY: For fastening to the belt. MAIN FEATURES: Unisex. FITS TO: Bl\u00e5kl\u00e4der trousers without nail pockets. POCKETS: Nail pockets. WASHING INSTRUCTIONS: Do not bleach. PACKAGING: Supplied in pairs. REINFORCEMENT: CORDURA\u00ae-reinforced nail pockets<\/p>\n<p>65% polyester, 35% cotton, finely woven, 166g\/m\u00b2<\/p>","protected":false},"excerpt":{"rendered":"<p>Abnehmbare Werkzeugtaschen f\u00fcr kleinere Werkzeuge und Zubeh\u00f6r. Kombinierbar mit Service Bundhosen der Qualit\u00e4t 1845. FUNKTIONALIT\u00c4T: Zur Befestigung am G\u00fcrtel. HAUPTEIGENSCHAFTEN: Unisex. PASST ZU: Bl\u00e5kl\u00e4der Hose ohne Nageltaschen. TASCHEN: Nageltaschen. WASCHANLEITUNG: Nicht bleichen. VERPACKUNG: Lieferung paarweise. VERST\u00c4RKUNG: CORDURA\u00ae-verst\u00e4rkte Nageltaschen 65% Polyester, 35% Baumwolle, feingewebt , 166g\/m\u00b2<\/p>","protected":false},"featured_media":583936,"template":"","meta":[],"product_brand":[],"product_cat":[9643,4209],"product_tag":[],"class_list":{"0":"post-583847","1":"product","2":"type-product","3":"status-publish","4":"has-post-thumbnail","6":"product_cat-equipment","7":"product_cat-zubehoer","8":"pa_brand-blaklaeder","9":"pa_brand-type-workwear","10":"pa_filter-color-blau","11":"pa_filter-color-grau","12":"pa_filter-color-schwarz","14":"first","15":"instock","16":"sale","17":"taxable","18":"shipping-taxable","19":"purchasable","20":"product-type-variable","21":"add-to-wishlist-before_image"},"exclude_global_add_ons":[],"addons":[],"acf":[],"_links":{"self":[{"href":"https:\/\/shop.kustom.ch\/en\/wp-json\/wp\/v2\/product\/583847"}],"collection":[{"href":"https:\/\/shop.kustom.ch\/en\/wp-json\/wp\/v2\/product"}],"about":[{"href":"https:\/\/shop.kustom.ch\/en\/wp-json\/wp\/v2\/types\/product"}],"wp:featuredmedia":[{"embeddable":true,"href":"https:\/\/shop.kustom.ch\/en\/wp-json\/wp\/v2\/media\/583936"}],"wp:attachment":[{"href":"https:\/\/shop.kustom.ch\/en\/wp-json\/wp\/v2\/media?parent=583847"}],"wp:term":[{"taxonomy":"product_brand","embeddable":true,"href":"https:\/\/shop.kustom.ch\/en\/wp-json\/wp\/v2\/product_brand?post=583847"},{"taxonomy":"product_cat","embeddable":true,"href":"https:\/\/shop.kustom.ch\/en\/wp-json\/wp\/v2\/product_cat?post=583847"},{"taxonomy":"product_tag","embeddable":true,"href":"https:\/\/shop.kustom.ch\/en\/wp-json\/wp\/v2\/product_tag?post=583847"}],"curies":[{"name":"wp","href":"https:\/\/api.w.org\/{rel}","templated":true}]}}