{"id":583809,"date":"2025-03-04T10:00:42","date_gmt":"2025-03-04T09:00:42","guid":{"rendered":"https:\/\/shop.kustom.ch\/?post_type=product&#038;p=583809"},"modified":"2026-03-31T08:39:47","modified_gmt":"2026-03-31T07:39:47","slug":"vulkanisierte-kniepolstertasche","status":"publish","type":"product","link":"https:\/\/shop.kustom.ch\/en\/product\/vulkanisierte-kniepolstertasche\/","title":{"rendered":"Vulcanised knee pad pocket"},"content":{"rendered":"<p>DETAILS: Buy as a supplement for trousers, contact sales for more information. Bl\u00e5kl\u00e4der print. MAIN FEATURES: Unisex. FABRIC: grey. Knee pad pockets. Craft. POCKETS: Knee pad pockets with vulcanised print. PACKAGING: Supplied in pairs<\/p>\n<p>100% Polyamide, CORDURA\u00ae<\/p>","protected":false},"excerpt":{"rendered":"<p>DETAILS: Als Erg\u00e4nzung f\u00fcr Hosen kaufen, kontaktieren Sie den Vertrieb f\u00fcr weitere Informationen. Bl\u00e5kl\u00e4der-Aufdruck. HAUPTEIGENSCHAFTEN: Unisex. STOFF: grau. Kniepolstertaschen. Handwerk. TASCHEN: Kniepolstertaschen mit vulkanisiertem Aufdruck. VERPACKUNG: Lieferung paarweise 100% Polyamid, CORDURA\u00ae<\/p>","protected":false},"featured_media":583900,"template":"","meta":[],"product_brand":[],"product_cat":[9643,4209],"product_tag":[],"class_list":{"0":"post-583809","1":"product","2":"type-product","3":"status-publish","4":"has-post-thumbnail","6":"product_cat-equipment","7":"product_cat-zubehoer","8":"pa_brand-blaklaeder","9":"pa_brand-type-workwear","10":"pa_filter-color-grau","11":"pa_filter-color-schwarz","13":"first","14":"instock","15":"sale","16":"taxable","17":"shipping-taxable","18":"purchasable","19":"product-type-variable","20":"add-to-wishlist-before_image"},"exclude_global_add_ons":[],"addons":[],"acf":[],"_links":{"self":[{"href":"https:\/\/shop.kustom.ch\/en\/wp-json\/wp\/v2\/product\/583809"}],"collection":[{"href":"https:\/\/shop.kustom.ch\/en\/wp-json\/wp\/v2\/product"}],"about":[{"href":"https:\/\/shop.kustom.ch\/en\/wp-json\/wp\/v2\/types\/product"}],"wp:featuredmedia":[{"embeddable":true,"href":"https:\/\/shop.kustom.ch\/en\/wp-json\/wp\/v2\/media\/583900"}],"wp:attachment":[{"href":"https:\/\/shop.kustom.ch\/en\/wp-json\/wp\/v2\/media?parent=583809"}],"wp:term":[{"taxonomy":"product_brand","embeddable":true,"href":"https:\/\/shop.kustom.ch\/en\/wp-json\/wp\/v2\/product_brand?post=583809"},{"taxonomy":"product_cat","embeddable":true,"href":"https:\/\/shop.kustom.ch\/en\/wp-json\/wp\/v2\/product_cat?post=583809"},{"taxonomy":"product_tag","embeddable":true,"href":"https:\/\/shop.kustom.ch\/en\/wp-json\/wp\/v2\/product_tag?post=583809"}],"curies":[{"name":"wp","href":"https:\/\/api.w.org\/{rel}","templated":true}]}}