{"id":583769,"date":"2025-03-04T09:58:17","date_gmt":"2025-03-04T08:58:17","guid":{"rendered":"https:\/\/shop.kustom.ch\/?post_type=product&#038;p=583769"},"modified":"2025-03-04T10:04:53","modified_gmt":"2025-03-04T09:04:53","slug":"haarband","status":"publish","type":"product","link":"https:\/\/shop.kustom.ch\/en\/product\/haarband\/","title":{"rendered":"Hairband"},"content":{"rendered":"<p>Let your hair blow even during training. No more wet hair in your face thanks to the hair band from Bl\u00e5kl\u00e4der.<\/p>\n<p>DETAILS: Bl\u00e5kl\u00e4der print. MAIN FEATURES: Unisex. FABRIC: blue. WASHING INSTRUCTIONS: Do not dry clean. PACKAGING: 3-pack<\/p>","protected":false},"excerpt":{"rendered":"<p>Lassen Sie Ihr Haar auch w\u00e4hrend des Trainings wehen. Keine nassen Haare mehr in Ihrem Gesicht, dank des Haarbands von Bl\u00e5kl\u00e4der. DETAILS: Bl\u00e5kl\u00e4der-Aufdruck. HAUPTEIGENSCHAFTEN: Unisex. STOFF: blau. WASCHANLEITUNG: Nicht chemisch reinigen. VERPACKUNG: 3er-Pack<\/p>","protected":false},"featured_media":583845,"template":"","meta":[],"product_brand":[],"product_cat":[9643,4209],"product_tag":[],"class_list":{"0":"post-583769","1":"product","2":"type-product","3":"status-publish","4":"has-post-thumbnail","6":"product_cat-equipment","7":"product_cat-zubehoer","8":"pa_brand-blaklaeder","9":"pa_brand-type-workwear","10":"pa_filter-color-blau","11":"pa_filter-color-gelb","13":"first","14":"instock","15":"sale","16":"taxable","17":"shipping-taxable","18":"purchasable","19":"product-type-variable","20":"add-to-wishlist-before_image"},"exclude_global_add_ons":[],"addons":[],"acf":[],"_links":{"self":[{"href":"https:\/\/shop.kustom.ch\/en\/wp-json\/wp\/v2\/product\/583769"}],"collection":[{"href":"https:\/\/shop.kustom.ch\/en\/wp-json\/wp\/v2\/product"}],"about":[{"href":"https:\/\/shop.kustom.ch\/en\/wp-json\/wp\/v2\/types\/product"}],"wp:featuredmedia":[{"embeddable":true,"href":"https:\/\/shop.kustom.ch\/en\/wp-json\/wp\/v2\/media\/583845"}],"wp:attachment":[{"href":"https:\/\/shop.kustom.ch\/en\/wp-json\/wp\/v2\/media?parent=583769"}],"wp:term":[{"taxonomy":"product_brand","embeddable":true,"href":"https:\/\/shop.kustom.ch\/en\/wp-json\/wp\/v2\/product_brand?post=583769"},{"taxonomy":"product_cat","embeddable":true,"href":"https:\/\/shop.kustom.ch\/en\/wp-json\/wp\/v2\/product_cat?post=583769"},{"taxonomy":"product_tag","embeddable":true,"href":"https:\/\/shop.kustom.ch\/en\/wp-json\/wp\/v2\/product_tag?post=583769"}],"curies":[{"name":"wp","href":"https:\/\/api.w.org\/{rel}","templated":true}]}}