{"id":583753,"date":"2025-03-04T09:57:43","date_gmt":"2025-03-04T08:57:43","guid":{"rendered":"https:\/\/shop.kustom.ch\/?post_type=product&#038;p=583753"},"modified":"2026-03-31T08:39:36","modified_gmt":"2026-03-31T07:39:36","slug":"kappe-trucker","status":"publish","type":"product","link":"https:\/\/shop.kustom.ch\/en\/product\/kappe-trucker\/","title":{"rendered":"Trucker cap"},"content":{"rendered":"<p>A trucker baseball cap that matches the colour of Bl\u00e5kl\u00e4der's T-shirts and hoodies with 3D printing. The cap is one size fits all, but can be adjusted with a press stud.<\/p>\n<p>DETAILS: Woven Bl\u00e5kl\u00e4der logo on the back. Adjustable with snapback. Bl\u00e5kl\u00e4der embroidery on the front. MAIN FEATURES: Unisex. MEASUREMENT: Measures 56-60 cm. WASHING INSTRUCTIONS: Do not spin-dry<\/p>","protected":false},"excerpt":{"rendered":"<p>Eine Trucker-Baseballcap, die farblich zu Bl\u00e5kl\u00e4ders T-Shirts und Hoodies mit 3D-Druck passt. Die Kappe hat eine Einheitsgr\u00f6sse, ist aber mit einer Druckknopflasche verstellbar. DETAILS: Gewebtes Bl\u00e5kl\u00e4der Logo hinten. Einstellbar mit Snapback. Bl\u00e5kl\u00e4der-Stick vorne. HAUPTEIGENSCHAFTEN: Unisex. MASSANGABE: Masse 56-60 cm. WASCHANLEITUNG: Nicht schleudern<\/p>","protected":false},"featured_media":0,"template":"","meta":[],"product_brand":[],"product_cat":[9643,4209],"product_tag":[],"class_list":{"0":"post-583753","1":"product","2":"type-product","3":"status-publish","5":"product_cat-equipment","6":"product_cat-zubehoer","7":"pa_brand-blaklaeder","8":"pa_brand-type-workwear","9":"pa_filter-color-blau","10":"pa_filter-color-orange","11":"pa_filter-color-rot","12":"pa_filter-color-schwarz","14":"first","15":"instock","16":"sale","17":"taxable","18":"shipping-taxable","19":"purchasable","20":"product-type-variable","21":"add-to-wishlist-before_image"},"exclude_global_add_ons":[],"addons":[],"acf":[],"_links":{"self":[{"href":"https:\/\/shop.kustom.ch\/en\/wp-json\/wp\/v2\/product\/583753"}],"collection":[{"href":"https:\/\/shop.kustom.ch\/en\/wp-json\/wp\/v2\/product"}],"about":[{"href":"https:\/\/shop.kustom.ch\/en\/wp-json\/wp\/v2\/types\/product"}],"wp:attachment":[{"href":"https:\/\/shop.kustom.ch\/en\/wp-json\/wp\/v2\/media?parent=583753"}],"wp:term":[{"taxonomy":"product_brand","embeddable":true,"href":"https:\/\/shop.kustom.ch\/en\/wp-json\/wp\/v2\/product_brand?post=583753"},{"taxonomy":"product_cat","embeddable":true,"href":"https:\/\/shop.kustom.ch\/en\/wp-json\/wp\/v2\/product_cat?post=583753"},{"taxonomy":"product_tag","embeddable":true,"href":"https:\/\/shop.kustom.ch\/en\/wp-json\/wp\/v2\/product_tag?post=583753"}],"curies":[{"name":"wp","href":"https:\/\/api.w.org\/{rel}","templated":true}]}}