{"id":583747,"date":"2025-03-04T09:57:08","date_gmt":"2025-03-04T08:57:08","guid":{"rendered":"https:\/\/shop.kustom.ch\/?post_type=product&#038;p=583747"},"modified":"2026-03-31T08:39:16","modified_gmt":"2026-03-31T07:39:16","slug":"kappe-denim","status":"publish","type":"product","link":"https:\/\/shop.kustom.ch\/en\/product\/kappe-denim\/","title":{"rendered":"Denim cap"},"content":{"rendered":"<p>A very nice cap with a flat peak and snapback. The cap is made of the same denim as Bl\u00e5kl\u00e4der craftsman trousers and has imitation leather details with the text 'Keepin your head cool since 1959'.<\/p>\n<p>DETAILS: Woven Bl\u00e5kl\u00e4der logo on the back. Bl\u00e5kl\u00e4der emblem in imitation leather on the front. Adjustable with snapback. MAIN FEATURES: Unisex. MEASUREMENT: Measures 56-60 cm. WASHING INSTRUCTIONS: Do not spin-dry<\/p>\n<p>55% cotton, 15% polyamide, 30% polyester, denim, coated, CORDURA\u00ae denim, stretch, 340 g\/m\u00b2<\/p>","protected":false},"excerpt":{"rendered":"<p>Eine sehr sch\u00f6ne Kappe mit flachem Schirm und Snapback. Die Kappe besteht aus dem gleichen Denim wie eine Bl\u00e5kl\u00e4der Handwerker Hose und besitzt Details aus Lederimitat, die mit dem Text &#8218;Keepin your head cool since 1959&#8216; versehen sind. DETAILS: Gewebtes Bl\u00e5kl\u00e4der Logo hinten. Bl\u00e5kl\u00e4der Emblem aus Kunstleder vorne. Einstellbar mit Snapback. HAUPTEIGENSCHAFTEN: Unisex. MASSANGABE: Masse [&hellip;]<\/p>\n","protected":false},"featured_media":583836,"template":"","meta":[],"product_brand":[],"product_cat":[9643,4209],"product_tag":[],"class_list":{"0":"post-583747","1":"product","2":"type-product","3":"status-publish","4":"has-post-thumbnail","6":"product_cat-equipment","7":"product_cat-zubehoer","8":"pa_brand-blaklaeder","9":"pa_brand-type-workwear","10":"pa_filter-color-blau","12":"first","13":"instock","14":"sale","15":"taxable","16":"shipping-taxable","17":"purchasable","18":"product-type-variable","19":"add-to-wishlist-before_image"},"exclude_global_add_ons":[],"addons":[],"acf":[],"_links":{"self":[{"href":"https:\/\/shop.kustom.ch\/en\/wp-json\/wp\/v2\/product\/583747"}],"collection":[{"href":"https:\/\/shop.kustom.ch\/en\/wp-json\/wp\/v2\/product"}],"about":[{"href":"https:\/\/shop.kustom.ch\/en\/wp-json\/wp\/v2\/types\/product"}],"wp:featuredmedia":[{"embeddable":true,"href":"https:\/\/shop.kustom.ch\/en\/wp-json\/wp\/v2\/media\/583836"}],"wp:attachment":[{"href":"https:\/\/shop.kustom.ch\/en\/wp-json\/wp\/v2\/media?parent=583747"}],"wp:term":[{"taxonomy":"product_brand","embeddable":true,"href":"https:\/\/shop.kustom.ch\/en\/wp-json\/wp\/v2\/product_brand?post=583747"},{"taxonomy":"product_cat","embeddable":true,"href":"https:\/\/shop.kustom.ch\/en\/wp-json\/wp\/v2\/product_cat?post=583747"},{"taxonomy":"product_tag","embeddable":true,"href":"https:\/\/shop.kustom.ch\/en\/wp-json\/wp\/v2\/product_tag?post=583747"}],"curies":[{"name":"wp","href":"https:\/\/api.w.org\/{rel}","templated":true}]}}