{"id":583745,"date":"2025-03-04T09:57:07","date_gmt":"2025-03-04T08:57:07","guid":{"rendered":"https:\/\/shop.kustom.ch\/?post_type=product&#038;p=583745"},"modified":"2026-03-31T08:39:14","modified_gmt":"2026-03-31T07:39:14","slug":"flammschutz-muetze","status":"publish","type":"product","link":"https:\/\/shop.kustom.ch\/en\/product\/flammschutz-muetze\/","title":{"rendered":"Flame protection cap"},"content":{"rendered":"<p>A flame-retardant and very elasticated cap made from highly certified material. This flexible and thin universal cap is one size fits all and is particularly suitable for wearing under a helmet.<\/p>\n<p>DETAILS: External certification labels. Can be worn under the helmet. MAIN FEATURES: Unisex. EN ISO 14116. FABRIC: High-vis yellow. Flame retardant. WASHING INSTRUCTIONS: Do not iron. CERTIFICATION: EN 1149-5. EN ISO 14116, Index 3<\/p>\n<p>48% modacrylic, 42% cotton, 5% aramid, 3% polyamide, 2% antistatic fibre, interlock, flame-retardant, antistatic, 250 g\/m\u00b2<\/p>","protected":false},"excerpt":{"rendered":"<p>Eine flammhemmende und sehr elastische M\u00fctze aus hoch zertifiziertem Material. Diese flexible und d\u00fcnne Universalm\u00fctze hat eine Einheitsgr\u00f6sse und eignet sich besonders gut zum Tragen unter einem Helm. DETAILS: Aussenliegende Zertifizierungsetiketten. Kann unter dem Helm getragen werden. HAUPTEIGENSCHAFTEN: Unisex. EN ISO 14116. STOFF: High-Vis Gelb. Flammschutz. WASCHANLEITUNG: Nicht b\u00fcgeln. ZERTIFIZIERUNG: EN 1149-5. EN ISO 14116, [&hellip;]<\/p>\n","protected":false},"featured_media":583828,"template":"","meta":[],"product_brand":[],"product_cat":[9643,4209],"product_tag":[],"class_list":{"0":"post-583745","1":"product","2":"type-product","3":"status-publish","4":"has-post-thumbnail","6":"product_cat-equipment","7":"product_cat-zubehoer","8":"pa_brand-blaklaeder","9":"pa_brand-type-workwear","10":"pa_filter-color-blau","11":"pa_filter-color-gelb","13":"first","14":"instock","15":"sale","16":"taxable","17":"shipping-taxable","18":"purchasable","19":"product-type-variable","20":"add-to-wishlist-before_image"},"exclude_global_add_ons":[],"addons":[],"acf":[],"_links":{"self":[{"href":"https:\/\/shop.kustom.ch\/en\/wp-json\/wp\/v2\/product\/583745"}],"collection":[{"href":"https:\/\/shop.kustom.ch\/en\/wp-json\/wp\/v2\/product"}],"about":[{"href":"https:\/\/shop.kustom.ch\/en\/wp-json\/wp\/v2\/types\/product"}],"wp:featuredmedia":[{"embeddable":true,"href":"https:\/\/shop.kustom.ch\/en\/wp-json\/wp\/v2\/media\/583828"}],"wp:attachment":[{"href":"https:\/\/shop.kustom.ch\/en\/wp-json\/wp\/v2\/media?parent=583745"}],"wp:term":[{"taxonomy":"product_brand","embeddable":true,"href":"https:\/\/shop.kustom.ch\/en\/wp-json\/wp\/v2\/product_brand?post=583745"},{"taxonomy":"product_cat","embeddable":true,"href":"https:\/\/shop.kustom.ch\/en\/wp-json\/wp\/v2\/product_cat?post=583745"},{"taxonomy":"product_tag","embeddable":true,"href":"https:\/\/shop.kustom.ch\/en\/wp-json\/wp\/v2\/product_tag?post=583745"}],"curies":[{"name":"wp","href":"https:\/\/api.w.org\/{rel}","templated":true}]}}