{"id":583720,"date":"2025-03-04T09:56:02","date_gmt":"2025-03-04T08:56:02","guid":{"rendered":"https:\/\/shop.kustom.ch\/?post_type=product&#038;p=583720"},"modified":"2026-03-31T08:39:13","modified_gmt":"2026-03-31T07:39:13","slug":"schweisser-muetze","status":"publish","type":"product","link":"https:\/\/shop.kustom.ch\/en\/product\/schweisser-muetze\/","title":{"rendered":"Welder's cap"},"content":{"rendered":"<p>An elasticated welding cap, available in four sizes. The cap protects against dirt and can easily be worn under a welding helmet. The cap offers excellent profiling potential for companies. Certified according to EN ISO 14116, EN 1149-5.<\/p>\n<p>DETAILS: External certification labels. FUNCTIONALITY: Can be worn under the helmet. MAIN FEATURES: Unisex. EN ISO 14116. SIZING: M = 57-59cm. WASHING INSTRUCTIONS: Do not dry clean. CERTIFICATION: EN 1149-5. EN ISO 14116, Index 3<\/p>\n<p>99% cotton, 1% antistatic, flame-retardant, antistatic, 230g\/m\u00b2<\/p>","protected":false},"excerpt":{"rendered":"<p>Eine elastische Schweisserm\u00fctze, erh\u00e4ltlich in vier Gr\u00f6ssen. Die M\u00fctze sch\u00fctzt vor Schmutz und kann problemlos unter einem Schweisserhelm getragen werden. Die M\u00fctze bietet ein hervorragendes Profilierungspotenzial f\u00fcr Unternehmen. Zertifiziert nach EN ISO 14116, EN 1149-5. DETAILS: Aussenliegende Zertifizierungsetiketten. FUNKTIONALIT\u00c4T: Kann unter dem Helm getragen werden. HAUPTEIGENSCHAFTEN: Unisex. EN ISO 14116. MASSANGABE: M = 57-59cm. WASCHANLEITUNG: [&hellip;]<\/p>\n","protected":false},"featured_media":583803,"template":"","meta":[],"product_brand":[],"product_cat":[9643,4209],"product_tag":[],"class_list":{"0":"post-583720","1":"product","2":"type-product","3":"status-publish","4":"has-post-thumbnail","6":"product_cat-equipment","7":"product_cat-zubehoer","8":"pa_brand-blaklaeder","9":"pa_brand-type-workwear","10":"pa_filter-color-schwarz","12":"first","13":"instock","14":"sale","15":"taxable","16":"shipping-taxable","17":"purchasable","18":"product-type-variable","19":"add-to-wishlist-before_image"},"exclude_global_add_ons":[],"addons":[],"acf":[],"_links":{"self":[{"href":"https:\/\/shop.kustom.ch\/en\/wp-json\/wp\/v2\/product\/583720"}],"collection":[{"href":"https:\/\/shop.kustom.ch\/en\/wp-json\/wp\/v2\/product"}],"about":[{"href":"https:\/\/shop.kustom.ch\/en\/wp-json\/wp\/v2\/types\/product"}],"wp:featuredmedia":[{"embeddable":true,"href":"https:\/\/shop.kustom.ch\/en\/wp-json\/wp\/v2\/media\/583803"}],"wp:attachment":[{"href":"https:\/\/shop.kustom.ch\/en\/wp-json\/wp\/v2\/media?parent=583720"}],"wp:term":[{"taxonomy":"product_brand","embeddable":true,"href":"https:\/\/shop.kustom.ch\/en\/wp-json\/wp\/v2\/product_brand?post=583720"},{"taxonomy":"product_cat","embeddable":true,"href":"https:\/\/shop.kustom.ch\/en\/wp-json\/wp\/v2\/product_cat?post=583720"},{"taxonomy":"product_tag","embeddable":true,"href":"https:\/\/shop.kustom.ch\/en\/wp-json\/wp\/v2\/product_tag?post=583720"}],"curies":[{"name":"wp","href":"https:\/\/api.w.org\/{rel}","templated":true}]}}