{"id":583719,"date":"2025-03-04T09:56:01","date_gmt":"2025-03-04T08:56:01","guid":{"rendered":"https:\/\/shop.kustom.ch\/?post_type=product&#038;p=583719"},"modified":"2026-03-31T08:39:13","modified_gmt":"2026-03-31T07:39:13","slug":"wintermuetze-mit-ohrenklappen","status":"publish","type":"product","link":"https:\/\/shop.kustom.ch\/en\/product\/wintermuetze-mit-ohrenklappen\/","title":{"rendered":"Winter hat with earflaps"},"content":{"rendered":"<p>An incredibly comfortable, soft and warm winter hat with ear flaps. It has a soft fleece lining for extra warmth and a small peak for immediate protection. The hat is made from easy-care acrylic.<\/p>\n<p>DETAILS: Bl\u00e5kl\u00e4der emblem in imitation leather on the front. Covers forehead and ears. MAIN FEATURES: Unisex. SIZING: S\/M: 54-58 cm. WASHING INSTRUCTIONS: Do not spin-dry<\/p>\n<p>100% polyacrylic, 2\u00d72 channel knit<\/p>","protected":false},"excerpt":{"rendered":"<p>Eine unglaublich bequeme, weiche und w\u00e4rmende Winterm\u00fctze mit Ohrenklappen. Sie hat ein weiches Fleecefutter, das zus\u00e4tzliche W\u00e4rme bietet und einen kleinen Schirm f\u00fcr unmittelbaren Schutz. Die M\u00fctze besteht aus pflegeleichtem Acryl. DETAILS: Bl\u00e5kl\u00e4der Emblem aus Kunstleder vorne. Bedeckt Stirn und Ohren. HAUPTEIGENSCHAFTEN: Unisex. MASSANGABE: S\/M: 54-58 cm. WASCHANLEITUNG: Nicht schleudern 100% Polyacryl, 2&#215;2 kanalgestrickt<\/p>","protected":false},"featured_media":583802,"template":"","meta":[],"product_brand":[],"product_cat":[9643,4209],"product_tag":[],"class_list":{"0":"post-583719","1":"product","2":"type-product","3":"status-publish","4":"has-post-thumbnail","6":"product_cat-equipment","7":"product_cat-zubehoer","8":"pa_brand-blaklaeder","9":"pa_brand-type-workwear","10":"pa_filter-color-schwarz","12":"first","13":"instock","14":"sale","15":"taxable","16":"shipping-taxable","17":"purchasable","18":"product-type-variable","19":"add-to-wishlist-before_image"},"exclude_global_add_ons":[],"addons":[],"acf":[],"_links":{"self":[{"href":"https:\/\/shop.kustom.ch\/en\/wp-json\/wp\/v2\/product\/583719"}],"collection":[{"href":"https:\/\/shop.kustom.ch\/en\/wp-json\/wp\/v2\/product"}],"about":[{"href":"https:\/\/shop.kustom.ch\/en\/wp-json\/wp\/v2\/types\/product"}],"wp:featuredmedia":[{"embeddable":true,"href":"https:\/\/shop.kustom.ch\/en\/wp-json\/wp\/v2\/media\/583802"}],"wp:attachment":[{"href":"https:\/\/shop.kustom.ch\/en\/wp-json\/wp\/v2\/media?parent=583719"}],"wp:term":[{"taxonomy":"product_brand","embeddable":true,"href":"https:\/\/shop.kustom.ch\/en\/wp-json\/wp\/v2\/product_brand?post=583719"},{"taxonomy":"product_cat","embeddable":true,"href":"https:\/\/shop.kustom.ch\/en\/wp-json\/wp\/v2\/product_cat?post=583719"},{"taxonomy":"product_tag","embeddable":true,"href":"https:\/\/shop.kustom.ch\/en\/wp-json\/wp\/v2\/product_tag?post=583719"}],"curies":[{"name":"wp","href":"https:\/\/api.w.org\/{rel}","templated":true}]}}