{"id":583673,"date":"2025-03-04T09:54:52","date_gmt":"2025-03-04T08:54:52","guid":{"rendered":"https:\/\/shop.kustom.ch\/?post_type=product&#038;p=583673"},"modified":"2026-03-31T08:39:03","modified_gmt":"2026-03-31T07:39:03","slug":"halstuch-schlauchschal","status":"publish","type":"product","link":"https:\/\/shop.kustom.ch\/en\/product\/halstuch-schlauchschal\/","title":{"rendered":"Scarf\/tube scarf"},"content":{"rendered":"<p>Protects the neck and head from wind and cold. Made of soft stretch material for high wearing comfort. Versatile use, e.g. as a hat or sweatband.<\/p>\n<p>FUNCTIONALITY: Can be worn as a cap, scarf or headband. MAIN FEATURES: Unisex. FABRIC: black. Wind \/ wet \/ cold. WASHING INSTRUCTIONS: 30\u00b0 C - very mild. ACCESSORIES: High collar<\/p>\n<p>100% Merino wool, rib knit, 200 g\/m\u00b2<\/p>","protected":false},"excerpt":{"rendered":"<p>Sch\u00fctzt Hals, Nacken und Kopf vor Wind und K\u00e4lte. Aus weichem Stretchmaterial f\u00fcr hohen Tragekomfort. Vielseitig verwendbar, z. B. als M\u00fctze oder Schweissband. FUNKTIONALIT\u00c4T: Kann als M\u00fctze, Halstuch oder Stirnband getragen werden. HAUPTEIGENSCHAFTEN: Unisex. STOFF: schwarz. Wind \/ N\u00e4sse \/ K\u00e4lte. WASCHANLEITUNG: 30\u00b0 C &#8211; sehr mild. ZUBEH\u00d6R: Hoher Kragen 100% Merinowolle, Rippstrick, 200 g\/m\u00b2<\/p>","protected":false},"featured_media":583749,"template":"","meta":[],"product_brand":[],"product_cat":[9643,4209],"product_tag":[],"class_list":{"0":"post-583673","1":"product","2":"type-product","3":"status-publish","4":"has-post-thumbnail","6":"product_cat-equipment","7":"product_cat-zubehoer","8":"pa_brand-blaklaeder","9":"pa_brand-type-workwear","10":"pa_filter-color-schwarz","12":"first","13":"instock","14":"sale","15":"taxable","16":"shipping-taxable","17":"purchasable","18":"product-type-variable","19":"add-to-wishlist-before_image"},"exclude_global_add_ons":[],"addons":[],"acf":[],"_links":{"self":[{"href":"https:\/\/shop.kustom.ch\/en\/wp-json\/wp\/v2\/product\/583673"}],"collection":[{"href":"https:\/\/shop.kustom.ch\/en\/wp-json\/wp\/v2\/product"}],"about":[{"href":"https:\/\/shop.kustom.ch\/en\/wp-json\/wp\/v2\/types\/product"}],"wp:featuredmedia":[{"embeddable":true,"href":"https:\/\/shop.kustom.ch\/en\/wp-json\/wp\/v2\/media\/583749"}],"wp:attachment":[{"href":"https:\/\/shop.kustom.ch\/en\/wp-json\/wp\/v2\/media?parent=583673"}],"wp:term":[{"taxonomy":"product_brand","embeddable":true,"href":"https:\/\/shop.kustom.ch\/en\/wp-json\/wp\/v2\/product_brand?post=583673"},{"taxonomy":"product_cat","embeddable":true,"href":"https:\/\/shop.kustom.ch\/en\/wp-json\/wp\/v2\/product_cat?post=583673"},{"taxonomy":"product_tag","embeddable":true,"href":"https:\/\/shop.kustom.ch\/en\/wp-json\/wp\/v2\/product_tag?post=583673"}],"curies":[{"name":"wp","href":"https:\/\/api.w.org\/{rel}","templated":true}]}}