{"id":583667,"date":"2025-03-04T09:54:51","date_gmt":"2025-03-04T08:54:51","guid":{"rendered":"https:\/\/shop.kustom.ch\/?post_type=product&#038;p=583667"},"modified":"2025-03-04T09:58:06","modified_gmt":"2025-03-04T08:58:06","slug":"merino-beanie","status":"publish","type":"product","link":"https:\/\/shop.kustom.ch\/en\/product\/merino-beanie\/","title":{"rendered":"Merino beanie"},"content":{"rendered":"<p>Thin and insulating merino wool beanie for all seasons. It fits under helmets and thanks to the merino wool, the beanie has natural moisture wicking properties that keep you warm and dry.<\/p>\n<p>DETAILS: Woven Bl\u00e5kl\u00e4der logo on the back. Can be worn under the helmet. MAIN FEATURES: Unisex. FABRIC: grey. Wind \/ wet \/ cold. WASHING INSTRUCTIONS: Use wool detergent. Do not spin<\/p>\n<p>100% Merino wool, single jersey, 160 g\/m\u00b2<\/p>","protected":false},"excerpt":{"rendered":"<p>D\u00fcnnes und isolierendes Beanie aus Merionowolle f\u00fcr jede Jahreszeit. Es passt unter Helme und dank der Merinowolle hat die M\u00fctze einen nat\u00fcrlichen Feuchtigkeitstransport der warm und trocken h\u00e4lt. DETAILS: Gewebtes Bl\u00e5kl\u00e4der Logo hinten. Kann unter dem Helm getragen werden. HAUPTEIGENSCHAFTEN: Unisex. STOFF: grau. Wind \/ N\u00e4sse \/ K\u00e4lte. WASCHANLEITUNG: Wollwaschmittel nutzen. Nicht schleudern 100% Merinowolle, [&hellip;]<\/p>\n","protected":false},"featured_media":583733,"template":"","meta":[],"product_brand":[],"product_cat":[9643,4209],"product_tag":[],"class_list":{"0":"post-583667","1":"product","2":"type-product","3":"status-publish","4":"has-post-thumbnail","6":"product_cat-equipment","7":"product_cat-zubehoer","8":"pa_brand-blaklaeder","9":"pa_brand-type-workwear","10":"pa_filter-color-grau","12":"first","13":"instock","14":"sale","15":"taxable","16":"shipping-taxable","17":"purchasable","18":"product-type-variable","19":"add-to-wishlist-before_image"},"exclude_global_add_ons":[],"addons":[],"acf":[],"_links":{"self":[{"href":"https:\/\/shop.kustom.ch\/en\/wp-json\/wp\/v2\/product\/583667"}],"collection":[{"href":"https:\/\/shop.kustom.ch\/en\/wp-json\/wp\/v2\/product"}],"about":[{"href":"https:\/\/shop.kustom.ch\/en\/wp-json\/wp\/v2\/types\/product"}],"wp:featuredmedia":[{"embeddable":true,"href":"https:\/\/shop.kustom.ch\/en\/wp-json\/wp\/v2\/media\/583733"}],"wp:attachment":[{"href":"https:\/\/shop.kustom.ch\/en\/wp-json\/wp\/v2\/media?parent=583667"}],"wp:term":[{"taxonomy":"product_brand","embeddable":true,"href":"https:\/\/shop.kustom.ch\/en\/wp-json\/wp\/v2\/product_brand?post=583667"},{"taxonomy":"product_cat","embeddable":true,"href":"https:\/\/shop.kustom.ch\/en\/wp-json\/wp\/v2\/product_cat?post=583667"},{"taxonomy":"product_tag","embeddable":true,"href":"https:\/\/shop.kustom.ch\/en\/wp-json\/wp\/v2\/product_tag?post=583667"}],"curies":[{"name":"wp","href":"https:\/\/api.w.org\/{rel}","templated":true}]}}