{"id":583645,"date":"2025-03-04T09:54:47","date_gmt":"2025-03-04T08:54:47","guid":{"rendered":"https:\/\/shop.kustom.ch\/?post_type=product&#038;p=583645"},"modified":"2026-03-31T08:38:32","modified_gmt":"2026-03-31T07:38:32","slug":"regenhut","status":"publish","type":"product","link":"https:\/\/shop.kustom.ch\/en\/product\/regenhut\/","title":{"rendered":"Rain hat"},"content":{"rendered":"<p>Rain hat made of 100% waterproof PU material with taped seams, with a brim that sheds water. Additional protection at the back and an adjustable drawstring at the chin. Lined with microfleece. The fabric is certified according to EN ISO 20471 in the colours 3300 and 5300, high visibility clothing.<\/p>\n<p>DETAILS: Extra protection at the neck with drawstring and adjustable neck strap under the chin. FUNCTIONALITY: Wind and waterproof with taped seams. MAIN FEATURES: Fischer. Unisex. FABRIC: Unisex. High-vis yellow. waterproof. High visibility. WASHING INSTRUCTIONS: Do not bleach. CERTIFICATION: The fabric is certified according to EN ISO 20471, applies to colour 3300 and 5300<\/p>\n<p>100% polyester, PU-coated, wind and waterproof, 240g\/m\u00b2<\/p>","protected":false},"excerpt":{"rendered":"<p>Regenhut aus 100% wasserdichtem PU-Material mit verschweissten N\u00e4hten, mit einer Krempe, die das Wasser ableitet. Zus\u00e4tzlicher Schutz hinten und ein verstellbarer Kordelzug am Kinn. Gef\u00fcttert mit Microfleece. Der Stoff ist zertifiziert nach EN ISO 20471 in den Farben 3300 und 5300, Kleidung mit hoher Sichtbarkeit. DETAILS: Extra-Schutz am Hals mit Kordelzug und verstellbarem Umh\u00e4ngeband unter [&hellip;]<\/p>\n","protected":false},"featured_media":583704,"template":"","meta":[],"product_brand":[],"product_cat":[9643,4209],"product_tag":[],"class_list":{"0":"post-583645","1":"product","2":"type-product","3":"status-publish","4":"has-post-thumbnail","6":"product_cat-equipment","7":"product_cat-zubehoer","8":"pa_brand-blaklaeder","9":"pa_brand-type-workwear","10":"pa_filter-color-gelb","12":"first","13":"instock","14":"sale","15":"taxable","16":"shipping-taxable","17":"purchasable","18":"product-type-variable","19":"add-to-wishlist-before_image"},"exclude_global_add_ons":[],"addons":[],"acf":[],"_links":{"self":[{"href":"https:\/\/shop.kustom.ch\/en\/wp-json\/wp\/v2\/product\/583645"}],"collection":[{"href":"https:\/\/shop.kustom.ch\/en\/wp-json\/wp\/v2\/product"}],"about":[{"href":"https:\/\/shop.kustom.ch\/en\/wp-json\/wp\/v2\/types\/product"}],"wp:featuredmedia":[{"embeddable":true,"href":"https:\/\/shop.kustom.ch\/en\/wp-json\/wp\/v2\/media\/583704"}],"wp:attachment":[{"href":"https:\/\/shop.kustom.ch\/en\/wp-json\/wp\/v2\/media?parent=583645"}],"wp:term":[{"taxonomy":"product_brand","embeddable":true,"href":"https:\/\/shop.kustom.ch\/en\/wp-json\/wp\/v2\/product_brand?post=583645"},{"taxonomy":"product_cat","embeddable":true,"href":"https:\/\/shop.kustom.ch\/en\/wp-json\/wp\/v2\/product_cat?post=583645"},{"taxonomy":"product_tag","embeddable":true,"href":"https:\/\/shop.kustom.ch\/en\/wp-json\/wp\/v2\/product_tag?post=583645"}],"curies":[{"name":"wp","href":"https:\/\/api.w.org\/{rel}","templated":true}]}}