{"id":583644,"date":"2025-03-04T09:54:47","date_gmt":"2025-03-04T08:54:47","guid":{"rendered":"https:\/\/shop.kustom.ch\/?post_type=product&#038;p=583644"},"modified":"2026-03-31T08:38:31","modified_gmt":"2026-03-31T07:38:31","slug":"high-vis-muetze","status":"publish","type":"product","link":"https:\/\/shop.kustom.ch\/en\/product\/high-vis-muetze\/","title":{"rendered":"High Vis cap"},"content":{"rendered":"<p>Hat with fluorescent colours and reflective threads for better visibility. Knitted from soft acrylic for comfort and warmth.<\/p>\n<p>MAIN FEATURES: Unisex. REFLEX: Incorporated reflective threads. FABRIC: High-vis yellow. Wind \/ wet \/ cold. WASHING INSTRUCTIONS: Do not spin. CERTIFICATION: Not High Vis certified<\/p>\n<p>100% Polyacrylic<\/p>","protected":false},"excerpt":{"rendered":"<p>M\u00fctze mit fluoreszierenden Farben und reflektierenden F\u00e4den f\u00fcr bessere Sichtbarkeit. Gestrickt aus weichem Acryl f\u00fcr Komfort und W\u00e4rme. HAUPTEIGENSCHAFTEN: Unisex. REFLEX: Eingearbeitete reflektierende F\u00e4den. STOFF: High-Vis Gelb. Wind \/ N\u00e4sse \/ K\u00e4lte. WASCHANLEITUNG: Nicht schleudern. ZERTIFIZIERUNG: Nicht High Vis zertifiziert 100% Polyacryl<\/p>","protected":false},"featured_media":583703,"template":"","meta":[],"product_brand":[],"product_cat":[9643,4209],"product_tag":[],"class_list":{"0":"post-583644","1":"product","2":"type-product","3":"status-publish","4":"has-post-thumbnail","6":"product_cat-equipment","7":"product_cat-zubehoer","8":"pa_brand-blaklaeder","9":"pa_brand-type-workwear","10":"pa_filter-color-gelb","11":"pa_filter-color-orange","13":"first","14":"instock","15":"sale","16":"taxable","17":"shipping-taxable","18":"purchasable","19":"product-type-variable","20":"add-to-wishlist-before_image"},"exclude_global_add_ons":[],"addons":[],"acf":[],"_links":{"self":[{"href":"https:\/\/shop.kustom.ch\/en\/wp-json\/wp\/v2\/product\/583644"}],"collection":[{"href":"https:\/\/shop.kustom.ch\/en\/wp-json\/wp\/v2\/product"}],"about":[{"href":"https:\/\/shop.kustom.ch\/en\/wp-json\/wp\/v2\/types\/product"}],"wp:featuredmedia":[{"embeddable":true,"href":"https:\/\/shop.kustom.ch\/en\/wp-json\/wp\/v2\/media\/583703"}],"wp:attachment":[{"href":"https:\/\/shop.kustom.ch\/en\/wp-json\/wp\/v2\/media?parent=583644"}],"wp:term":[{"taxonomy":"product_brand","embeddable":true,"href":"https:\/\/shop.kustom.ch\/en\/wp-json\/wp\/v2\/product_brand?post=583644"},{"taxonomy":"product_cat","embeddable":true,"href":"https:\/\/shop.kustom.ch\/en\/wp-json\/wp\/v2\/product_cat?post=583644"},{"taxonomy":"product_tag","embeddable":true,"href":"https:\/\/shop.kustom.ch\/en\/wp-json\/wp\/v2\/product_tag?post=583644"}],"curies":[{"name":"wp","href":"https:\/\/api.w.org\/{rel}","templated":true}]}}