{"id":583581,"date":"2025-03-04T09:54:10","date_gmt":"2025-03-04T08:54:10","guid":{"rendered":"https:\/\/shop.kustom.ch\/?post_type=product&#038;p=583581"},"modified":"2026-03-31T08:38:28","modified_gmt":"2026-03-31T07:38:28","slug":"handwerker-arbeitshose-stretch-x1900-2","status":"publish","type":"product","link":"https:\/\/shop.kustom.ch\/en\/product\/handwerker-arbeitshose-stretch-x1900-2\/","title":{"rendered":"Craftsman work trousers stretch X1900"},"content":{"rendered":"<p>Robust craftsman work trousers with a low crotch and close-fitting leg. The waistband trousers are made from Cordura\u00ae stretch denim and are designed to sit comfortably on the hips. The waistband trousers have stretch inserts in the crotch and calves for optimum freedom of movement and top comfort. The knees and the functional pockets are made of Cordura\u00ae1000 reinforcements and the nail pockets have a zip that allows loose or fixed nail pockets.<\/p>\n<p>DETAILS: Metal buttons. Knife holder with button. Button placket at the crotch. Two loops at the sides with a button for hammer holder. D-ring on the waistband. FUNCTIONALITY: Fits on the hips. MAIN FEATURES: Warehouse worker. EN 14004. FABRIC: Men's. blue. Nail pockets. Craft. POCKETS: Leg pocket with zip. Back pocket with bellows. Knee pad pockets. Zip for fixed or loose nail pockets. Front pockets with zips. Reinforced ruler pocket with knife holder and pen pocket. WASHING INSTRUCTIONS: Ironing - low. REINFORCEMENT: CORDURA\u00ae 1000-reinforced nail pockets, back pockets, ruler pocket, leg pockets and knees. CERTIFICATION: EN 14404:2004+A1:2010 together with knee pads 4027 and 4057<\/p>\n<p>55% cotton, 15% polyamide, 30% polyester, denim, coated, CORDURA\u00ae denim, stretch, 340 g\/m\u00b2<\/p>","protected":false},"excerpt":{"rendered":"<p>Robuste Handwerker Arbeitshose mit tiefem Schritt und eng geschnittenem Bein. Die Bundhose aus Cordura\u00ae Stretch Denim wurde hergestellt und entwickelt, um bequem auf der H\u00fcfte zu sitzen. F\u00fcr eine optimale Bewegungsfreiheit und Top-Komfort hat die Bundhose Stretch-Eins\u00e4tze im Schritt und an den Waden. Die Knie und die funktionellen Taschen sind aus Cordura\u00ae1000 Verst\u00e4rkungen und die [&hellip;]<\/p>\n","protected":false},"featured_media":583639,"template":"","meta":[],"product_brand":[],"product_cat":[4185],"product_tag":[],"class_list":{"0":"post-583581","1":"product","2":"type-product","3":"status-publish","4":"has-post-thumbnail","6":"product_cat-hosen","7":"pa_brand-blaklaeder","8":"pa_brand-type-workwear","9":"pa_filter-color-blau","10":"pa_filter-color-schwarz","12":"first","13":"instock","14":"sale","15":"taxable","16":"shipping-taxable","17":"purchasable","18":"product-type-variable","19":"add-to-wishlist-before_image"},"exclude_global_add_ons":[],"addons":[],"acf":[],"_links":{"self":[{"href":"https:\/\/shop.kustom.ch\/en\/wp-json\/wp\/v2\/product\/583581"}],"collection":[{"href":"https:\/\/shop.kustom.ch\/en\/wp-json\/wp\/v2\/product"}],"about":[{"href":"https:\/\/shop.kustom.ch\/en\/wp-json\/wp\/v2\/types\/product"}],"wp:featuredmedia":[{"embeddable":true,"href":"https:\/\/shop.kustom.ch\/en\/wp-json\/wp\/v2\/media\/583639"}],"wp:attachment":[{"href":"https:\/\/shop.kustom.ch\/en\/wp-json\/wp\/v2\/media?parent=583581"}],"wp:term":[{"taxonomy":"product_brand","embeddable":true,"href":"https:\/\/shop.kustom.ch\/en\/wp-json\/wp\/v2\/product_brand?post=583581"},{"taxonomy":"product_cat","embeddable":true,"href":"https:\/\/shop.kustom.ch\/en\/wp-json\/wp\/v2\/product_cat?post=583581"},{"taxonomy":"product_tag","embeddable":true,"href":"https:\/\/shop.kustom.ch\/en\/wp-json\/wp\/v2\/product_tag?post=583581"}],"curies":[{"name":"wp","href":"https:\/\/api.w.org\/{rel}","templated":true}]}}