{"id":583217,"date":"2025-03-04T09:49:41","date_gmt":"2025-03-04T08:49:41","guid":{"rendered":"https:\/\/shop.kustom.ch\/?post_type=product&#038;p=583217"},"modified":"2026-03-31T08:37:59","modified_gmt":"2026-03-31T07:37:59","slug":"piratenhose-stretch-x1900","status":"publish","type":"product","link":"https:\/\/shop.kustom.ch\/en\/product\/piratenhose-stretch-x1900\/","title":{"rendered":"Pirate trousers stretch X1900"},"content":{"rendered":"<p>Robust pirate trousers in Cordura\u00ae denim stretch with stretch inserts in the crotch for optimum freedom of movement. Top-filling knee pad pockets made of CORDURA\u00ae stretch for perfect comfort even when kneeling.<\/p>\n<p>DETAILS: Metal buttons. Knife holder with button. Reinforced seams at the crotch. Button placket at the crotch. Two loops with Velcro fastening on the sides for hammer holder. D-ring on the waistband. FUNCTIONALITY: Stretch inserts at crotch, calf and knee pad pocket. MAIN PROPERTIES: Craftsman. Men's. EN 14004. FABRIC: Men's. blue. Knee pad pockets. Craftsman. POCKETS: Leg pocket with zip. Back pocket with bellows. Knee pad pockets - top with cover and Velcro fastening. Stretch material on the outside and inside for a better ergonomic fit. Zip for fixed or loose nail pockets. Side pockets. Reinforced ruler pocket with knife holder and pen pocket. WASHING INSTRUCTIONS: Do not dry clean. REINFORCEMENT: Cordura\u00ae 1000-reinforced nail pockets, back pockets and ruler pocket. CERTIFICATION: EN 14404:2004+A1:2010 together with knee pads 4027, 4057, 4058 and 4032<\/p>\n<p>55% cotton, 15% polyamide, 30% polyester, denim, coated, CORDURA\u00ae denim, stretch, 340 g\/m\u00b2<\/p>","protected":false},"excerpt":{"rendered":"<p>Robuste Piratenhose in Cordura\u00ae Denim Stretch mit Stretch Eins\u00e4tzen im Schritt f\u00fcr optimale Bewegungsfreiheit. Von oben zu f\u00fcllende Kniepolstertaschen aus CORDURA\u00ae-Stretch f\u00fcr perfekten Tragekomfort auch in kniender Position. DETAILS: Metallkn\u00f6pfe. Messerhalter mit Knopf. Verst\u00e4rkte N\u00e4hte am Schritt. Knopfleiste im Schritt. Zwei Schlaufen mit Klettverschluss an den Seiten f\u00fcr Hammerhalter. D-Ring am Bund. FUNKTIONALIT\u00c4T: Stretch-Eins\u00e4tze im [&hellip;]<\/p>\n","protected":false},"featured_media":583225,"template":"","meta":[],"product_brand":[],"product_cat":[4198],"product_tag":[],"class_list":{"0":"post-583217","1":"product","2":"type-product","3":"status-publish","4":"has-post-thumbnail","6":"product_cat-shorts","7":"pa_brand-blaklaeder","8":"pa_brand-type-workwear","9":"pa_filter-color-blau","10":"pa_filter-color-schwarz","12":"first","13":"instock","14":"sale","15":"taxable","16":"shipping-taxable","17":"purchasable","18":"product-type-variable","19":"add-to-wishlist-before_image"},"exclude_global_add_ons":[],"addons":[],"acf":[],"_links":{"self":[{"href":"https:\/\/shop.kustom.ch\/en\/wp-json\/wp\/v2\/product\/583217"}],"collection":[{"href":"https:\/\/shop.kustom.ch\/en\/wp-json\/wp\/v2\/product"}],"about":[{"href":"https:\/\/shop.kustom.ch\/en\/wp-json\/wp\/v2\/types\/product"}],"wp:featuredmedia":[{"embeddable":true,"href":"https:\/\/shop.kustom.ch\/en\/wp-json\/wp\/v2\/media\/583225"}],"wp:attachment":[{"href":"https:\/\/shop.kustom.ch\/en\/wp-json\/wp\/v2\/media?parent=583217"}],"wp:term":[{"taxonomy":"product_brand","embeddable":true,"href":"https:\/\/shop.kustom.ch\/en\/wp-json\/wp\/v2\/product_brand?post=583217"},{"taxonomy":"product_cat","embeddable":true,"href":"https:\/\/shop.kustom.ch\/en\/wp-json\/wp\/v2\/product_cat?post=583217"},{"taxonomy":"product_tag","embeddable":true,"href":"https:\/\/shop.kustom.ch\/en\/wp-json\/wp\/v2\/product_tag?post=583217"}],"curies":[{"name":"wp","href":"https:\/\/api.w.org\/{rel}","templated":true}]}}