{"id":583155,"date":"2025-03-04T09:48:55","date_gmt":"2025-03-04T08:48:55","guid":{"rendered":"https:\/\/shop.kustom.ch\/?post_type=product&#038;p=583155"},"modified":"2026-03-31T08:37:55","modified_gmt":"2026-03-31T07:37:55","slug":"handwerker-arbeitshose-stretch-x1900","status":"publish","type":"product","link":"https:\/\/shop.kustom.ch\/en\/product\/handwerker-arbeitshose-stretch-x1900\/","title":{"rendered":"Craftsman work trousers stretch X1900"},"content":{"rendered":"<p>Robust work trousers in Cordura\u00ae denim stretch with stretch inserts at the crotch and calves for optimum freedom of movement. This model has tapered legs and top-filling knee pad pockets made of CORDURA\u00ae stretch for perfect comfort even when kneeling.<\/p>\n<p>DETAILS: Metal buttons. Knife holder with button. Inside leg seam with triple stitching. Button placket at the crotch. Two belt loops at the sides with a button for a hammer loop, one belt loop with D-ring at the front. Wide belt loop at the back. D-ring on the waistband. FUNCTIONALITY: 2-way stretch. MAIN FEATURES: Craftsman. EN 14004. FABRIC: Men's. black. Stretch. Stretch. POCKETS: Leg pocket with zip. Back pocket with bellows. Knee pad pockets - top with cover and Velcro fastening. Stretch material on the outside and inside for a better ergonomic fit. Nail pockets - extra wide, with tool loops and additional tool compartments. Side pockets. Reinforced folding rule pocket with knife holder and pen pocket. WASHING INSTRUCTIONS: Ironing - low. REINFORCEMENT: Cordura\u00ae stretch-reinforced knee pad pockets. CERTIFICATION: EN 14404:2004+A1:2010 together with knee pad 4027, 4057, 4058 and 4032<\/p>\n<p>55% cotton, 15% polyamide, 30% polyester, denim, coated, CORDURA\u00ae denim, stretch, 340 g\/m\u00b2<\/p>","protected":false},"excerpt":{"rendered":"<p>Robuste Handwerker Arbeitshose in Cordura\u00ae Denim Stretch mit Stretch Eins\u00e4tzen im Schritt und an den Waden f\u00fcr optimale Bewegungsfreiheit. Dieses Modell hat konisch geschnittene Beine und von oben zu f\u00fcllende Kniepolstertaschen aus CORDURA\u00ae- Stretch f\u00fcr perfekten Tragekomfort auch in kniender Position. DETAILS: Metallkn\u00f6pfe. Messerhalter mit Knopf. Innenbeinnaht mit 3-fach-Naht. Knopfleiste im Schritt. Zwei G\u00fcrtelschlaufen an [&hellip;]<\/p>\n","protected":false},"featured_media":583182,"template":"","meta":[],"product_brand":[],"product_cat":[4185],"product_tag":[],"class_list":{"0":"post-583155","1":"product","2":"type-product","3":"status-publish","4":"has-post-thumbnail","6":"product_cat-hosen","7":"pa_brand-blaklaeder","8":"pa_brand-type-workwear","9":"pa_filter-color-blau","10":"pa_filter-color-schwarz","12":"first","13":"instock","14":"sale","15":"taxable","16":"shipping-taxable","17":"purchasable","18":"product-type-variable","19":"add-to-wishlist-before_image"},"exclude_global_add_ons":[],"addons":[],"acf":[],"_links":{"self":[{"href":"https:\/\/shop.kustom.ch\/en\/wp-json\/wp\/v2\/product\/583155"}],"collection":[{"href":"https:\/\/shop.kustom.ch\/en\/wp-json\/wp\/v2\/product"}],"about":[{"href":"https:\/\/shop.kustom.ch\/en\/wp-json\/wp\/v2\/types\/product"}],"wp:featuredmedia":[{"embeddable":true,"href":"https:\/\/shop.kustom.ch\/en\/wp-json\/wp\/v2\/media\/583182"}],"wp:attachment":[{"href":"https:\/\/shop.kustom.ch\/en\/wp-json\/wp\/v2\/media?parent=583155"}],"wp:term":[{"taxonomy":"product_brand","embeddable":true,"href":"https:\/\/shop.kustom.ch\/en\/wp-json\/wp\/v2\/product_brand?post=583155"},{"taxonomy":"product_cat","embeddable":true,"href":"https:\/\/shop.kustom.ch\/en\/wp-json\/wp\/v2\/product_cat?post=583155"},{"taxonomy":"product_tag","embeddable":true,"href":"https:\/\/shop.kustom.ch\/en\/wp-json\/wp\/v2\/product_tag?post=583155"}],"curies":[{"name":"wp","href":"https:\/\/api.w.org\/{rel}","templated":true}]}}