{"id":583075,"date":"2025-03-04T09:47:33","date_gmt":"2025-03-04T08:47:33","guid":{"rendered":"https:\/\/shop.kustom.ch\/?post_type=product&#038;p=583075"},"modified":"2026-03-31T08:37:42","modified_gmt":"2026-03-31T07:37:42","slug":"handwerker-shorts-4-wege-stretch-ohne-nageltaschen-x1900","status":"publish","type":"product","link":"https:\/\/shop.kustom.ch\/en\/product\/handwerker-shorts-4-wege-stretch-ohne-nageltaschen-x1900\/","title":{"rendered":"Craftsman shorts 4-way stretch without nail pockets X1900"},"content":{"rendered":"<p>A craftsman shorts with fantastic 4-way stretch based on Bl\u00e5kl\u00e4der's craftsman shorts 1998. The shorts variant 1987 has no nail pockets compared to its twin 1988, but offers all the high standards of comfort and functionality.<\/p>\n<p>DETAILS: Metal buttons. Knife holder with button. Inside leg seam with triple stitching. Plastic zip at the crotch. Wide belt loops at the back and sides. D-ring on the waistband. FUNCTIONALITY: 4-way stretch. MAIN PROPERTIES: Gardener. Men's. REFLEX: Reflective detail on the leg pocket. FABRIC: Men. blue. Stretch. Stretch. POCKETS: Leg pocket with zip. Back pockets with bellows. Trouser pockets with zip pocket. Reinforced ruler pocket with knife holder and pen pocket. WASHING INSTRUCTIONS: 40\u00b0 C. REINFORCEMENT: Reinforced ruler pocket and back pockets<\/p>\n<p>93% polyamide, 7% elastane, dobby, 4-way stretch, 295 g\/m\u00b2<\/p>","protected":false},"excerpt":{"rendered":"<p>Eine Handwerker Shorts mit fantastischem 4-Wege-Stretch basierend auf Bl\u00e5kl\u00e4ders Handwerkerhose 1998. Die Shorts Variante 1987 hat keine Nageltaschen im Vergleich zu ihrem Zwilling 1988, aber bietet alle hohen Standards von Komfort und Funktionalit\u00e4t. DETAILS: Metallkn\u00f6pfe. Messerhalter mit Knopf. Innenbeinnaht mit 3-fach-Naht. Kunststoff-Reissverschluss im Schritt. Breite G\u00fcrtelschlaufen hinten und an den Seiten. D-Ring am Bund. FUNKTIONALIT\u00c4T: [&hellip;]<\/p>\n","protected":false},"featured_media":583091,"template":"","meta":[],"product_brand":[],"product_cat":[4198],"product_tag":[],"class_list":{"0":"post-583075","1":"product","2":"type-product","3":"status-publish","4":"has-post-thumbnail","6":"product_cat-shorts","7":"pa_brand-blaklaeder","8":"pa_brand-type-workwear","9":"pa_filter-color-blau","10":"pa_filter-color-grau","11":"pa_filter-color-schwarz","13":"first","14":"instock","15":"sale","16":"taxable","17":"shipping-taxable","18":"purchasable","19":"product-type-variable","20":"add-to-wishlist-before_image"},"exclude_global_add_ons":[],"addons":[],"acf":[],"_links":{"self":[{"href":"https:\/\/shop.kustom.ch\/en\/wp-json\/wp\/v2\/product\/583075"}],"collection":[{"href":"https:\/\/shop.kustom.ch\/en\/wp-json\/wp\/v2\/product"}],"about":[{"href":"https:\/\/shop.kustom.ch\/en\/wp-json\/wp\/v2\/types\/product"}],"wp:featuredmedia":[{"embeddable":true,"href":"https:\/\/shop.kustom.ch\/en\/wp-json\/wp\/v2\/media\/583091"}],"wp:attachment":[{"href":"https:\/\/shop.kustom.ch\/en\/wp-json\/wp\/v2\/media?parent=583075"}],"wp:term":[{"taxonomy":"product_brand","embeddable":true,"href":"https:\/\/shop.kustom.ch\/en\/wp-json\/wp\/v2\/product_brand?post=583075"},{"taxonomy":"product_cat","embeddable":true,"href":"https:\/\/shop.kustom.ch\/en\/wp-json\/wp\/v2\/product_cat?post=583075"},{"taxonomy":"product_tag","embeddable":true,"href":"https:\/\/shop.kustom.ch\/en\/wp-json\/wp\/v2\/product_tag?post=583075"}],"curies":[{"name":"wp","href":"https:\/\/api.w.org\/{rel}","templated":true}]}}