{"id":583028,"date":"2025-03-04T09:46:24","date_gmt":"2025-03-04T08:46:24","guid":{"rendered":"https:\/\/shop.kustom.ch\/?post_type=product&#038;p=583028"},"modified":"2026-03-31T08:37:06","modified_gmt":"2026-03-31T07:37:06","slug":"handwerker-arbeitshose-nyco","status":"publish","type":"product","link":"https:\/\/shop.kustom.ch\/en\/product\/handwerker-arbeitshose-nyco\/","title":{"rendered":"Craftsman work trousers NYCO"},"content":{"rendered":"<p>It's easy to be deceived by the lightweight impression of our new 1961 challenger. With the unique comfort and fit, the trousers feel like nice cotton trousers, but the CORDURA\u00ae NYCO material is \u2019strong as steel\u2018 and can hardly ever be worn out. The model has a low waist with pre-shaped knees, which ensures a good fit. Several smart features, such as the wide nail pockets that can be folded back for more comfort when bending down.<\/p>\n<p>CLOSURE: Adjustable leg cuffs with drawstring and CORDURA\u00ae reinforcement. DETAILS: Recessed ID card pocket. Metal buttons. Reinforced seams at the crotch. Plastic zip at the crotch. Wide belt loops. FUNCTIONALITY: Particularly ergonomically shaped trouser legs. MAIN PROPERTIES: Roofers. EN 14004. FABRIC: Men's. grey. Nail pockets. Craft. POCKETS: Leg pocket with pencil pocket, additional pocket and mobile phone pocket. Mobile phone pocket. Knee pad pockets. Nail pockets - extra wide, with tool loops and additional tool compartments. Slanted front pockets. Extra wide CORDURA\u00ae-reinforced folding rule pocket with pen pocket and knife holder. WASHING INSTRUCTIONS: Do not bleach. REINFORCEMENT: Cordura\u00ae stretch-reinforced knee pad pockets. CERTIFICATION: EN 14404:2004+A1:2010 together with knee pad 4027, 4057, 4058 and 4032<\/p>\n<p>75% cotton, 25% polyamide, CORDURA\u00ae Nyco, 250g\/m\u00b2<\/p>","protected":false},"excerpt":{"rendered":"<p>Vom leichten Eindruck unseres neuen Herausforderers 1961 kann man sich leicht t\u00e4uschen lassen. Bei dem einmaligen Komfort und der Passform f\u00fchlen sich die Hosen wie sch\u00f6ne Baumwollhosen an, doch ist das Material CORDURA\u00ae NYCO &#8217;stark wie Stahl&#8216; und kann so gut wie nie verschlissen werden. Das Modell hat ein niedrigere Taille mit vorgeformten Knien, was [&hellip;]<\/p>\n","protected":false},"featured_media":583088,"template":"","meta":[],"product_brand":[],"product_cat":[4185],"product_tag":[],"class_list":{"0":"post-583028","1":"product","2":"type-product","3":"status-publish","4":"has-post-thumbnail","6":"product_cat-hosen","7":"pa_brand-blaklaeder","8":"pa_brand-type-workwear","9":"pa_filter-color-grau","10":"pa_filter-color-schwarz","12":"first","13":"instock","14":"sale","15":"taxable","16":"shipping-taxable","17":"purchasable","18":"product-type-variable","19":"add-to-wishlist-before_image"},"exclude_global_add_ons":[],"addons":[],"acf":[],"_links":{"self":[{"href":"https:\/\/shop.kustom.ch\/en\/wp-json\/wp\/v2\/product\/583028"}],"collection":[{"href":"https:\/\/shop.kustom.ch\/en\/wp-json\/wp\/v2\/product"}],"about":[{"href":"https:\/\/shop.kustom.ch\/en\/wp-json\/wp\/v2\/types\/product"}],"wp:featuredmedia":[{"embeddable":true,"href":"https:\/\/shop.kustom.ch\/en\/wp-json\/wp\/v2\/media\/583088"}],"wp:attachment":[{"href":"https:\/\/shop.kustom.ch\/en\/wp-json\/wp\/v2\/media?parent=583028"}],"wp:term":[{"taxonomy":"product_brand","embeddable":true,"href":"https:\/\/shop.kustom.ch\/en\/wp-json\/wp\/v2\/product_brand?post=583028"},{"taxonomy":"product_cat","embeddable":true,"href":"https:\/\/shop.kustom.ch\/en\/wp-json\/wp\/v2\/product_cat?post=583028"},{"taxonomy":"product_tag","embeddable":true,"href":"https:\/\/shop.kustom.ch\/en\/wp-json\/wp\/v2\/product_tag?post=583028"}],"curies":[{"name":"wp","href":"https:\/\/api.w.org\/{rel}","templated":true}]}}