{"id":582972,"date":"2025-03-04T09:45:38","date_gmt":"2025-03-04T08:45:38","guid":{"rendered":"https:\/\/shop.kustom.ch\/?post_type=product&#038;p=582972"},"modified":"2026-03-31T08:37:02","modified_gmt":"2026-03-31T07:37:02","slug":"handwerker-arbeitshose","status":"publish","type":"product","link":"https:\/\/shop.kustom.ch\/en\/product\/handwerker-arbeitshose\/","title":{"rendered":"Craftsman work trousers"},"content":{"rendered":"<p>CLOSURE: Adjustable leg cuffs with drawstring and CORDURA\u00ae reinforcement. DETAILS: Detachable ID card pocket. Reinforced seams at the crotch. Button placket at the crotch. Two loops with Velcro fastening on the sides for hammer holders. FUNCTIONALITY: 2-way stretch. Particularly ergonomically shaped trouser legs. Particularly ergonomically shaped trouser legs. MAIN PROPERTIES: Road and construction workers. EN 14004. FABRIC: Men's. black. Nail pockets. Men's. Craft. Craft. POCKETS: Leg pocket with zip. Back pockets with bellows. Knee pad pockets. Nail pockets - extra wide, with tool loops and additional tool compartments. Side pockets, including one additional pocket with zip. Extra wide CORDURA\u00ae-reinforced folding rule pocket with pen pocket and knife holder. WASHING: tumble dryer - low. REINFORCEMENT: Cordura\u00ae stretch-reinforced knee pockets. CERTIFICATION: EN 14404:2004+A1:2010 together with knee pads 4027, 4057, 4058 and 4032. ACCESSORIES: Article 4020<\/p>\n<p>88% cotton, 12% polyamide, denim, coated, CORDURA\u00ae denim, 375g\/m\u00b2<\/p>","protected":false},"excerpt":{"rendered":"<p>ABSCHLUSS: Verstellbare Beinabschl\u00fcsse mit Kordelzug und CORDURA\u00ae-Verst\u00e4rkung. DETAILS: Abnehmbare Ausweistasche. Verst\u00e4rkte N\u00e4hte am Schritt. Knopfleiste im Schritt. Zwei Schlaufen mit Klettverschluss an den Seiten f\u00fcr Hammerhalter. FUNKTIONALIT\u00c4T: 2-Wege-Stretch. Besonders ergonomisch geformte Hosenbeine. Besonders ergonomisch geformte Hosenbeine. HAUPTEIGENSCHAFTEN: Strassen- und Bauarbeiter. EN 14004. STOFF: Herren. schwarz. Nageltaschen. Herren. Handwerk. Handwerk. TASCHEN: Beintasche mit Reissverschluss. Ges\u00e4sstaschen mit [&hellip;]<\/p>\n","protected":false},"featured_media":583034,"template":"","meta":[],"product_brand":[],"product_cat":[4185],"product_tag":[],"class_list":{"0":"post-582972","1":"product","2":"type-product","3":"status-publish","4":"has-post-thumbnail","6":"product_cat-hosen","7":"pa_brand-blaklaeder","8":"pa_brand-type-workwear","9":"pa_filter-color-blau","10":"pa_filter-color-schwarz","12":"first","13":"instock","14":"sale","15":"taxable","16":"shipping-taxable","17":"purchasable","18":"product-type-variable","19":"add-to-wishlist-before_image"},"exclude_global_add_ons":[],"addons":[],"acf":[],"_links":{"self":[{"href":"https:\/\/shop.kustom.ch\/en\/wp-json\/wp\/v2\/product\/582972"}],"collection":[{"href":"https:\/\/shop.kustom.ch\/en\/wp-json\/wp\/v2\/product"}],"about":[{"href":"https:\/\/shop.kustom.ch\/en\/wp-json\/wp\/v2\/types\/product"}],"wp:featuredmedia":[{"embeddable":true,"href":"https:\/\/shop.kustom.ch\/en\/wp-json\/wp\/v2\/media\/583034"}],"wp:attachment":[{"href":"https:\/\/shop.kustom.ch\/en\/wp-json\/wp\/v2\/media?parent=582972"}],"wp:term":[{"taxonomy":"product_brand","embeddable":true,"href":"https:\/\/shop.kustom.ch\/en\/wp-json\/wp\/v2\/product_brand?post=582972"},{"taxonomy":"product_cat","embeddable":true,"href":"https:\/\/shop.kustom.ch\/en\/wp-json\/wp\/v2\/product_cat?post=582972"},{"taxonomy":"product_tag","embeddable":true,"href":"https:\/\/shop.kustom.ch\/en\/wp-json\/wp\/v2\/product_tag?post=582972"}],"curies":[{"name":"wp","href":"https:\/\/api.w.org\/{rel}","templated":true}]}}