{"id":582946,"date":"2025-03-04T09:45:00","date_gmt":"2025-03-04T08:45:00","guid":{"rendered":"https:\/\/shop.kustom.ch\/?post_type=product&#038;p=582946"},"modified":"2026-03-31T08:37:01","modified_gmt":"2026-03-31T07:37:01","slug":"high-vis-kilt","status":"publish","type":"product","link":"https:\/\/shop.kustom.ch\/en\/product\/high-vis-kilt\/","title":{"rendered":"High Vis Kilt"},"content":{"rendered":"<p>The kilt is a legendary symbol of Scotland. Bl\u00e5kl\u00e4der has taken the kilt and developed a different kind of functional garment for those who want to make a statement and enjoy the comfort and ventilation of a kilt. This high vis kilt has CORDURA\u00ae-reinforced holster pockets and back pockets. The exceptionally comfortable kilt is made from highly durable ripstop fabric. The high-vis material and segmented reflective stripes combine to improve visibility. Inner lining with camouflage print and loops for a belt. Certified to EN ISO 20471 standard, class 2.<\/p>\n<p>DETAILS: D-ring. Hammer loop on both sides. Rubber-coated metal buttons. Knife holder with button. Wide loop at the back. Adjustable waist. MAIN PROPERTIES: Road and construction worker. Men's. Unisex. EN ISO 20471. REFLEX: 50 mm wide transfer reflective stripes. FABRIC: Men. black. Nail pockets. Unisex. High visibility. High visibility protection. POCKETS: Back pockets reinforced with bellows. Nail pockets - extra wide with tool holders and additional tool compartments and extra pockets with zip. Reinforced folding rule pocket with extra pocket and pen pocket. WASHING INSTRUCTIONS: Number of washes: 50, do not spin. REINFORCEMENT: CORDURA\u00ae -reinforced nail pockets, back pockets and ruler pocket. CERTIFICATION: Certification group X<\/p>\n<p>85% polyester, 15% cotton, ripstop, 250 g\/m\u00b2<\/p>","protected":false},"excerpt":{"rendered":"<p>Der Kilt ist ein legend\u00e4res Symbol Schottlands. Bl\u00e5kl\u00e4der hat den Kilt \u00fcbernommen und eine andere Art von Funktionsbekleidung f\u00fcr diejenigen entwickelt, die ein Zeichen setzen und den Komfort und die Bel\u00fcftung eines Kilts geniessen wollen. Dieser High Vis Kilt verf\u00fcgt \u00fcber CORDURA\u00ae-verst\u00e4rkte Holstertaschen und Ges\u00e4sstaschen. Der aussergew\u00f6hnlich bequeme Kilt ist aus hoch strapazierf\u00e4higem Ripstop-Stoff gefertigt. [&hellip;]<\/p>\n","protected":false},"featured_media":530401,"template":"","meta":[],"product_brand":[],"product_cat":[4198],"product_tag":[],"class_list":{"0":"post-582946","1":"product","2":"type-product","3":"status-publish","4":"has-post-thumbnail","6":"product_cat-shorts","7":"pa_brand-blaklaeder","8":"pa_brand-type-workwear","9":"pa_filter-color-gelb","10":"pa_filter-color-schwarz","12":"first","13":"instock","14":"sale","15":"taxable","16":"shipping-taxable","17":"purchasable","18":"product-type-variable","19":"add-to-wishlist-before_image"},"exclude_global_add_ons":[],"addons":[],"acf":[],"_links":{"self":[{"href":"https:\/\/shop.kustom.ch\/en\/wp-json\/wp\/v2\/product\/582946"}],"collection":[{"href":"https:\/\/shop.kustom.ch\/en\/wp-json\/wp\/v2\/product"}],"about":[{"href":"https:\/\/shop.kustom.ch\/en\/wp-json\/wp\/v2\/types\/product"}],"wp:featuredmedia":[{"embeddable":true,"href":"https:\/\/shop.kustom.ch\/en\/wp-json\/wp\/v2\/media\/530401"}],"wp:attachment":[{"href":"https:\/\/shop.kustom.ch\/en\/wp-json\/wp\/v2\/media?parent=582946"}],"wp:term":[{"taxonomy":"product_brand","embeddable":true,"href":"https:\/\/shop.kustom.ch\/en\/wp-json\/wp\/v2\/product_brand?post=582946"},{"taxonomy":"product_cat","embeddable":true,"href":"https:\/\/shop.kustom.ch\/en\/wp-json\/wp\/v2\/product_cat?post=582946"},{"taxonomy":"product_tag","embeddable":true,"href":"https:\/\/shop.kustom.ch\/en\/wp-json\/wp\/v2\/product_tag?post=582946"}],"curies":[{"name":"wp","href":"https:\/\/api.w.org\/{rel}","templated":true}]}}