{"id":582922,"date":"2025-03-04T09:44:20","date_gmt":"2025-03-04T08:44:20","guid":{"rendered":"https:\/\/shop.kustom.ch\/?post_type=product&#038;p=582922"},"modified":"2026-03-31T08:36:59","modified_gmt":"2026-03-31T07:36:59","slug":"maler-shorts-mit-stretch-x1900","status":"publish","type":"product","link":"https:\/\/shop.kustom.ch\/en\/product\/maler-shorts-mit-stretch-x1900\/","title":{"rendered":"Painter shorts with stretch X1900"},"content":{"rendered":"<p>A modern and comfortable painter's shorts based on the Bl\u00e5kl\u00e4der 1910 painter's trousers with tool pockets and stretch inserts in carefully selected areas for improved freedom of movement and comfort. Due to the high cotton content, the fabric has better absorbency. The shorts have several functional pockets and a specially reinforced pocket for a putty knife.<\/p>\n<p>DETAILS: Plastic zip at the crotch. D-ring at waistband. FUNCTIONALITY: Stretch insert at crotch and seat. MAIN FEATURES: Painters. Men. Men. FABRIC: Men. white. Stretch insert. Men. stretch. Painter. POCKETS: Leg pockets with bellows, zip, pen and knife pocket. Back pockets. Mobile phone pocket inside. Nail pockets - with tool holders suitable for painting tools. Side pockets. WASHING INSTRUCTIONS: Do not spin. REINFORCEMENT: CORDURA\u00ae reinforced nail pockets and folding rule pocket<\/p>\n<p>100% Cotton, twill, 240 g\/m\u00b2<\/p>","protected":false},"excerpt":{"rendered":"<p>Eine moderne und bequeme Malershorts auf Basis der Bl\u00e5kl\u00e4der Malerhose 1910. Die Shorts hat Werkzeugtaschen und Stretch-Eins\u00e4tze an sorgf\u00e4ltig ausgew\u00e4hlten Stellen f\u00fcr bessere Bewegungsfreiheit und h\u00f6heren Komfort. Durch den hohen Baumwollanteil hat der Stoff eine bessere Absorptionsf\u00e4higkeit. Die Shorts verf\u00fcgt \u00fcber mehrere funktionelle Taschen und eine speziell verst\u00e4rkte Tasche f\u00fcr ein Spachtelmesser. DETAILS: Kunststoff-Reissverschluss im [&hellip;]<\/p>\n","protected":false},"featured_media":582960,"template":"","meta":[],"product_brand":[],"product_cat":[4198],"product_tag":[],"class_list":{"0":"post-582922","1":"product","2":"type-product","3":"status-publish","4":"has-post-thumbnail","6":"product_cat-shorts","7":"pa_brand-blaklaeder","8":"pa_brand-type-workwear","9":"pa_filter-color-schwarz","10":"pa_filter-color-weiss","12":"first","13":"instock","14":"sale","15":"taxable","16":"shipping-taxable","17":"purchasable","18":"product-type-variable","19":"add-to-wishlist-before_image"},"exclude_global_add_ons":[],"addons":[],"acf":[],"_links":{"self":[{"href":"https:\/\/shop.kustom.ch\/en\/wp-json\/wp\/v2\/product\/582922"}],"collection":[{"href":"https:\/\/shop.kustom.ch\/en\/wp-json\/wp\/v2\/product"}],"about":[{"href":"https:\/\/shop.kustom.ch\/en\/wp-json\/wp\/v2\/types\/product"}],"wp:featuredmedia":[{"embeddable":true,"href":"https:\/\/shop.kustom.ch\/en\/wp-json\/wp\/v2\/media\/582960"}],"wp:attachment":[{"href":"https:\/\/shop.kustom.ch\/en\/wp-json\/wp\/v2\/media?parent=582922"}],"wp:term":[{"taxonomy":"product_brand","embeddable":true,"href":"https:\/\/shop.kustom.ch\/en\/wp-json\/wp\/v2\/product_brand?post=582922"},{"taxonomy":"product_cat","embeddable":true,"href":"https:\/\/shop.kustom.ch\/en\/wp-json\/wp\/v2\/product_cat?post=582922"},{"taxonomy":"product_tag","embeddable":true,"href":"https:\/\/shop.kustom.ch\/en\/wp-json\/wp\/v2\/product_tag?post=582922"}],"curies":[{"name":"wp","href":"https:\/\/api.w.org\/{rel}","templated":true}]}}