{"id":582901,"date":"2025-03-04T09:44:16","date_gmt":"2025-03-04T08:44:16","guid":{"rendered":"https:\/\/shop.kustom.ch\/?post_type=product&#038;p=582901"},"modified":"2026-03-31T08:36:53","modified_gmt":"2026-03-31T07:36:53","slug":"malerhose-mit-stretch-einsaetzen","status":"publish","type":"product","link":"https:\/\/shop.kustom.ch\/en\/product\/malerhose-mit-stretch-einsaetzen\/","title":{"rendered":"Painter's trousers with stretch inserts"},"content":{"rendered":"<p>Modern and comfortable painter's trousers with tool pockets, external knee pockets and stretch inserts in the crotch, knee, seat and calf area for greater flexibility and comfort. Thanks to the high cotton content, the fabric has excellent absorption properties. The trousers have many functional pockets and a specially designed, reinforced pocket for painting tools. This pocket and the nail pockets are reinforced with CORDURA\u00ae fabric and the knees are reinforced with CORDURA\u00ae stretch for improved comfort.<\/p>\n<p>DETAILS: Plastic zip at the crotch. D-ring on the waistband. FUNCTIONALITY: Stretch insert at the crotch, knees, hips and calf. Particularly ergonomically shaped trouser legs. Particularly ergonomically shaped trouser legs. MAIN FEATURES: Painter. EN 14004. FABRIC: Men's. white. Knee pad pockets. Men's. Stretch. Painter. POCKETS: Leg pockets with bellows, zip, pen and knife pocket. Back pockets. Inside mobile phone pocket. Knee pad pockets. Nail pockets - with tool holders suitable for painting tools. Side pockets. WASHING INSTRUCTIONS: Do not spin-dry. REINFORCEMENT: CORDURA\u00ae reinforcement on nail pocket, ruler pocket and knees. CERTIFICATION: EN 14404:2004+A1:2010 together with knee pads 4027, 4057, 4058 and 4032<\/p>\n<p>100% Cotton, twill, 240 g\/m\u00b2<\/p>","protected":false},"excerpt":{"rendered":"<p>Moderne und komfortable Malerhose mit Werkzeugtaschen, aussenliegenden Knietaschen und Stretch-Eins\u00e4tzen im Schritt, am Knie, Ges\u00e4ss und im Wadenbereich f\u00fcr h\u00f6here Flexibilit\u00e4t und Komfort. Dank des hohen Baumwollanteils hat der Stoff exzellente Absorbierungseigenschaften. Die Hose besitzt viele funktionelle Taschen und eine speziell entworfene, verst\u00e4rkte Tasche f\u00fcr Malerwerkzeug. Diese Tasche und die Nageltaschen sind mit CORDURA\u00ae Stoff [&hellip;]<\/p>\n","protected":false},"featured_media":582959,"template":"","meta":[],"product_brand":[],"product_cat":[4185],"product_tag":[],"class_list":{"0":"post-582901","1":"product","2":"type-product","3":"status-publish","4":"has-post-thumbnail","6":"product_cat-hosen","7":"pa_brand-blaklaeder","8":"pa_brand-type-workwear","9":"pa_filter-color-schwarz","10":"pa_filter-color-weiss","12":"first","13":"instock","14":"sale","15":"taxable","16":"shipping-taxable","17":"purchasable","18":"product-type-variable","19":"add-to-wishlist-before_image"},"exclude_global_add_ons":[],"addons":[],"acf":[],"_links":{"self":[{"href":"https:\/\/shop.kustom.ch\/en\/wp-json\/wp\/v2\/product\/582901"}],"collection":[{"href":"https:\/\/shop.kustom.ch\/en\/wp-json\/wp\/v2\/product"}],"about":[{"href":"https:\/\/shop.kustom.ch\/en\/wp-json\/wp\/v2\/types\/product"}],"wp:featuredmedia":[{"embeddable":true,"href":"https:\/\/shop.kustom.ch\/en\/wp-json\/wp\/v2\/media\/582959"}],"wp:attachment":[{"href":"https:\/\/shop.kustom.ch\/en\/wp-json\/wp\/v2\/media?parent=582901"}],"wp:term":[{"taxonomy":"product_brand","embeddable":true,"href":"https:\/\/shop.kustom.ch\/en\/wp-json\/wp\/v2\/product_brand?post=582901"},{"taxonomy":"product_cat","embeddable":true,"href":"https:\/\/shop.kustom.ch\/en\/wp-json\/wp\/v2\/product_cat?post=582901"},{"taxonomy":"product_tag","embeddable":true,"href":"https:\/\/shop.kustom.ch\/en\/wp-json\/wp\/v2\/product_tag?post=582901"}],"curies":[{"name":"wp","href":"https:\/\/api.w.org\/{rel}","templated":true}]}}