{"id":582853,"date":"2025-03-04T09:43:05","date_gmt":"2025-03-04T08:43:05","guid":{"rendered":"https:\/\/shop.kustom.ch\/?post_type=product&#038;p=582853"},"modified":"2026-03-31T08:36:44","modified_gmt":"2026-03-31T07:36:44","slug":"unterhose-warm-2","status":"publish","type":"product","link":"https:\/\/shop.kustom.ch\/en\/product\/unterhose-warm-2\/","title":{"rendered":"Pants WARM"},"content":{"rendered":"<p>This dual-function garment combines the moisture-wicking properties of synthetic underwear with the thermal insulation properties of merino wool. The warm undergarment consists of two layers that ensure moisture is wicked away from the body to the outer layer, where it is absorbed by the fine-fibre merino wool, perfect for use on colder days, -5\u00b0C to -30\u00b0C.<\/p>\n<p>CLOSURE: Cuffs at the leg ends. DETAILS: Label on the outside. Elasticated waist. FUNCTIONALITY: Recommended temperature -5\u00b0C to -30\u00b0C. MAIN PROPERTIES: Craftsman. Gents. Men. FABRIC: Men. black. Merino wool. Men. Wind \/ wet \/ cold. Rib knit inside. Rib knit inside. Wind \/ wet \/ cold. WASHING INSTRUCTIONS: Use wool detergent. Do not spin<\/p>\n<p>50 % merino wool, 50 % polypropylene, rib knit, moisture-regulating, 235 g\/m\u00b2<\/p>","protected":false},"excerpt":{"rendered":"<p>Diese Doppelfunktionskleidung verbindet die feuchtigkeitsableitenden Eigenschaften von Synthetik-Unterw\u00e4sche mit dem W\u00e4rmeisolationsverm\u00f6gen der Merinowolle. Das warme Unterzieh-Unterteil besteht aus zwei Schichten, die f\u00fcr den Abtransport der Feuchtigkeit weg vom K\u00f6rper in die Aussenschicht sorgen, wo sie von der feinfaserigen Merinowolle absorbiert wird.Perfekt f\u00fcr den Einsatz an k\u00e4lteren Tagen, -5\u00b0C bis -30\u00b0C. ABSCHLUSS: Manschetten an den Beinabschl\u00fcssen. [&hellip;]<\/p>\n","protected":false},"featured_media":582899,"template":"","meta":[],"product_brand":[],"product_cat":[4206],"product_tag":[],"class_list":{"0":"post-582853","1":"product","2":"type-product","3":"status-publish","4":"has-post-thumbnail","6":"product_cat-underwear","7":"pa_brand-blaklaeder","8":"pa_brand-type-workwear","9":"pa_filter-color-schwarz","11":"first","12":"instock","13":"sale","14":"taxable","15":"shipping-taxable","16":"purchasable","17":"product-type-variable","18":"add-to-wishlist-before_image"},"exclude_global_add_ons":[],"addons":[],"acf":[],"_links":{"self":[{"href":"https:\/\/shop.kustom.ch\/en\/wp-json\/wp\/v2\/product\/582853"}],"collection":[{"href":"https:\/\/shop.kustom.ch\/en\/wp-json\/wp\/v2\/product"}],"about":[{"href":"https:\/\/shop.kustom.ch\/en\/wp-json\/wp\/v2\/types\/product"}],"wp:featuredmedia":[{"embeddable":true,"href":"https:\/\/shop.kustom.ch\/en\/wp-json\/wp\/v2\/media\/582899"}],"wp:attachment":[{"href":"https:\/\/shop.kustom.ch\/en\/wp-json\/wp\/v2\/media?parent=582853"}],"wp:term":[{"taxonomy":"product_brand","embeddable":true,"href":"https:\/\/shop.kustom.ch\/en\/wp-json\/wp\/v2\/product_brand?post=582853"},{"taxonomy":"product_cat","embeddable":true,"href":"https:\/\/shop.kustom.ch\/en\/wp-json\/wp\/v2\/product_cat?post=582853"},{"taxonomy":"product_tag","embeddable":true,"href":"https:\/\/shop.kustom.ch\/en\/wp-json\/wp\/v2\/product_tag?post=582853"}],"curies":[{"name":"wp","href":"https:\/\/api.w.org\/{rel}","templated":true}]}}